{"id":11424,"date":"2020-05-30T16:45:36","date_gmt":"2020-05-30T16:45:36","guid":{"rendered":"http:\/\/beantobliss.com\/?page_id=11424"},"modified":"2023-12-19T16:13:44","modified_gmt":"2023-12-19T16:13:44","slug":"inicio","status":"publish","type":"page","link":"https:\/\/beantobliss.com\/en\/","title":{"rendered":"Inicio"},"content":{"rendered":"<div class=\"wpb-content-wrapper\"><div class=\"vc_row wpb_row vc_row-fluid vc_custom_1488545269232\"><div class=\"wpb_column vc_column_container vc_col-sm-12\"><div class=\"vc_column-inner\"><div class=\"wpb_wrapper\"><div class=\"edgtf-row-grid-section\"><div class=\"vc_row wpb_row vc_inner vc_row-fluid\"><div class=\"wpb_column vc_column_container vc_col-sm-12 vc_col-lg-6 vc_col-md-12 vc_col-xs-12\"><div class=\"vc_column-inner\"><div class=\"wpb_wrapper\"><div class=\"edgtf-elements-holder edgtf-one-column edgtf-responsive-mode-768\" ><div class=\"edgtf-eh-item\"  data-item-class=\"edgtf-eh-custom-424508\" data-1280-1600=\"31px 10% 0 0%\" data-1024-1280=\"32px 2% 0 0%\" data-768-1024=\"0 25% 69px 0%\" data-600-768=\"0 11% 69px 0%\" data-480-600=\"0px 0% 70px 0%\" data-480=\"0px 0% 70px 0%\">\n\t<div class=\"edgtf-eh-item-inner\">\n\t\t<div class=\"edgtf-eh-item-content edgtf-eh-custom-424508\" style=\"padding: 33px 10% 0 0%\">\n\t\t\t<div class=\"edgtf-section-title-holder\" style=\"text-align: left\">\n\t\t\t\t\t<h2 class=\"edgtf-st-title\" style=\"font-size: 60px;color: #675295;font-weight: 600\">\n\t\t\t<span>From seed to absolute happiness<\/span>\n\t\t<\/h2>\n\t\t\t\t<p class=\"edgtf-st-text\" style=\"font-size: 25px;line-height: 40px;font-weight: 300;margin-top: 22px\">Bean to Bliss, more than a chocolate shop, is the dream of a restless mind, a dream come true.<\/p>\n\t<\/div><div class=\"vc_empty_space\"   style=\"height: 18px\"><span class=\"vc_empty_space_inner\"><\/span><\/div>\n\t<div class=\"wpb_text_column wpb_content_element\" >\n\t\t<div class=\"wpb_wrapper\">\n\t\t\t<p>Our name means \"From the Seed to Absolute Happiness\" since we believe that everything good comes from a seed: coffee, fruits, animals, our loved ones and above all, CHOCOLATE!<\/p>\n\n\t\t<\/div>\n\t<\/div>\n<div class=\"vc_empty_space\"   style=\"height: 39px\"><span class=\"vc_empty_space_inner\"><\/span><\/div>\t\t<\/div>\n\t<\/div>\n<\/div><\/div><\/div><\/div><\/div><div class=\"wpb_column vc_column_container vc_col-sm-12 vc_col-lg-3 vc_col-md-12 vc_col-xs-12\"><div class=\"vc_column-inner\"><div class=\"wpb_wrapper\"><div class=\"edgtf-elements-holder edgtf-one-column edgtf-responsive-mode-768\" ><div class=\"edgtf-eh-item edgtf-horizontal-alignment-center\"  data-item-class=\"edgtf-eh-custom-779749\" data-768-1024=\"49px 0 70px 0\" data-480-600=\"49px 0 71px 0\" data-480=\"49px 0 71px 0\">\n\t<div class=\"edgtf-eh-item-inner\">\n\t\t<div class=\"edgtf-eh-item-content edgtf-eh-custom-779749\" style=\"padding: 49px 0 110px 0\">\n\t\t\t\n\t<div  class=\"wpb_single_image wpb_content_element vc_align_left wpb_content_element\">\n\t\t\n\t\t<figure class=\"wpb_wrapper vc_figure\">\n\t\t\t<a class=\"\" data-lightbox=\"lightbox[rel-11424-3524587588]\" href=\"https:\/\/beantobliss.com\/wp-content\/uploads\/2021\/10\/img-bean-to-bliss-nosotros-1-1.jpg\" target=\"_self\"><img loading=\"lazy\" decoding=\"async\" width=\"600\" height=\"788\" src=\"https:\/\/beantobliss.com\/wp-content\/uploads\/2021\/10\/img-bean-to-bliss-nosotros-1-1.jpg\" class=\"vc_single_image-img attachment-full\" alt=\"\" title=\"img-bean-to-bliss-nosotros-1\" srcset=\"https:\/\/beantobliss.com\/wp-content\/uploads\/2021\/10\/img-bean-to-bliss-nosotros-1-1.jpg 600w, https:\/\/beantobliss.com\/wp-content\/uploads\/2021\/10\/img-bean-to-bliss-nosotros-1-1-228x300.jpg 228w\" sizes=\"auto, (max-width: 600px) 100vw, 600px\" \/><\/a>\n\t\t<\/figure>\n\t<\/div>\n\t\t<\/div>\n\t<\/div>\n<\/div><\/div><\/div><\/div><\/div><div class=\"wpb_column vc_column_container vc_col-sm-12 vc_col-lg-3 vc_col-md-12 vc_col-xs-12\"><div class=\"vc_column-inner\"><div class=\"wpb_wrapper\"><div class=\"edgtf-elements-holder edgtf-one-column edgtf-responsive-mode-768\" ><div class=\"edgtf-eh-item edgtf-horizontal-alignment-center\"  data-item-class=\"edgtf-eh-custom-538278\">\n\t<div class=\"edgtf-eh-item-inner\">\n\t\t<div class=\"edgtf-eh-item-content edgtf-eh-custom-538278\" style=\"padding: 49px 0 110px 0\">\n\t\t\t\n\t<div  class=\"wpb_single_image wpb_content_element vc_align_left wpb_content_element\">\n\t\t\n\t\t<figure class=\"wpb_wrapper vc_figure\">\n\t\t\t<a class=\"\" data-lightbox=\"lightbox[rel-11424-4475271]\" href=\"https:\/\/beantobliss.com\/wp-content\/uploads\/2021\/10\/img-bean-to-bliss-nosotros-2.jpg\" target=\"_self\"><img loading=\"lazy\" decoding=\"async\" width=\"600\" height=\"788\" src=\"https:\/\/beantobliss.com\/wp-content\/uploads\/2021\/10\/img-bean-to-bliss-nosotros-2.jpg\" class=\"vc_single_image-img attachment-full\" alt=\"\" title=\"img-bean-to-bliss-nosotros-2\" srcset=\"https:\/\/beantobliss.com\/wp-content\/uploads\/2021\/10\/img-bean-to-bliss-nosotros-2.jpg 600w, https:\/\/beantobliss.com\/wp-content\/uploads\/2021\/10\/img-bean-to-bliss-nosotros-2-228x300.jpg 228w\" sizes=\"auto, (max-width: 600px) 100vw, 600px\" \/><\/a>\n\t\t<\/figure>\n\t<\/div>\n\t\t<\/div>\n\t<\/div>\n<\/div><\/div><\/div><\/div><\/div><\/div><\/div><\/div><\/div><\/div><\/div><div class=\"vc_row wpb_row vc_row-fluid\"><div class=\"wpb_column vc_column_container vc_col-sm-12 vc_col-lg-4 vc_col-md-12 vc_col-xs-12\"><div class=\"vc_column-inner\"><div class=\"wpb_wrapper\"><div class=\"edgtf-ib-holder edgtf-ib-info-hover edgtf-ib-info-skin-gray edgtf-info-type-transparent\">\n\t<div class=\"edgtf-ib-holder-inner  edgtf-vertical-middle-align edgtf-has-parallax edgtf-disabled-parallax-on-touch\" style=\"background-image: url(https:\/\/beantobliss.com\/wp-content\/uploads\/2021\/10\/img-bean-to-bliss-bombones-banner.jpg);background-size: cover\"  data-parallax-speed=\"1\">\n\t    <div class=\"edgtf-ib-text-holder\">\n\t\t    <div class=\"edgtf-ib-text-inner edgtf-ib-custom-106298\" data-item-class=\"edgtf-ib-custom-106298\" data-1280=\"150px 14% 150px 14%\" style=\"padding: 238px 20% 238px 20%\">\n\t\t        \t\t            <h3 class=\"edgtf-ib-title\" style=\"color: #ffffff\">Bonbons<\/h3>\n\t\t        \t\t\t\t\t\t            <p class=\"edgtf-ib-text\" style=\"color: #ffffff\">Filled with flavor, perfect for a gift or for a delicious snack!<\/p>\n\t\t        \t\t\t    <a itemprop=\"url\" href=\"http:\/\/beantobliss.com\/en\/sabores\/bombones\/\" target=\"_self\" style=\"color: #ffffff;border-color: rgba(204,204,204,0.8)\" class=\"edgtf-btn edgtf-btn-medium edgtf-btn-outline edgtf-ib-link\"  >    <span class=\"edgtf-btn-text\">See Bonbons<\/span>    <\/a>\t\t\t<\/div>\n\t\t<\/div>\n\t<\/div>\n<\/div><\/div><\/div><\/div><div class=\"wpb_column vc_column_container vc_col-sm-12 vc_col-lg-4 vc_col-md-12 vc_col-xs-12\"><div class=\"vc_column-inner\"><div class=\"wpb_wrapper\"><div class=\"edgtf-ib-holder edgtf-ib-info-hover edgtf-ib-info-skin-gray edgtf-info-type-transparent\">\n\t<div class=\"edgtf-ib-holder-inner  edgtf-vertical-middle-align edgtf-has-parallax edgtf-disabled-parallax-on-touch\" style=\"background-image: url(https:\/\/beantobliss.com\/wp-content\/uploads\/2021\/10\/img-bean-to-bliss-tabletas-banner.jpg);background-size: cover\"  data-parallax-speed=\"1\">\n\t    <div class=\"edgtf-ib-text-holder\">\n\t\t    <div class=\"edgtf-ib-text-inner edgtf-ib-custom-869985\" data-item-class=\"edgtf-ib-custom-869985\" data-1280=\"150px 14% 150px 14%\" style=\"padding: 238px 20% 238px 20%\">\n\t\t        \t\t            <h3 class=\"edgtf-ib-title\" >Tablets<\/h3>\n\t\t        \t\t\t\t\t\t            <p class=\"edgtf-ib-text\" >Stuffed or encrusted that cause an explosion of flavor!<\/p>\n\t\t        \t\t\t    <a itemprop=\"url\" href=\"http:\/\/beantobliss.com\/en\/sabores\/tabletas\/\" target=\"_self\" style=\"color: #ffffff;border-color: rgba(204,204,204,0.8)\" class=\"edgtf-btn edgtf-btn-medium edgtf-btn-outline edgtf-ib-link\"  >    <span class=\"edgtf-btn-text\">See Tablets<\/span>    <\/a>\t\t\t<\/div>\n\t\t<\/div>\n\t<\/div>\n<\/div><\/div><\/div><\/div><div class=\"wpb_column vc_column_container vc_col-sm-12 vc_col-lg-4 vc_col-md-12 vc_col-xs-12\"><div class=\"vc_column-inner\"><div class=\"wpb_wrapper\"><div class=\"edgtf-ib-holder edgtf-ib-info-hover edgtf-ib-info-skin-gray edgtf-info-type-transparent\">\n\t<div class=\"edgtf-ib-holder-inner  edgtf-vertical-middle-align edgtf-has-parallax edgtf-disabled-parallax-on-touch\" style=\"background-image: url(https:\/\/beantobliss.com\/wp-content\/uploads\/2022\/03\/Catalogo_97-1.jpg);background-size: cover\"  data-parallax-speed=\"1\">\n\t    <div class=\"edgtf-ib-text-holder\">\n\t\t    <div class=\"edgtf-ib-text-inner edgtf-ib-custom-785025\" data-item-class=\"edgtf-ib-custom-785025\" data-1280=\"150px 14% 150px 14%\" style=\"padding: 238px 20% 238px 20%\">\n\t\t        \t\t            <h3 class=\"edgtf-ib-title\" >Bliss Beans<\/h3>\n\t\t        \t\t\t\t\t\t            <p class=\"edgtf-ib-text\" >Seed, nut and jelly based dragees, perfect for consumption on-the-go!<\/p>\n\t\t        \t\t\t    <a itemprop=\"url\" href=\"http:\/\/beantobliss.com\/en\/sabores\/blissbeans\/\" target=\"_self\" style=\"color: #ffffff;border-color: rgba(204,204,204,0.8)\" class=\"edgtf-btn edgtf-btn-medium edgtf-btn-outline edgtf-ib-link\"  >    <span class=\"edgtf-btn-text\">See Other Products<\/span>    <\/a>\t\t\t<\/div>\n\t\t<\/div>\n\t<\/div>\n<\/div><\/div><\/div><\/div><\/div><div data-vc-full-width=\"true\" data-vc-full-width-init=\"false\" data-vc-stretch-content=\"true\" class=\"vc_row wpb_row vc_row-fluid vc_custom_1633902076322 vc_row-no-padding\"><div class=\"wpb_column vc_column_container vc_col-sm-12\"><div class=\"vc_column-inner\"><div class=\"wpb_wrapper\"><div class=\"edgtf-elements-holder edgtf-two-columns edgtf-responsive-mode-1024\" ><div class=\"edgtf-eh-item\" style=\"background-image: url(https:\/\/beantobliss.com\/wp-content\/uploads\/2021\/10\/img-home-receta.jpg)\" data-item-class=\"edgtf-eh-custom-231873\">\n\t<div class=\"edgtf-eh-item-inner\">\n\t\t<div class=\"edgtf-eh-item-content edgtf-eh-custom-231873\" style=\"padding: 250px 0 250px 0\">\n\t\t\t\t\t<\/div>\n\t<\/div>\n<\/div><div class=\"edgtf-eh-item\"  data-item-class=\"edgtf-eh-custom-671703\" data-1024-1280=\"0 6% 0 6%\" data-768-1024=\"21px 20% 155px 6%\" data-600-768=\"21px 6% 155px 0%\" data-480-600=\"0 0% 113px 0%\" data-480=\"0 0% 113px 0%\">\n\t<div class=\"edgtf-eh-item-inner\">\n\t\t<div class=\"edgtf-eh-item-content edgtf-eh-custom-671703\" style=\"padding: 0 21% 0 5%\">\n\t\t\t<div class=\"edgtf-section-title-holder\" style=\"text-align: left\">\n\t\t\t\t\t<h2 class=\"edgtf-st-title\" style=\"font-size: 60px;color: #675295;font-weight: 600\">\n\t\t\t<span>The recipe of happiness<\/span>\n\t\t<\/h2>\n\t\t\t\t<p class=\"edgtf-st-text\" style=\"font-size: 25px;line-height: 40px;font-weight: 300;margin-top: 22px\">Chocolate made with lots of joy and love!<\/p>\n\t<\/div><div class=\"vc_empty_space\"   style=\"height: 16px\"><span class=\"vc_empty_space_inner\"><\/span><\/div>\n\t<div class=\"wpb_text_column wpb_content_element\" >\n\t\t<div class=\"wpb_wrapper\">\n\t\t\t<p><span style=\"color: #666666; font-size: 15px; line-height: 27px; font-weight: 300;\">Leave us your email to receive our newsletter!<br \/>\n<\/span><\/p>\n\n\t\t<\/div>\n\t<\/div>\n<div class=\"vc_empty_space\"   style=\"height: 44px\"><span class=\"vc_empty_space_inner\"><\/span><\/div>\n<div class=\"wpcf7 no-js\" id=\"wpcf7-f6535-o1\" lang=\"en-US\" dir=\"ltr\" data-wpcf7-id=\"6535\">\n<div class=\"screen-reader-response\"><p role=\"status\" aria-live=\"polite\" aria-atomic=\"true\"><\/p> <ul><\/ul><\/div>\n<form action=\"\/en\/wp-json\/wp\/v2\/pages\/11424#wpcf7-f6535-o1\" method=\"post\" class=\"wpcf7-form init\" aria-label=\"Contact form\" novalidate=\"novalidate\" data-status=\"init\" data-trp-original-action=\"\/en\/wp-json\/wp\/v2\/pages\/11424#wpcf7-f6535-o1\">\n<fieldset class=\"hidden-fields-container\"><input type=\"hidden\" name=\"_wpcf7\" value=\"6535\" \/><input type=\"hidden\" name=\"_wpcf7_version\" value=\"6.1.5\" \/><input type=\"hidden\" name=\"_wpcf7_locale\" value=\"en_US\" \/><input type=\"hidden\" name=\"_wpcf7_unit_tag\" value=\"wpcf7-f6535-o1\" \/><input type=\"hidden\" name=\"_wpcf7_container_post\" value=\"0\" \/><input type=\"hidden\" name=\"_wpcf7_posted_data_hash\" value=\"\" \/>\n<\/fieldset>\n<div class=\"edgtf-two-columns-form-without-space edgtf-newsletter-form clearfix\">\n\t<div class=\"edgtf-column-left\">\n\t\t<p><span class=\"wpcf7-form-control-wrap\" data-name=\"your-email\"><input size=\"40\" maxlength=\"100\" class=\"wpcf7-form-control wpcf7-email wpcf7-validates-as-required wpcf7-text wpcf7-validates-as-email\" aria-required=\"true\" aria-invalid=\"false\" placeholder=\"Email\" value=\"\" type=\"email\" name=\"your-email\" \/><\/span>\n\t\t<\/p>\n\t<\/div>\n\t<div class=\"edgtf-column-right\">\n\t\t<p><input class=\"wpcf7-form-control wpcf7-submit has-spinner\" type=\"submit\" value=\"Join\" \/>\n\t\t<\/p>\n\t<\/div>\n<\/div><p style=\"display: none !important;\" class=\"akismet-fields-container\" data-prefix=\"_wpcf7_ak_\"><label>&#916;<textarea name=\"_wpcf7_ak_hp_textarea\" cols=\"45\" rows=\"8\" maxlength=\"100\"><\/textarea><\/label><input type=\"hidden\" id=\"ak_js_1\" name=\"_wpcf7_ak_js\" value=\"202\"\/><script>document.getElementById( \"ak_js_1\" ).setAttribute( \"value\", ( new Date() ).getTime() );<\/script><\/p><div class=\"wpcf7-response-output\" aria-hidden=\"true\"><\/div>\n<input type=\"hidden\" name=\"trp-form-language\" value=\"en\"\/><\/form>\n<\/div>\n\t\t<\/div>\n\t<\/div>\n<\/div><\/div><\/div><\/div><\/div><\/div><div class=\"vc_row-full-width vc_clearfix\"><\/div><div class=\"vc_row wpb_row vc_row-fluid edgtf-content-aligment-center\"><div class=\"wpb_column vc_column_container vc_col-sm-12\"><div class=\"vc_column-inner vc_custom_1489754629429\"><div class=\"wpb_wrapper\"><div class=\"edgtf-parallax-holder edgtf-vertical-middle-align edgtf-disabled-parallax-on-touch\" data-parallax-speed=\"1\" style=\"background-image: url(https:\/\/beantobliss.com\/wp-content\/uploads\/2020\/07\/img-home-catalogo.jpg);min-height: 400px;height: 400px\">\n\t<div class=\"edgtf-parallax-inner\">\n\t\t<div class=\"vc_empty_space\"   style=\"height: 100px\"><span class=\"vc_empty_space_inner\"><\/span><\/div><div class=\"edgtf-elements-holder edgtf-one-column edgtf-responsive-mode-768 edgtf-one-column-alignment-center\" ><div class=\"edgtf-eh-item edgtf-horizontal-alignment-center\"  data-item-class=\"edgtf-eh-custom-354920\" data-1280-1600=\"82px 34% 73px 34%\" data-1024-1280=\"30px 32.5% 53px 32.5%\" data-768-1024=\"30px 28% 53px 28%\" data-600-768=\"30px 20% 53px 20%\" data-480-600=\"43px 8% 44px 8%\" data-480=\"43px 8% 44px 8%\">\n\t<div class=\"edgtf-eh-item-inner\">\n\t\t<div class=\"edgtf-eh-item-content edgtf-eh-custom-354920\" style=\"padding: 82px 38% 73px 38%\">\n\t\t\t<div class=\"edgtf-section-title-holder\" style=\"text-align: center\">\n\t\t\t\t\t<h1 class=\"edgtf-st-title\" style=\"font-size: 52px;color: #ffffff;font-weight: 700\">\n\t\t\t<span>Delicious Alternatives<\/span>\n\t\t<\/h1>\n\t\t\t\t<p class=\"edgtf-st-text\" style=\"color: #ffffff;font-size: 24px;line-height: 30px\">Get to know our catalog of chocolates and flavors!<\/p>\n\t<\/div><div class=\"vc_empty_space\"   style=\"height: 32px\"><span class=\"vc_empty_space_inner\"><\/span><\/div><a itemprop=\"url\" href=\"http:\/\/beantobliss.com\/en\/sabores\/\" target=\"_blank\" style=\"color: #ffffff;background-color: rgba(255,255,255,0.01);border-color: #bfbab9;font-size: 15px\" class=\"edgtf-btn edgtf-btn-medium edgtf-btn-solid\"  >\n    <span class=\"edgtf-btn-text\">See catalog<\/span>\n    <\/a>\t\t<\/div>\n\t<\/div>\n<\/div><\/div><div class=\"vc_empty_space\"   style=\"height: 100px\"><span class=\"vc_empty_space_inner\"><\/span><\/div>\t<\/div>\n<\/div>\n<\/div><\/div><\/div><\/div><div class=\"vc_row wpb_row vc_row-fluid vc_custom_1488545276640\"><div class=\"wpb_column vc_column_container vc_col-sm-12\"><div class=\"vc_column-inner\"><div class=\"wpb_wrapper\"><div class=\"edgtf-row-grid-section\"><div class=\"vc_row wpb_row vc_inner vc_row-fluid\"><div class=\"wpb_column vc_column_container vc_col-sm-12 vc_col-lg-6 vc_col-md-12 vc_col-xs-12\"><div class=\"vc_column-inner\"><div class=\"wpb_wrapper\"><div class=\"edgtf-elements-holder edgtf-one-column edgtf-responsive-mode-768\" ><div class=\"edgtf-eh-item\"  data-item-class=\"edgtf-eh-custom-955043\" data-1024-1280=\"33px 0% 0px 0%\" data-768-1024=\"28px 27% 71px 0%\" data-600-768=\"28px 8% 71px 0%\" data-480-600=\"35px 0% 70px 0%\" data-480=\"35px 0% 70px 0%\">\n\t<div class=\"edgtf-eh-item-inner\">\n\t\t<div class=\"edgtf-eh-item-content edgtf-eh-custom-955043\" style=\"padding: 32px 12% 0px 0%\">\n\t\t\t<div class=\"edgtf-section-title-holder\" style=\"text-align: left\">\n\t\t\t\t\t<h2 class=\"edgtf-st-title\" style=\"font-size: 60px;color: #675295;font-weight: 600;letter-spacing: 0px\">\n\t\t\t<span>Events and Companies<\/span>\n\t\t<\/h2>\n\t\t\t\t<p class=\"edgtf-st-text\" style=\"font-size: 25px;line-height: 40px;font-weight: 300;margin-top: 22px\">Do you want to show gratitude to your clients, collaborators or loved ones? At Bean to Bliss we make it possible!<\/p>\n\t<\/div><div class=\"vc_empty_space\"   style=\"height: 19px\"><span class=\"vc_empty_space_inner\"><\/span><\/div>\n\t<div class=\"wpb_text_column wpb_content_element\" >\n\t\t<div class=\"wpb_wrapper\">\n\t\t\t<p>What better detail than happiness in a bite with delicious chocolate-based confections from our wide catalog of flavors and styles!<\/p>\n\n\t\t<\/div>\n\t<\/div>\n<div class=\"vc_empty_space\"   style=\"height: 39px\"><span class=\"vc_empty_space_inner\"><\/span><\/div><a itemprop=\"url\" href=\"http:\/\/beantobliss.com\/en\/cotizaciones\/\" target=\"_blank\" style=\"color: #ffffff;background-color: #675295;border-color: #675295;font-size: 12px;font-weight: 600;margin: 0 0 18px 0\" class=\"edgtf-btn edgtf-btn-medium edgtf-btn-solid edgtf-btn-custom-hover-bg edgtf-btn-custom-border-hover edgtf-btn-custom-hover-color\" data-hover-color=\"#ffffff\" data-hover-bg-color=\"#5dc7d0\" data-hover-border-color=\"#5dc7d0\" >\n    <span class=\"edgtf-btn-text\">Learn how<\/span>\n    <\/a>\t\t<\/div>\n\t<\/div>\n<\/div><\/div><\/div><\/div><\/div><div class=\"wpb_column vc_column_container vc_col-sm-12 vc_col-lg-3 vc_col-md-12 vc_col-xs-12\"><div class=\"vc_column-inner\"><div class=\"wpb_wrapper\"><div class=\"edgtf-elements-holder edgtf-one-column edgtf-responsive-mode-768\" ><div class=\"edgtf-eh-item edgtf-horizontal-alignment-center\"  data-item-class=\"edgtf-eh-custom-606387\" data-768-1024=\"49px 0 70px 0\" data-480-600=\"49px 0 72px 0\" data-480=\"49px 0 72px 0\">\n\t<div class=\"edgtf-eh-item-inner\">\n\t\t<div class=\"edgtf-eh-item-content edgtf-eh-custom-606387\" style=\"padding: 49px 0 109px 0\">\n\t\t\t\n\t<div  class=\"wpb_single_image wpb_content_element vc_align_left wpb_content_element\">\n\t\t\n\t\t<figure class=\"wpb_wrapper vc_figure\">\n\t\t\t<a class=\"\" data-lightbox=\"lightbox[rel-11424-3567686193]\" href=\"https:\/\/beantobliss.com\/wp-content\/uploads\/2021\/12\/Prod_Bean_to_Bliss_38-819x1024.jpg\" target=\"_self\"><img loading=\"lazy\" decoding=\"async\" width=\"1280\" height=\"1600\" src=\"https:\/\/beantobliss.com\/wp-content\/uploads\/2021\/12\/Prod_Bean_to_Bliss_38.jpg\" class=\"vc_single_image-img attachment-full\" alt=\"Irish Completo\" title=\"Bean To Bliss\" srcset=\"https:\/\/beantobliss.com\/wp-content\/uploads\/2021\/12\/Prod_Bean_to_Bliss_38.jpg 1280w, https:\/\/beantobliss.com\/wp-content\/uploads\/2021\/12\/Prod_Bean_to_Bliss_38-240x300.jpg 240w, https:\/\/beantobliss.com\/wp-content\/uploads\/2021\/12\/Prod_Bean_to_Bliss_38-819x1024.jpg 819w, https:\/\/beantobliss.com\/wp-content\/uploads\/2021\/12\/Prod_Bean_to_Bliss_38-768x960.jpg 768w, https:\/\/beantobliss.com\/wp-content\/uploads\/2021\/12\/Prod_Bean_to_Bliss_38-1229x1536.jpg 1229w, https:\/\/beantobliss.com\/wp-content\/uploads\/2021\/12\/Prod_Bean_to_Bliss_38-600x750.jpg 600w\" sizes=\"auto, (max-width: 1280px) 100vw, 1280px\" \/><\/a>\n\t\t<\/figure>\n\t<\/div>\n\t\t<\/div>\n\t<\/div>\n<\/div><\/div><\/div><\/div><\/div><div class=\"wpb_column vc_column_container vc_col-sm-12 vc_col-lg-3 vc_col-md-12 vc_col-xs-12\"><div class=\"vc_column-inner\"><div class=\"wpb_wrapper\"><div class=\"edgtf-elements-holder edgtf-one-column edgtf-responsive-mode-768\" ><div class=\"edgtf-eh-item edgtf-horizontal-alignment-center\"  data-item-class=\"edgtf-eh-custom-131670\" data-768-1024=\"49px 0 109px 0\">\n\t<div class=\"edgtf-eh-item-inner\">\n\t\t<div class=\"edgtf-eh-item-content edgtf-eh-custom-131670\" style=\"padding: 49px 0 109px 0\">\n\t\t\t\n\t<div  class=\"wpb_single_image wpb_content_element vc_align_left wpb_content_element\">\n\t\t\n\t\t<figure class=\"wpb_wrapper vc_figure\">\n\t\t\t<a class=\"\" data-lightbox=\"lightbox[rel-11424-1798912836]\" href=\"https:\/\/beantobliss.com\/wp-content\/uploads\/2021\/12\/Prod_Bean_to_Bliss_45-819x1024.jpg\" target=\"_self\"><img loading=\"lazy\" decoding=\"async\" width=\"1280\" height=\"1600\" src=\"https:\/\/beantobliss.com\/wp-content\/uploads\/2021\/12\/Prod_Bean_to_Bliss_45.jpg\" class=\"vc_single_image-img attachment-full\" alt=\"Cappuccinut\" title=\"Bean To Bliss\" srcset=\"https:\/\/beantobliss.com\/wp-content\/uploads\/2021\/12\/Prod_Bean_to_Bliss_45.jpg 1280w, https:\/\/beantobliss.com\/wp-content\/uploads\/2021\/12\/Prod_Bean_to_Bliss_45-240x300.jpg 240w, https:\/\/beantobliss.com\/wp-content\/uploads\/2021\/12\/Prod_Bean_to_Bliss_45-819x1024.jpg 819w, https:\/\/beantobliss.com\/wp-content\/uploads\/2021\/12\/Prod_Bean_to_Bliss_45-768x960.jpg 768w, https:\/\/beantobliss.com\/wp-content\/uploads\/2021\/12\/Prod_Bean_to_Bliss_45-1229x1536.jpg 1229w, https:\/\/beantobliss.com\/wp-content\/uploads\/2021\/12\/Prod_Bean_to_Bliss_45-600x750.jpg 600w\" sizes=\"auto, (max-width: 1280px) 100vw, 1280px\" \/><\/a>\n\t\t<\/figure>\n\t<\/div>\n\t\t<\/div>\n\t<\/div>\n<\/div><\/div><\/div><\/div><\/div><\/div><\/div><\/div><\/div><\/div><\/div>\n<\/div>","protected":false},"excerpt":{"rendered":"De la semilla a la felicidad absoluta Bean to Bliss, m\u00e1s que una chocolater\u00eda, es el sue\u00f1o de una mente inquieta, un sue\u00f1o convertido en realidad. Nuestro nombre significa \u201cDe la Semilla a la Felicidad Absoluta\u201d ya que consideramos que [...]","protected":false},"author":1,"featured_media":0,"parent":0,"menu_order":0,"comment_status":"closed","ping_status":"closed","template":"full-width.php","meta":{"_joinchat":[],"footnotes":""},"class_list":["post-11424","page","type-page","status-publish","hentry"],"_links":{"self":[{"href":"https:\/\/beantobliss.com\/en\/wp-json\/wp\/v2\/pages\/11424","targetHints":{"allow":["GET"]}}],"collection":[{"href":"https:\/\/beantobliss.com\/en\/wp-json\/wp\/v2\/pages"}],"about":[{"href":"https:\/\/beantobliss.com\/en\/wp-json\/wp\/v2\/types\/page"}],"author":[{"embeddable":true,"href":"https:\/\/beantobliss.com\/en\/wp-json\/wp\/v2\/users\/1"}],"replies":[{"embeddable":true,"href":"https:\/\/beantobliss.com\/en\/wp-json\/wp\/v2\/comments?post=11424"}],"version-history":[{"count":0,"href":"https:\/\/beantobliss.com\/en\/wp-json\/wp\/v2\/pages\/11424\/revisions"}],"wp:attachment":[{"href":"https:\/\/beantobliss.com\/en\/wp-json\/wp\/v2\/media?parent=11424"}],"curies":[{"name":"wp","href":"https:\/\/api.w.org\/{rel}","templated":true}]}}