{"id":11426,"date":"2020-05-30T18:38:04","date_gmt":"2020-05-30T18:38:04","guid":{"rendered":"http:\/\/beantobliss.com\/?page_id=11426"},"modified":"2025-04-28T18:40:11","modified_gmt":"2025-04-28T18:40:11","slug":"nosotros","status":"publish","type":"page","link":"https:\/\/beantobliss.com\/en\/nosotros\/","title":{"rendered":"About Us"},"content":{"rendered":"<div class=\"wpb-content-wrapper\"><div class=\"vc_row wpb_row vc_row-fluid vc_custom_1594396493286\"><div class=\"wpb_column vc_column_container vc_col-sm-12\"><div class=\"vc_column-inner\"><div class=\"wpb_wrapper\"><div class=\"edgtf-row-grid-section\"><div class=\"vc_row wpb_row vc_inner vc_row-fluid vc_row-o-equal-height vc_row-o-content-middle vc_row-flex\"><div class=\"wpb_column vc_column_container vc_col-sm-12 vc_col-lg-6 vc_col-md-12\"><div class=\"vc_column-inner\"><div class=\"wpb_wrapper\"><div class=\"edgtf-elements-holder edgtf-one-column edgtf-responsive-mode-768\" ><div class=\"edgtf-eh-item edgtf-element-from-fade\"  data-item-class=\"edgtf-eh-custom-780667\" data-animation=\"edgtf-element-from-fade\" data-1024-1280=\"34px 8% 50px 0%\" data-768-1024=\"0 25% 74px 0%\" data-600-768=\"0 12% 74px 0%\" data-480-600=\"1px 0% 72px 0%\" data-480=\"1px 0% 72px 0%\">\n\t<div class=\"edgtf-eh-item-inner\">\n\t\t<div class=\"edgtf-eh-item-content edgtf-eh-custom-780667\" style=\"padding: 34px 10% 50px 0%\">\n\t\t\t<div class=\"edgtf-section-title-holder\" style=\"text-align: left\">\n\t\t\t\t\t<h2 class=\"edgtf-st-title\" style=\"font-size: 60px;color: #675295;font-weight: 600\">\n\t\t\t<span>From seed to absolute happiness<\/span>\n\t\t<\/h2>\n\t\t\t\t<p class=\"edgtf-st-text\" style=\"font-size: 25px;line-height: 40px;font-weight: 300;margin-top: 22px\">More than a chocolate shop, it is the dream of a restless mind, a dream come true.<\/p>\n\t<\/div><div class=\"vc_empty_space\"   style=\"height: 19px\"><span class=\"vc_empty_space_inner\"><\/span><\/div>\n\t<div class=\"wpb_text_column wpb_content_element\" >\n\t\t<div class=\"wpb_wrapper\">\n\t\t\t<p>Our name means \"From the Seed to Absolute Happiness\" because we believe that everything good comes from a little seed, from the cocoa with which our chocolate is made to the fresh fruits we use, even human beings come from a small seed, whose humble origin is similar to ours. \ud83c\udf31<\/p>\n<p>&nbsp;<\/p>\n<p>Somos una chocolater\u00eda de autor 100% costarricense, especializada en bomboner\u00eda con dise\u00f1os que unen nuestra pasi\u00f3n no solo por el buen chocolate sino tambi\u00e9n por el arte! \ud83d\udd8c\ufe0f<\/p>\n<p>&nbsp;<\/p>\n<p>Our proposal is eclectic in a country that by itself is also eclectic. We have bases of European and North American chocolate, but with the Latin American spirit and joy.<\/p>\n\n\t\t<\/div>\n\t<\/div>\n<div class=\"vc_empty_space\"   style=\"height: 25px\"><span class=\"vc_empty_space_inner\"><\/span><\/div>\t\t<\/div>\n\t<\/div>\n<\/div><\/div><\/div><\/div><\/div><div class=\"wpb_column vc_column_container vc_col-sm-12 vc_col-lg-6 vc_col-md-12 vc_col-xs-12\"><div class=\"vc_column-inner\"><div class=\"wpb_wrapper\"><div class=\"edgtf-elements-holder edgtf-one-column edgtf-responsive-mode-768\" ><div class=\"edgtf-eh-item edgtf-horizontal-alignment-center\"  data-item-class=\"edgtf-eh-custom-374705\" data-768-1024=\"51px 0 74px 0\" data-480-600=\"51px 0 75px 0\" data-480=\"51px 0 75px 0\">\n\t<div class=\"edgtf-eh-item-inner\">\n\t\t<div class=\"edgtf-eh-item-content edgtf-eh-custom-374705\" style=\"padding: 44px 0 25px 0\">\n\t\t\t\n\t<div  class=\"wpb_single_image wpb_content_element vc_align_left wpb_content_element wpb_animate_when_almost_visible wpb_fadeIn fadeIn\">\n\t\t\n\t\t<figure class=\"wpb_wrapper vc_figure\">\n\t\t\t<a href=\"#\" target=\"_self\" class=\"vc_single_image-wrapper   vc_box_border_grey\"><img loading=\"lazy\" decoding=\"async\" width=\"1600\" height=\"1600\" src=\"https:\/\/beantobliss.com\/wp-content\/uploads\/2022\/08\/Catalogo_Agosto_35.jpg\" class=\"vc_single_image-img attachment-full\" alt=\"\" title=\"Bean To Bliss\" srcset=\"https:\/\/beantobliss.com\/wp-content\/uploads\/2022\/08\/Catalogo_Agosto_35.jpg 1600w, https:\/\/beantobliss.com\/wp-content\/uploads\/2022\/08\/Catalogo_Agosto_35-300x300.jpg 300w, https:\/\/beantobliss.com\/wp-content\/uploads\/2022\/08\/Catalogo_Agosto_35-1024x1024.jpg 1024w, https:\/\/beantobliss.com\/wp-content\/uploads\/2022\/08\/Catalogo_Agosto_35-150x150.jpg 150w, https:\/\/beantobliss.com\/wp-content\/uploads\/2022\/08\/Catalogo_Agosto_35-768x768.jpg 768w, https:\/\/beantobliss.com\/wp-content\/uploads\/2022\/08\/Catalogo_Agosto_35-1536x1536.jpg 1536w, https:\/\/beantobliss.com\/wp-content\/uploads\/2022\/08\/Catalogo_Agosto_35-550x550.jpg 550w, https:\/\/beantobliss.com\/wp-content\/uploads\/2022\/08\/Catalogo_Agosto_35-1100x1100.jpg 1100w\" sizes=\"auto, (max-width: 1600px) 100vw, 1600px\" \/><\/a>\n\t\t<\/figure>\n\t<\/div>\n\t\t<\/div>\n\t<\/div>\n<\/div><\/div><\/div><\/div><\/div><\/div><\/div><\/div><\/div><\/div><\/div><div class=\"vc_row wpb_row vc_row-fluid vc_custom_1594397102713\"><div class=\"wpb_column vc_column_container vc_col-sm-12\"><div class=\"vc_column-inner\"><div class=\"wpb_wrapper\"><div class=\"edgtf-row-grid-section\"><div class=\"vc_row wpb_row vc_inner vc_row-fluid vc_row-o-equal-height vc_row-o-content-middle vc_row-flex\"><div class=\"wpb_column vc_column_container vc_col-sm-12 vc_col-lg-6 vc_col-md-12\"><div class=\"vc_column-inner\"><div class=\"wpb_wrapper\"><div class=\"edgtf-elements-holder edgtf-one-column edgtf-responsive-mode-768\" ><div class=\"edgtf-eh-item edgtf-element-from-fade\"  data-item-class=\"edgtf-eh-custom-214091\" data-animation=\"edgtf-element-from-fade\" data-1024-1280=\"34px 8% 50px 0%\" data-768-1024=\"0 25% 74px 0%\" data-600-768=\"0 12% 74px 0%\" data-480-600=\"1px 0% 72px 0%\" data-480=\"1px 0% 72px 0%\">\n\t<div class=\"edgtf-eh-item-inner\">\n\t\t<div class=\"edgtf-eh-item-content edgtf-eh-custom-214091\" style=\"padding: 34px 10% 50px 0%\">\n\t\t\t\n\t<div  class=\"wpb_single_image wpb_content_element vc_align_left wpb_content_element\">\n\t\t\n\t\t<figure class=\"wpb_wrapper vc_figure\">\n\t\t\t<a href=\"#\" target=\"_self\" class=\"vc_single_image-wrapper   vc_box_border_grey\"><img loading=\"lazy\" decoding=\"async\" width=\"1067\" height=\"1600\" src=\"https:\/\/beantobliss.com\/wp-content\/uploads\/2022\/08\/Retratos_18.jpg\" class=\"vc_single_image-img attachment-full\" alt=\"\" title=\"Bean To Bliss\" srcset=\"https:\/\/beantobliss.com\/wp-content\/uploads\/2022\/08\/Retratos_18.jpg 1067w, https:\/\/beantobliss.com\/wp-content\/uploads\/2022\/08\/Retratos_18-200x300.jpg 200w, https:\/\/beantobliss.com\/wp-content\/uploads\/2022\/08\/Retratos_18-683x1024.jpg 683w, https:\/\/beantobliss.com\/wp-content\/uploads\/2022\/08\/Retratos_18-768x1152.jpg 768w, https:\/\/beantobliss.com\/wp-content\/uploads\/2022\/08\/Retratos_18-1024x1536.jpg 1024w\" sizes=\"auto, (max-width: 1067px) 100vw, 1067px\" \/><\/a>\n\t\t<\/figure>\n\t<\/div>\n\t\t<\/div>\n\t<\/div>\n<\/div><\/div><\/div><\/div><\/div><div class=\"wpb_column vc_column_container vc_col-sm-12 vc_col-lg-6 vc_col-md-12 vc_col-xs-12\"><div class=\"vc_column-inner\"><div class=\"wpb_wrapper\"><div class=\"edgtf-elements-holder edgtf-one-column edgtf-responsive-mode-768\" ><div class=\"edgtf-eh-item edgtf-horizontal-alignment-center edgtf-element-from-fade\"  data-item-class=\"edgtf-eh-custom-114077\" data-animation=\"edgtf-element-from-fade\" data-768-1024=\"51px 0 74px 0\" data-480-600=\"51px 0 75px 0\" data-480=\"51px 0 75px 0\">\n\t<div class=\"edgtf-eh-item-inner\">\n\t\t<div class=\"edgtf-eh-item-content edgtf-eh-custom-114077\" style=\"padding: 44px 0 25px 0\">\n\t\t\t<div class=\"edgtf-section-title-holder\" style=\"text-align: left\">\n\t\t\t\t\t<h2 class=\"edgtf-st-title\" style=\"font-size: 60px;color: #5dc7d0;font-weight: 600;letter-spacing: 0px\">\n\t\t\t<span>Hello! I am Sylvia...!<\/span>\n\t\t<\/h2>\n\t\t\t\t<p class=\"edgtf-st-text\" style=\"font-size: 25px;line-height: 40px;font-weight: 300;margin-top: 22px\">The creative mind behind Bean to Bliss<\/p>\n\t<\/div><div class=\"vc_empty_space\"   style=\"height: 25px\"><span class=\"vc_empty_space_inner\"><\/span><\/div>\n\t<div class=\"wpb_text_column wpb_content_element\" >\n\t\t<div class=\"wpb_wrapper\">\n\t\t\t<p>\u2026Professional chocolatier, I am the one who has been sculpting for several years what is today the Bean to Bliss Chocolate Shop: a different proposal of products based on real chocolate in Costa Rica; a project attached to world trends in the matter. \ud83d\ude80<\/p>\n<p>&nbsp;<\/p>\n<p>My intention with Bean to Bliss goes beyond the simple fact of selling a box of chocolates, I really believe that I can deposit grams of happiness and good energy in each of my chocolates and products. \u2728 I want to believe that at Bean to Bliss we positively change lives, one sweetie at a time... The first one was mine \ud83d\udc96<\/p>\n<p>&nbsp;<\/p>\n<p>I have always admired the craft professions, the processes inherited over time, the love for what is done. In the Chocolater\u00eda I found a reason to live and the personal duty to return the real meaning of what an artisanal job implies.<\/p>\n<p>&nbsp;<\/p>\n<p>I believe that there is always room for improvement, but I work hard to offer the best products that my hands, mind and heart can create. \ud83d\udc96<\/p>\n<p>&nbsp;<\/p>\n<p>Bean to Bliss is a dream come true and it's time to share it with everyone, because good things are shared!<\/p>\n\n\t\t<\/div>\n\t<\/div>\n<div class=\"vc_empty_space\"   style=\"height: 31px\"><span class=\"vc_empty_space_inner\"><\/span><\/div>\t\t<\/div>\n\t<\/div>\n<\/div><\/div><\/div><\/div><\/div><\/div><\/div><\/div><\/div><\/div><\/div><div class=\"vc_row wpb_row vc_row-fluid vc_custom_1594397102713\"><div class=\"wpb_column vc_column_container vc_col-sm-12\"><div class=\"vc_column-inner\"><div class=\"wpb_wrapper\"><div class=\"edgtf-row-grid-section\"><div class=\"vc_row wpb_row vc_inner vc_row-fluid vc_row-o-equal-height vc_row-o-content-middle vc_row-flex\"><div class=\"wpb_column vc_column_container vc_col-sm-12 vc_col-lg-6 vc_col-md-12\"><div class=\"vc_column-inner\"><div class=\"wpb_wrapper\"><div class=\"edgtf-elements-holder edgtf-one-column edgtf-responsive-mode-768\" ><div class=\"edgtf-eh-item edgtf-horizontal-alignment-center edgtf-element-from-fade\"  data-item-class=\"edgtf-eh-custom-863104\" data-animation=\"edgtf-element-from-fade\" data-768-1024=\"51px 0 74px 0\" data-480-600=\"51px 0 75px 0\" data-480=\"51px 0 75px 0\">\n\t<div class=\"edgtf-eh-item-inner\">\n\t\t<div class=\"edgtf-eh-item-content edgtf-eh-custom-863104\" style=\"padding: 44px 0 25px 0\">\n\t\t\t<div class=\"edgtf-section-title-holder\" style=\"text-align: left\">\n\t\t\t\t\t<h2 class=\"edgtf-st-title\" style=\"font-size: 60px;color: #5dc7d0;font-weight: 600;letter-spacing: 0px\">\n\t\t\t<span>I am Harvey...<\/span>\n\t\t<\/h2>\n\t\t\t\t<p class=\"edgtf-st-text\" style=\"font-size: 25px;line-height: 40px;font-weight: 300;margin-top: 22px\">The main person responsible for turning Bean to Bliss from a dream to a reality...<\/p>\n\t<\/div><div class=\"vc_empty_space\"   style=\"height: 25px\"><span class=\"vc_empty_space_inner\"><\/span><\/div>\n\t<div class=\"wpb_text_column wpb_content_element\" >\n\t\t<div class=\"wpb_wrapper\">\n\t\t\t<p>\u2026Before husbands, Silvia is my best friend, which is why I did not hesitate to encourage her to fulfill her dreams: from enrolling her (without her realizing it) in a scholarship contest for a master's degree in Europe, to, once there; drive a little over 1,240 km in a rented camper so that she could study what she had wanted so much for a couple of years by then: Professional Chocolatier.<\/p>\n<p>&nbsp;<\/p>\n<p>She had the ability, the discipline, and the passion, and I had the drive, the desire, and the courage to take risks without fear, because that is what those of us who are passionate about business do, those of us who somehow carry an entrepreneur inside of us. innate.<\/p>\n<p>&nbsp;<\/p>\n<p>Bean to Bliss is my safe and quiet place, my de-stress from my profession; That is why when I am not at work, you will see me in the Chocolate shop serving, or putting together packages or simply enjoying my moment there with friends, where everyone who comes with good energy will always have a place not only in the Chocolate shop but also in our lives. \ud83d\ude0e<\/p>\n\n\t\t<\/div>\n\t<\/div>\n<div class=\"vc_empty_space\"   style=\"height: 31px\"><span class=\"vc_empty_space_inner\"><\/span><\/div>\t\t<\/div>\n\t<\/div>\n<\/div><\/div><\/div><\/div><\/div><div class=\"wpb_column vc_column_container vc_col-sm-12 vc_col-lg-6 vc_col-md-12 vc_col-xs-12\"><div class=\"vc_column-inner\"><div class=\"wpb_wrapper\"><div class=\"edgtf-elements-holder edgtf-one-column edgtf-responsive-mode-768\" ><div class=\"edgtf-eh-item edgtf-element-from-fade\"  data-item-class=\"edgtf-eh-custom-199908\" data-animation=\"edgtf-element-from-fade\" data-1024-1280=\"34px 8% 50px 0%\" data-768-1024=\"0 25% 74px 0%\" data-600-768=\"0 12% 74px 0%\" data-480-600=\"1px 0% 72px 0%\" data-480=\"1px 0% 72px 0%\">\n\t<div class=\"edgtf-eh-item-inner\">\n\t\t<div class=\"edgtf-eh-item-content edgtf-eh-custom-199908\" style=\"padding: 34px 10% 50px 0%\">\n\t\t\t\n\t<div  class=\"wpb_single_image wpb_content_element vc_align_left wpb_content_element\">\n\t\t\n\t\t<figure class=\"wpb_wrapper vc_figure\">\n\t\t\t<a href=\"#\" target=\"_self\" class=\"vc_single_image-wrapper   vc_box_border_grey\"><img loading=\"lazy\" decoding=\"async\" width=\"1707\" height=\"2560\" src=\"https:\/\/beantobliss.com\/wp-content\/uploads\/2023\/07\/IMG_3553-scaled.jpg\" class=\"vc_single_image-img attachment-full\" alt=\"\" title=\"Harvey, Personal Brand\" srcset=\"https:\/\/beantobliss.com\/wp-content\/uploads\/2023\/07\/IMG_3553-scaled.jpg 1707w, https:\/\/beantobliss.com\/wp-content\/uploads\/2023\/07\/IMG_3553-200x300.jpg 200w, https:\/\/beantobliss.com\/wp-content\/uploads\/2023\/07\/IMG_3553-683x1024.jpg 683w, https:\/\/beantobliss.com\/wp-content\/uploads\/2023\/07\/IMG_3553-768x1151.jpg 768w, https:\/\/beantobliss.com\/wp-content\/uploads\/2023\/07\/IMG_3553-1024x1536.jpg 1024w, https:\/\/beantobliss.com\/wp-content\/uploads\/2023\/07\/IMG_3553-1366x2048.jpg 1366w\" sizes=\"auto, (max-width: 1707px) 100vw, 1707px\" \/><\/a>\n\t\t<\/figure>\n\t<\/div>\n\t\t<\/div>\n\t<\/div>\n<\/div><\/div><\/div><\/div><\/div><\/div><\/div><\/div><\/div><\/div><\/div><div class=\"vc_row wpb_row vc_row-fluid edgtf-content-aligment-center\"><div class=\"wpb_column vc_column_container vc_col-sm-12\"><div class=\"vc_column-inner vc_custom_1489754629429\"><div class=\"wpb_wrapper\"><div class=\"edgtf-parallax-holder edgtf-vertical-middle-align edgtf-disabled-parallax-on-touch\" data-parallax-speed=\"1\" style=\"background-image: url(https:\/\/beantobliss.com\/wp-content\/uploads\/2020\/07\/img-home-catalogo-2.jpg);min-height: 400px;height: 400px\">\n\t<div class=\"edgtf-parallax-inner\">\n\t\t<div class=\"vc_empty_space\"   style=\"height: 100px\"><span class=\"vc_empty_space_inner\"><\/span><\/div><div class=\"edgtf-elements-holder edgtf-one-column edgtf-responsive-mode-768\" ><div class=\"edgtf-eh-item edgtf-element-from-fade\"  data-item-class=\"edgtf-eh-custom-289078\" data-animation=\"edgtf-element-from-fade\" data-1280-1600=\"82px 25% 73px 25%\" data-1024-1280=\"30px 25% 53px 25%\" data-768-1024=\"30px 28% 53px 28%\" data-600-768=\"30px 20% 53px 20%\" data-480-600=\"43px 8% 44px 8%\" data-480=\"43px 8% 44px 8%\">\n\t<div class=\"edgtf-eh-item-inner\">\n\t\t<div class=\"edgtf-eh-item-content edgtf-eh-custom-289078\" style=\"padding: 82px 20% 73px 20%\">\n\t\t\t<div class=\"edgtf-section-title-holder\" style=\"text-align: center\">\n\t\t\t\t\t<h1 class=\"edgtf-st-title\" style=\"font-size: 60px;color: #ffffff;font-weight: 700;letter-spacing: 0px\">\n\t\t\t<span>MADE WITH LOVE!<\/span>\n\t\t<\/h1>\n\t\t\t\t<p class=\"edgtf-st-text\" style=\"color: #ffffff;font-size: 20px;line-height: 30px;font-weight: 300;margin-top: 22px\">Get to know our catalog of flavors and find a unique experience!<\/p>\n\t<\/div><div class=\"vc_empty_space\"   style=\"height: 32px\"><span class=\"vc_empty_space_inner\"><\/span><\/div><a itemprop=\"url\" href=\"http:\/\/beantobliss.com\/en\/sabores\/\" target=\"_blank\" style=\"color: #ffffff;background-color: rgba(255,255,255,0.01);border-color: #bfbab9;font-size: 15px\" class=\"edgtf-btn edgtf-btn-medium edgtf-btn-solid\"  >\n    <span class=\"edgtf-btn-text\">See catalog<\/span>\n    <\/a>\t\t<\/div>\n\t<\/div>\n<\/div><\/div><div class=\"vc_empty_space\"   style=\"height: 100px\"><span class=\"vc_empty_space_inner\"><\/span><\/div>\t<\/div>\n<\/div>\n<\/div><\/div><\/div><\/div>\n<\/div>","protected":false},"excerpt":{"rendered":"De la semilla a la felicidad absoluta M\u00e1s que una chocolater\u00eda, es el sue\u00f1o de una mente inquieta, un sue\u00f1o convertido en realidad. Nuestro nombre significa \"De la Semilla a la Felicidad Absoluta\" porque creemos que todo lo bueno viene [...]","protected":false},"author":1,"featured_media":0,"parent":0,"menu_order":0,"comment_status":"closed","ping_status":"closed","template":"full-width.php","meta":{"_joinchat":[],"footnotes":""},"class_list":["post-11426","page","type-page","status-publish","hentry"],"_links":{"self":[{"href":"https:\/\/beantobliss.com\/en\/wp-json\/wp\/v2\/pages\/11426","targetHints":{"allow":["GET"]}}],"collection":[{"href":"https:\/\/beantobliss.com\/en\/wp-json\/wp\/v2\/pages"}],"about":[{"href":"https:\/\/beantobliss.com\/en\/wp-json\/wp\/v2\/types\/page"}],"author":[{"embeddable":true,"href":"https:\/\/beantobliss.com\/en\/wp-json\/wp\/v2\/users\/1"}],"replies":[{"embeddable":true,"href":"https:\/\/beantobliss.com\/en\/wp-json\/wp\/v2\/comments?post=11426"}],"version-history":[{"count":0,"href":"https:\/\/beantobliss.com\/en\/wp-json\/wp\/v2\/pages\/11426\/revisions"}],"wp:attachment":[{"href":"https:\/\/beantobliss.com\/en\/wp-json\/wp\/v2\/media?parent=11426"}],"curies":[{"name":"wp","href":"https:\/\/api.w.org\/{rel}","templated":true}]}}