{"id":11430,"date":"2020-05-30T18:43:04","date_gmt":"2020-05-30T18:43:04","guid":{"rendered":"http:\/\/beantobliss.com\/?page_id=11430"},"modified":"2026-02-12T17:45:21","modified_gmt":"2026-02-12T17:45:21","slug":"contactanos","status":"publish","type":"page","link":"https:\/\/beantobliss.com\/en\/contactanos\/","title":{"rendered":"Contact Us"},"content":{"rendered":"<div class=\"wpb-content-wrapper\"><div class=\"edgtf-row-grid-section\"><div class=\"vc_row wpb_row vc_row-fluid vc_custom_1490867016043\"><div class=\"wpb_column vc_column_container vc_col-sm-12\"><div class=\"vc_column-inner\"><div class=\"wpb_wrapper\"><div class=\"edgtf-elements-holder edgtf-two-columns edgtf-responsive-mode-1024\" ><div class=\"edgtf-eh-item\"  data-item-class=\"edgtf-eh-custom-110100\" data-1280-1600=\"35px 12% 70px 3%\" data-1024-1280=\"44px 12% 70px 3%\" data-768-1024=\"33px 12% 131px 3%\" data-480-600=\"45px 0% 140px 3%\" data-480=\"45px 0% 140px 3%\">\n\t<div class=\"edgtf-eh-item-inner\">\n\t\t<div class=\"edgtf-eh-item-content edgtf-eh-custom-110100\" style=\"padding: 45px 12% 70px 3%\">\n\t\t\t<div class=\"edgtf-section-title-holder\" >\n\t\t\t\t\t<h2 class=\"edgtf-st-title\" style=\"color: #685496;font-weight: 600\">\n\t\t\t<span>What do you fancy?<\/span>\n\t\t<\/h2>\n\t\t<\/div><div class=\"vc_empty_space\"   style=\"height: 60px\"><span class=\"vc_empty_space_inner\"><\/span><\/div>\n\t<div class=\"wpb_text_column wpb_content_element\" >\n\t\t<div class=\"wpb_wrapper\">\n\t\t\t<p><span style=\"color: #666666; font-size: 17px; line-height: 36px; font-weight: 300; text-align: justify !important;\">Contacting us is very easy!<\/span><\/p>\n<p><span style=\"color: #666666; font-size: 17px; line-height: 36px; font-weight: 300; text-align: justify !important;\"> Vos escog\u00e9s el medio que te quede mejor, ya sea envi\u00e1ndonos un mensajito a nuestro Whatsapp al <strong>+506-8446-8333 <\/strong>para coordinar tu pedido o bien envi\u00e1ndonos un correo a <strong>hola@beantobliss.com!<\/strong><\/span><\/p>\n<p>&nbsp;<\/p>\n<p><span style=\"color: #666666; font-size: 17px; line-height: 36px; font-weight: 300; text-align: justify !important;\">\u00a1Puedes visitarnos en nuestra Chocolater\u00eda en el Centro Comercial del Sur en San Jos\u00e9 de Martes a S\u00e1bado de 12md a 7pm! Estamos en el primer piso, contiguo al \u00e1rea de comidas<\/span><span style=\"color: #666666; font-size: 17px; line-height: 36px; font-weight: 300; text-align: justify !important;\"> \u2665\u00a0 \u00a1Te esperamos!<\/span><\/p>\n<p>&nbsp;<\/p>\n<p><span style=\"color: #666666; font-size: 17px; line-height: 36px; font-weight: 300; text-align: justify !important;\">Pod\u00e9s encontrarnos en Google Maps o Waze!<\/span><\/p>\n<p>&nbsp;<\/p>\n<p><span style=\"color: #666666; font-size: 17px; line-height: 36px; font-weight: 300; text-align: justify !important;\">\ud83d\udccd <strong>Centro Comercial del Sur <\/strong>(Primera Planta, contiguo al \u00e1rea de comidas, Local 33)<\/span><\/p>\n\n\t\t<\/div>\n\t<\/div>\n\t\t<\/div>\n\t<\/div>\n<\/div><\/div><\/div><\/div><\/div><\/div><\/div>\n<\/div>","protected":false},"excerpt":{"rendered":"\u00bfQu\u00e9 se te antoja? \u00a1Contactarnos es facil\u00edsimo! Vos escog\u00e9s el medio que te quede mejor, ya sea envi\u00e1ndonos un mensajito a nuestro Whatsapp al +506-8446-8333 para coordinar tu pedido o bien envi\u00e1ndonos un correo a hola@beantobliss.com! &nbsp; \u00a1Puedes visitarnos en [...]","protected":false},"author":1,"featured_media":0,"parent":0,"menu_order":0,"comment_status":"closed","ping_status":"closed","template":"full-width.php","meta":{"_joinchat":[],"footnotes":""},"class_list":["post-11430","page","type-page","status-publish","hentry"],"_links":{"self":[{"href":"https:\/\/beantobliss.com\/en\/wp-json\/wp\/v2\/pages\/11430","targetHints":{"allow":["GET"]}}],"collection":[{"href":"https:\/\/beantobliss.com\/en\/wp-json\/wp\/v2\/pages"}],"about":[{"href":"https:\/\/beantobliss.com\/en\/wp-json\/wp\/v2\/types\/page"}],"author":[{"embeddable":true,"href":"https:\/\/beantobliss.com\/en\/wp-json\/wp\/v2\/users\/1"}],"replies":[{"embeddable":true,"href":"https:\/\/beantobliss.com\/en\/wp-json\/wp\/v2\/comments?post=11430"}],"version-history":[{"count":0,"href":"https:\/\/beantobliss.com\/en\/wp-json\/wp\/v2\/pages\/11430\/revisions"}],"wp:attachment":[{"href":"https:\/\/beantobliss.com\/en\/wp-json\/wp\/v2\/media?parent=11430"}],"curies":[{"name":"wp","href":"https:\/\/api.w.org\/{rel}","templated":true}]}}