{"id":11557,"date":"2020-05-31T03:01:05","date_gmt":"2020-05-31T03:01:05","guid":{"rendered":"http:\/\/beantobliss.com\/?page_id=11557"},"modified":"2025-01-21T18:56:49","modified_gmt":"2025-01-21T18:56:49","slug":"blissbeans","status":"publish","type":"page","link":"https:\/\/beantobliss.com\/en\/sabores\/blissbeans\/","title":{"rendered":"Bliss Beans"},"content":{"rendered":"<div class=\"wpb-content-wrapper\"><div class=\"vc_row wpb_row vc_row-fluid\"><div class=\"wpb_column vc_column_container vc_col-sm-12\"><div class=\"vc_column-inner\"><div class=\"wpb_wrapper\"><div class=\"vc_empty_space\"   style=\"height: 100px\"><span class=\"vc_empty_space_inner\"><\/span><\/div><h2 style=\"font-size: 36px;color: #62c1cb;text-align: center\" class=\"vc_custom_heading vc_do_custom_heading\" >\u2022 Bliss Beans \u2022<\/h2><div class=\"vc_empty_space\"   style=\"height: 50px\"><span class=\"vc_empty_space_inner\"><\/span><\/div><h2 class=\"edgtf-custom-font-holder\" style=\"font-family: Century Gothic;font-size: 20px;font-weight: 300;text-align: center;color: #685496\" data-font-size=\"20\">\n\tOur Bliss Beans or Little Seeds of Happiness are nuts, seeds, cereals or jellies covered in different types of chocolate, in Europe they are also known as dragees. \u263a<\/h2><div class=\"vc_empty_space\"   style=\"height: 100px\"><span class=\"vc_empty_space_inner\"><\/span><\/div><div class=\"edgtf-row-grid-section\"><div class=\"vc_row wpb_row vc_inner vc_row-fluid edgtf-content-aligment-center\"><div class=\"wpb_column vc_column_container vc_col-sm-3 vc_col-lg-3 vc_col-md-6 vc_col-xs-12\"><div class=\"vc_column-inner vc_custom_1489159283161\"><div class=\"wpb_wrapper\"><div class=\"edgtf-image-with-text-holder edgtf-image-behavior-\">\n\t<div class=\"edgtf-iwt-image\">\n\t\t<div class=\"edgtf-iwt-image-wrapper\">\n\t\t\t\t\t\t\t\t\t\t\t\t\t\t<img loading=\"lazy\" decoding=\"async\" width=\"1600\" height=\"1600\" src=\"https:\/\/beantobliss.com\/wp-content\/uploads\/2025\/01\/Bean_Dic_11.jpg\" class=\"attachment-full size-full\" alt=\"\" srcset=\"https:\/\/beantobliss.com\/wp-content\/uploads\/2025\/01\/Bean_Dic_11.jpg 1600w, https:\/\/beantobliss.com\/wp-content\/uploads\/2025\/01\/Bean_Dic_11-300x300.jpg 300w, https:\/\/beantobliss.com\/wp-content\/uploads\/2025\/01\/Bean_Dic_11-1024x1024.jpg 1024w, https:\/\/beantobliss.com\/wp-content\/uploads\/2025\/01\/Bean_Dic_11-150x150.jpg 150w, https:\/\/beantobliss.com\/wp-content\/uploads\/2025\/01\/Bean_Dic_11-768x768.jpg 768w, https:\/\/beantobliss.com\/wp-content\/uploads\/2025\/01\/Bean_Dic_11-1536x1536.jpg 1536w, https:\/\/beantobliss.com\/wp-content\/uploads\/2025\/01\/Bean_Dic_11-12x12.jpg 12w, https:\/\/beantobliss.com\/wp-content\/uploads\/2025\/01\/Bean_Dic_11-550x550.jpg 550w, https:\/\/beantobliss.com\/wp-content\/uploads\/2025\/01\/Bean_Dic_11-1100x1100.jpg 1100w\" sizes=\"auto, (max-width: 1600px) 100vw, 1600px\" \/>\t\t\t\t\t\t\t\t\t\t\t\t<\/div>\n\t<\/div>\n\t<div class=\"edgtf-iwt-text-holder\">\n\t\t\t\t<h5 class=\"edgtf-iwt-title\" style=\"color: #303030\">CASHEW<\/h5>\n\t\t\t\t<p class=\"edgtf-iwt-text\" style=\"color: #666666\">Cashew seeds covered in white chocolate and freeze-dried raspberry powder.<\/p>\n\t<\/div>\n<\/div><div class=\"vc_empty_space\"   style=\"height: 50px\"><span class=\"vc_empty_space_inner\"><\/span><\/div><\/div><\/div><\/div><div class=\"wpb_column vc_column_container vc_col-sm-3 vc_col-lg-3 vc_col-md-6 vc_col-xs-12\"><div class=\"vc_column-inner vc_custom_1489159292145\"><div class=\"wpb_wrapper\"><div class=\"edgtf-image-with-text-holder edgtf-image-behavior-\">\n\t<div class=\"edgtf-iwt-image\">\n\t\t<div class=\"edgtf-iwt-image-wrapper\">\n\t\t\t\t\t\t\t\t\t\t\t\t\t\t<img loading=\"lazy\" decoding=\"async\" width=\"1600\" height=\"1600\" src=\"https:\/\/beantobliss.com\/wp-content\/uploads\/2025\/01\/Bean_Dic_12.jpg\" class=\"attachment-full size-full\" alt=\"\" srcset=\"https:\/\/beantobliss.com\/wp-content\/uploads\/2025\/01\/Bean_Dic_12.jpg 1600w, https:\/\/beantobliss.com\/wp-content\/uploads\/2025\/01\/Bean_Dic_12-300x300.jpg 300w, https:\/\/beantobliss.com\/wp-content\/uploads\/2025\/01\/Bean_Dic_12-1024x1024.jpg 1024w, https:\/\/beantobliss.com\/wp-content\/uploads\/2025\/01\/Bean_Dic_12-150x150.jpg 150w, https:\/\/beantobliss.com\/wp-content\/uploads\/2025\/01\/Bean_Dic_12-768x768.jpg 768w, https:\/\/beantobliss.com\/wp-content\/uploads\/2025\/01\/Bean_Dic_12-1536x1536.jpg 1536w, https:\/\/beantobliss.com\/wp-content\/uploads\/2025\/01\/Bean_Dic_12-12x12.jpg 12w, https:\/\/beantobliss.com\/wp-content\/uploads\/2025\/01\/Bean_Dic_12-550x550.jpg 550w, https:\/\/beantobliss.com\/wp-content\/uploads\/2025\/01\/Bean_Dic_12-1100x1100.jpg 1100w\" sizes=\"auto, (max-width: 1600px) 100vw, 1600px\" \/>\t\t\t\t\t\t\t\t\t\t\t\t<\/div>\n\t<\/div>\n\t<div class=\"edgtf-iwt-text-holder\">\n\t\t\t\t<h5 class=\"edgtf-iwt-title\" style=\"color: #303030\">HAZELNUTS \ud83c\udf31<\/h5>\n\t\t\t\t<p class=\"edgtf-iwt-text\" style=\"color: #666666\">55% Real Chocolate Covered Roasted Hazelnuts (Vegan\/Lactose Free) \ud83c\udf31<\/p>\n\t<\/div>\n<\/div><div class=\"vc_empty_space\"   style=\"height: 50px\"><span class=\"vc_empty_space_inner\"><\/span><\/div><\/div><\/div><\/div><div class=\"wpb_column vc_column_container vc_col-sm-3\"><div class=\"vc_column-inner\"><div class=\"wpb_wrapper\"><div class=\"edgtf-image-with-text-holder edgtf-image-behavior-\">\n\t<div class=\"edgtf-iwt-image\">\n\t\t<div class=\"edgtf-iwt-image-wrapper\">\n\t\t\t\t\t\t\t\t\t\t\t\t\t\t<img loading=\"lazy\" decoding=\"async\" width=\"1600\" height=\"1600\" src=\"https:\/\/beantobliss.com\/wp-content\/uploads\/2025\/01\/Bean_Dic_6.jpg\" class=\"attachment-full size-full\" alt=\"\" srcset=\"https:\/\/beantobliss.com\/wp-content\/uploads\/2025\/01\/Bean_Dic_6.jpg 1600w, https:\/\/beantobliss.com\/wp-content\/uploads\/2025\/01\/Bean_Dic_6-300x300.jpg 300w, https:\/\/beantobliss.com\/wp-content\/uploads\/2025\/01\/Bean_Dic_6-1024x1024.jpg 1024w, https:\/\/beantobliss.com\/wp-content\/uploads\/2025\/01\/Bean_Dic_6-150x150.jpg 150w, https:\/\/beantobliss.com\/wp-content\/uploads\/2025\/01\/Bean_Dic_6-768x768.jpg 768w, https:\/\/beantobliss.com\/wp-content\/uploads\/2025\/01\/Bean_Dic_6-1536x1536.jpg 1536w, https:\/\/beantobliss.com\/wp-content\/uploads\/2025\/01\/Bean_Dic_6-12x12.jpg 12w, https:\/\/beantobliss.com\/wp-content\/uploads\/2025\/01\/Bean_Dic_6-550x550.jpg 550w, https:\/\/beantobliss.com\/wp-content\/uploads\/2025\/01\/Bean_Dic_6-1100x1100.jpg 1100w\" sizes=\"auto, (max-width: 1600px) 100vw, 1600px\" \/>\t\t\t\t\t\t\t\t\t\t\t\t<\/div>\n\t<\/div>\n\t<div class=\"edgtf-iwt-text-holder\">\n\t\t\t\t<h5 class=\"edgtf-iwt-title\" style=\"color: #303030\">BLISS CORN<\/h5>\n\t\t\t\t<p class=\"edgtf-iwt-text\" style=\"color: #666666\">Quinoa Pop cubierta de chocolate blanco y polvo de palomita de ma\u00edz con mantequilla.<\/p>\n\t<\/div>\n<\/div><div class=\"vc_empty_space\"   style=\"height: 50px\"><span class=\"vc_empty_space_inner\"><\/span><\/div><\/div><\/div><\/div><div class=\"wpb_column vc_column_container vc_col-sm-3\"><div class=\"vc_column-inner\"><div class=\"wpb_wrapper\"><div class=\"edgtf-image-with-text-holder edgtf-image-behavior-\">\n\t<div class=\"edgtf-iwt-image\">\n\t\t<div class=\"edgtf-iwt-image-wrapper\">\n\t\t\t\t\t\t\t\t\t\t\t\t\t\t<img loading=\"lazy\" decoding=\"async\" width=\"1600\" height=\"1600\" src=\"https:\/\/beantobliss.com\/wp-content\/uploads\/2025\/01\/Bean_Dic_13.jpg\" class=\"attachment-full size-full\" alt=\"\" srcset=\"https:\/\/beantobliss.com\/wp-content\/uploads\/2025\/01\/Bean_Dic_13.jpg 1600w, https:\/\/beantobliss.com\/wp-content\/uploads\/2025\/01\/Bean_Dic_13-300x300.jpg 300w, https:\/\/beantobliss.com\/wp-content\/uploads\/2025\/01\/Bean_Dic_13-1024x1024.jpg 1024w, https:\/\/beantobliss.com\/wp-content\/uploads\/2025\/01\/Bean_Dic_13-150x150.jpg 150w, https:\/\/beantobliss.com\/wp-content\/uploads\/2025\/01\/Bean_Dic_13-768x768.jpg 768w, https:\/\/beantobliss.com\/wp-content\/uploads\/2025\/01\/Bean_Dic_13-1536x1536.jpg 1536w, https:\/\/beantobliss.com\/wp-content\/uploads\/2025\/01\/Bean_Dic_13-12x12.jpg 12w, https:\/\/beantobliss.com\/wp-content\/uploads\/2025\/01\/Bean_Dic_13-550x550.jpg 550w, https:\/\/beantobliss.com\/wp-content\/uploads\/2025\/01\/Bean_Dic_13-1100x1100.jpg 1100w\" sizes=\"auto, (max-width: 1600px) 100vw, 1600px\" \/>\t\t\t\t\t\t\t\t\t\t\t\t<\/div>\n\t<\/div>\n\t<div class=\"edgtf-iwt-text-holder\">\n\t\t\t\t<h5 class=\"edgtf-iwt-title\" style=\"color: #303030\">ALMOND<\/h5>\n\t\t\t\t<p class=\"edgtf-iwt-text\" style=\"color: #666666\">Roasted almonds, covered in 45% milk chocolate.<\/p>\n\t<\/div>\n<\/div><div class=\"vc_empty_space\"   style=\"height: 50px\"><span class=\"vc_empty_space_inner\"><\/span><\/div><\/div><\/div><\/div><\/div><\/div><div class=\"edgtf-row-grid-section\"><div class=\"vc_row wpb_row vc_inner vc_row-fluid edgtf-content-aligment-center\"><div class=\"wpb_column vc_column_container vc_col-sm-3 vc_col-lg-3 vc_col-md-6 vc_col-xs-12\"><div class=\"vc_column-inner vc_custom_1489159283161\"><div class=\"wpb_wrapper\"><div class=\"edgtf-image-with-text-holder edgtf-image-behavior-\">\n\t<div class=\"edgtf-iwt-image\">\n\t\t<div class=\"edgtf-iwt-image-wrapper\">\n\t\t\t\t\t\t\t\t\t\t\t\t\t\t<img loading=\"lazy\" decoding=\"async\" width=\"1600\" height=\"1600\" src=\"https:\/\/beantobliss.com\/wp-content\/uploads\/2025\/01\/Bean_Dic_5.jpg\" class=\"attachment-full size-full\" alt=\"\" srcset=\"https:\/\/beantobliss.com\/wp-content\/uploads\/2025\/01\/Bean_Dic_5.jpg 1600w, https:\/\/beantobliss.com\/wp-content\/uploads\/2025\/01\/Bean_Dic_5-300x300.jpg 300w, https:\/\/beantobliss.com\/wp-content\/uploads\/2025\/01\/Bean_Dic_5-1024x1024.jpg 1024w, https:\/\/beantobliss.com\/wp-content\/uploads\/2025\/01\/Bean_Dic_5-150x150.jpg 150w, https:\/\/beantobliss.com\/wp-content\/uploads\/2025\/01\/Bean_Dic_5-768x768.jpg 768w, https:\/\/beantobliss.com\/wp-content\/uploads\/2025\/01\/Bean_Dic_5-1536x1536.jpg 1536w, https:\/\/beantobliss.com\/wp-content\/uploads\/2025\/01\/Bean_Dic_5-12x12.jpg 12w, https:\/\/beantobliss.com\/wp-content\/uploads\/2025\/01\/Bean_Dic_5-550x550.jpg 550w, https:\/\/beantobliss.com\/wp-content\/uploads\/2025\/01\/Bean_Dic_5-1100x1100.jpg 1100w\" sizes=\"auto, (max-width: 1600px) 100vw, 1600px\" \/>\t\t\t\t\t\t\t\t\t\t\t\t<\/div>\n\t<\/div>\n\t<div class=\"edgtf-iwt-text-holder\">\n\t\t\t\t<h5 class=\"edgtf-iwt-title\" style=\"color: #303030\">CARAMEL PUFFS<\/h5>\n\t\t\t\t<p class=\"edgtf-iwt-text\" style=\"color: #666666\">Corn-based cereal covered in caramelized white chocolate.<\/p>\n\t<\/div>\n<\/div><div class=\"vc_empty_space\"   style=\"height: 50px\"><span class=\"vc_empty_space_inner\"><\/span><\/div><\/div><\/div><\/div><div class=\"wpb_column vc_column_container vc_col-sm-3 vc_col-lg-3 vc_col-md-6 vc_col-xs-12\"><div class=\"vc_column-inner vc_custom_1489159292145\"><div class=\"wpb_wrapper\"><div class=\"vc_empty_space\"   style=\"height: 50px\"><span class=\"vc_empty_space_inner\"><\/span><\/div><\/div><\/div><\/div><div class=\"wpb_column vc_column_container vc_col-sm-3\"><div class=\"vc_column-inner\"><div class=\"wpb_wrapper\"><div class=\"vc_empty_space\"   style=\"height: 50px\"><span class=\"vc_empty_space_inner\"><\/span><\/div><\/div><\/div><\/div><div class=\"wpb_column vc_column_container vc_col-sm-3\"><div class=\"vc_column-inner\"><div class=\"wpb_wrapper\"><\/div><\/div><\/div><\/div><\/div><\/div><\/div><\/div><\/div><div class=\"vc_row wpb_row vc_row-fluid\"><div class=\"wpb_column vc_column_container vc_col-sm-12\"><div class=\"vc_column-inner\"><div class=\"wpb_wrapper\"><div class=\"vc_empty_space\"   style=\"height: 100px\"><span class=\"vc_empty_space_inner\"><\/span><\/div><h2 style=\"font-size: 36px;color: #62c1cb;text-align: center\" class=\"vc_custom_heading vc_do_custom_heading\" >\u2022 Bliss Beans de Temporada \u2022<\/h2><div class=\"vc_empty_space\"   style=\"height: 50px\"><span class=\"vc_empty_space_inner\"><\/span><\/div><h2 class=\"edgtf-custom-font-holder\" style=\"font-family: Century Gothic;font-size: 20px;font-weight: 300;text-align: center;color: #685496\" data-font-size=\"20\">\n\tGrageas de temporada disponibles \u00fanicamente por el tiempo indicado.<\/h2><div class=\"vc_empty_space\"   style=\"height: 100px\"><span class=\"vc_empty_space_inner\"><\/span><\/div><div class=\"edgtf-row-grid-section\"><div class=\"vc_row wpb_row vc_inner vc_row-fluid edgtf-content-aligment-center\"><div class=\"wpb_column vc_column_container vc_col-sm-3 vc_col-lg-3 vc_col-md-6 vc_col-xs-12\"><div class=\"vc_column-inner vc_custom_1489159283161\"><div class=\"wpb_wrapper\"><div class=\"edgtf-image-with-text-holder edgtf-image-behavior-\">\n\t<div class=\"edgtf-iwt-image\">\n\t\t<div class=\"edgtf-iwt-image-wrapper\">\n\t\t\t\t\t\t\t\t\t\t\t\t\t\t<img loading=\"lazy\" decoding=\"async\" width=\"1600\" height=\"1600\" src=\"https:\/\/beantobliss.com\/wp-content\/uploads\/2025\/01\/Bean_Dic_9.jpg\" class=\"attachment-full size-full\" alt=\"\" srcset=\"https:\/\/beantobliss.com\/wp-content\/uploads\/2025\/01\/Bean_Dic_9.jpg 1600w, https:\/\/beantobliss.com\/wp-content\/uploads\/2025\/01\/Bean_Dic_9-300x300.jpg 300w, https:\/\/beantobliss.com\/wp-content\/uploads\/2025\/01\/Bean_Dic_9-1024x1024.jpg 1024w, https:\/\/beantobliss.com\/wp-content\/uploads\/2025\/01\/Bean_Dic_9-150x150.jpg 150w, https:\/\/beantobliss.com\/wp-content\/uploads\/2025\/01\/Bean_Dic_9-768x768.jpg 768w, https:\/\/beantobliss.com\/wp-content\/uploads\/2025\/01\/Bean_Dic_9-1536x1536.jpg 1536w, https:\/\/beantobliss.com\/wp-content\/uploads\/2025\/01\/Bean_Dic_9-12x12.jpg 12w, https:\/\/beantobliss.com\/wp-content\/uploads\/2025\/01\/Bean_Dic_9-550x550.jpg 550w, https:\/\/beantobliss.com\/wp-content\/uploads\/2025\/01\/Bean_Dic_9-1100x1100.jpg 1100w\" sizes=\"auto, (max-width: 1600px) 100vw, 1600px\" \/>\t\t\t\t\t\t\t\t\t\t\t\t<\/div>\n\t<\/div>\n\t<div class=\"edgtf-iwt-text-holder\">\n\t\t\t\t<h5 class=\"edgtf-iwt-title\" style=\"color: #303030\">PUMPKIN SPICE<\/h5>\n\t\t\t\t<p class=\"edgtf-iwt-text\" style=\"color: #666666\">Almendra cubierta de chocolate blanco, polvo de calabaza liofilizada y especias.<\/p>\n\t<\/div>\n<\/div><div class=\"vc_empty_space\"   style=\"height: 6px\"><span class=\"vc_empty_space_inner\"><\/span><\/div><div class=\"edgtf-image-with-text-holder edgtf-image-behavior-\">\n\t<div class=\"edgtf-iwt-image\">\n\t\t<div class=\"edgtf-iwt-image-wrapper\">\n\t\t\t\t\t\t\t\t\t\t\t\t\t\t\t\t\t\t\t\t\t\t\t\t\t\t<\/div>\n\t<\/div>\n\t<div class=\"edgtf-iwt-text-holder\">\n\t\t\t\t\t<p class=\"edgtf-iwt-text\" style=\"color: #666666\">Disponible de Octubre a Enero o hasta agotar existencias.<\/p>\n\t<\/div>\n<\/div><div class=\"vc_empty_space\"   style=\"height: 50px\"><span class=\"vc_empty_space_inner\"><\/span><\/div><\/div><\/div><\/div><div class=\"wpb_column vc_column_container vc_col-sm-3 vc_col-lg-3 vc_col-md-6 vc_col-xs-12\"><div class=\"vc_column-inner vc_custom_1489159292145\"><div class=\"wpb_wrapper\"><div class=\"edgtf-image-with-text-holder edgtf-image-behavior-\">\n\t<div class=\"edgtf-iwt-image\">\n\t\t<div class=\"edgtf-iwt-image-wrapper\">\n\t\t\t\t\t\t\t\t\t\t\t\t\t\t<img loading=\"lazy\" decoding=\"async\" width=\"1600\" height=\"1600\" src=\"https:\/\/beantobliss.com\/wp-content\/uploads\/2025\/01\/Bean_Dic_7.jpg\" class=\"attachment-full size-full\" alt=\"\" srcset=\"https:\/\/beantobliss.com\/wp-content\/uploads\/2025\/01\/Bean_Dic_7.jpg 1600w, https:\/\/beantobliss.com\/wp-content\/uploads\/2025\/01\/Bean_Dic_7-300x300.jpg 300w, https:\/\/beantobliss.com\/wp-content\/uploads\/2025\/01\/Bean_Dic_7-1024x1024.jpg 1024w, https:\/\/beantobliss.com\/wp-content\/uploads\/2025\/01\/Bean_Dic_7-150x150.jpg 150w, https:\/\/beantobliss.com\/wp-content\/uploads\/2025\/01\/Bean_Dic_7-768x768.jpg 768w, https:\/\/beantobliss.com\/wp-content\/uploads\/2025\/01\/Bean_Dic_7-1536x1536.jpg 1536w, https:\/\/beantobliss.com\/wp-content\/uploads\/2025\/01\/Bean_Dic_7-12x12.jpg 12w, https:\/\/beantobliss.com\/wp-content\/uploads\/2025\/01\/Bean_Dic_7-550x550.jpg 550w, https:\/\/beantobliss.com\/wp-content\/uploads\/2025\/01\/Bean_Dic_7-1100x1100.jpg 1100w\" sizes=\"auto, (max-width: 1600px) 100vw, 1600px\" \/>\t\t\t\t\t\t\t\t\t\t\t\t<\/div>\n\t<\/div>\n\t<div class=\"edgtf-iwt-text-holder\">\n\t\t\t\t<h5 class=\"edgtf-iwt-title\" style=\"color: #303030\">GINGERBREAD<\/h5>\n\t\t\t\t<p class=\"edgtf-iwt-text\" style=\"color: #666666\">Almendras cubiertas de chocolate con leche y blanco con polvo de jengibre y especias.<\/p>\n\t<\/div>\n<\/div><div class=\"vc_empty_space\"   style=\"height: 6px\"><span class=\"vc_empty_space_inner\"><\/span><\/div><div class=\"edgtf-image-with-text-holder edgtf-image-behavior-\">\n\t<div class=\"edgtf-iwt-image\">\n\t\t<div class=\"edgtf-iwt-image-wrapper\">\n\t\t\t\t\t\t\t\t\t\t\t\t\t\t\t\t\t\t\t\t\t\t\t\t\t\t<\/div>\n\t<\/div>\n\t<div class=\"edgtf-iwt-text-holder\">\n\t\t\t\t\t<p class=\"edgtf-iwt-text\" style=\"color: #666666\">Disponible de Noviembre a Febrero o hasta agotar existencias.<\/p>\n\t<\/div>\n<\/div><div class=\"vc_empty_space\"   style=\"height: 50px\"><span class=\"vc_empty_space_inner\"><\/span><\/div><\/div><\/div><\/div><div class=\"wpb_column vc_column_container vc_col-sm-3\"><div class=\"vc_column-inner\"><div class=\"wpb_wrapper\"><div class=\"edgtf-image-with-text-holder edgtf-image-behavior-\">\n\t<div class=\"edgtf-iwt-image\">\n\t\t<div class=\"edgtf-iwt-image-wrapper\">\n\t\t\t\t\t\t\t\t\t\t\t\t\t\t<img loading=\"lazy\" decoding=\"async\" width=\"1600\" height=\"1600\" src=\"https:\/\/beantobliss.com\/wp-content\/uploads\/2025\/01\/Bean_Dic_10.jpg\" class=\"attachment-full size-full\" alt=\"\" srcset=\"https:\/\/beantobliss.com\/wp-content\/uploads\/2025\/01\/Bean_Dic_10.jpg 1600w, https:\/\/beantobliss.com\/wp-content\/uploads\/2025\/01\/Bean_Dic_10-300x300.jpg 300w, https:\/\/beantobliss.com\/wp-content\/uploads\/2025\/01\/Bean_Dic_10-1024x1024.jpg 1024w, https:\/\/beantobliss.com\/wp-content\/uploads\/2025\/01\/Bean_Dic_10-150x150.jpg 150w, https:\/\/beantobliss.com\/wp-content\/uploads\/2025\/01\/Bean_Dic_10-768x768.jpg 768w, https:\/\/beantobliss.com\/wp-content\/uploads\/2025\/01\/Bean_Dic_10-1536x1536.jpg 1536w, https:\/\/beantobliss.com\/wp-content\/uploads\/2025\/01\/Bean_Dic_10-12x12.jpg 12w, https:\/\/beantobliss.com\/wp-content\/uploads\/2025\/01\/Bean_Dic_10-550x550.jpg 550w, https:\/\/beantobliss.com\/wp-content\/uploads\/2025\/01\/Bean_Dic_10-1100x1100.jpg 1100w\" sizes=\"auto, (max-width: 1600px) 100vw, 1600px\" \/>\t\t\t\t\t\t\t\t\t\t\t\t<\/div>\n\t<\/div>\n\t<div class=\"edgtf-iwt-text-holder\">\n\t\t\t\t<h5 class=\"edgtf-iwt-title\" style=\"color: #303030\">PEPPERMINT<\/h5>\n\t\t\t\t<p class=\"edgtf-iwt-text\" style=\"color: #666666\">Avellanas tostadas, cubiertas de chocolate blanco y aceite esencial de menta.<\/p>\n\t<\/div>\n<\/div><div class=\"vc_empty_space\"   style=\"height: 6px\"><span class=\"vc_empty_space_inner\"><\/span><\/div><div class=\"edgtf-image-with-text-holder edgtf-image-behavior-\">\n\t<div class=\"edgtf-iwt-image\">\n\t\t<div class=\"edgtf-iwt-image-wrapper\">\n\t\t\t\t\t\t\t\t\t\t\t\t\t\t\t\t\t\t\t\t\t\t\t\t\t\t<\/div>\n\t<\/div>\n\t<div class=\"edgtf-iwt-text-holder\">\n\t\t\t\t\t<p class=\"edgtf-iwt-text\" style=\"color: #666666\">Disponible de Noviembre a Febrero o hasta agotar existencias.<\/p>\n\t<\/div>\n<\/div><div class=\"vc_empty_space\"   style=\"height: 50px\"><span class=\"vc_empty_space_inner\"><\/span><\/div><\/div><\/div><\/div><div class=\"wpb_column vc_column_container vc_col-sm-3\"><div class=\"vc_column-inner\"><div class=\"wpb_wrapper\"><div class=\"edgtf-image-with-text-holder edgtf-image-behavior-\">\n\t<div class=\"edgtf-iwt-image\">\n\t\t<div class=\"edgtf-iwt-image-wrapper\">\n\t\t\t\t\t\t\t\t\t\t\t\t\t\t<img loading=\"lazy\" decoding=\"async\" width=\"1600\" height=\"1600\" src=\"https:\/\/beantobliss.com\/wp-content\/uploads\/2025\/01\/Bean_Dic_8.jpg\" class=\"attachment-full size-full\" alt=\"\" srcset=\"https:\/\/beantobliss.com\/wp-content\/uploads\/2025\/01\/Bean_Dic_8.jpg 1600w, https:\/\/beantobliss.com\/wp-content\/uploads\/2025\/01\/Bean_Dic_8-300x300.jpg 300w, https:\/\/beantobliss.com\/wp-content\/uploads\/2025\/01\/Bean_Dic_8-1024x1024.jpg 1024w, https:\/\/beantobliss.com\/wp-content\/uploads\/2025\/01\/Bean_Dic_8-150x150.jpg 150w, https:\/\/beantobliss.com\/wp-content\/uploads\/2025\/01\/Bean_Dic_8-768x768.jpg 768w, https:\/\/beantobliss.com\/wp-content\/uploads\/2025\/01\/Bean_Dic_8-1536x1536.jpg 1536w, https:\/\/beantobliss.com\/wp-content\/uploads\/2025\/01\/Bean_Dic_8-12x12.jpg 12w, https:\/\/beantobliss.com\/wp-content\/uploads\/2025\/01\/Bean_Dic_8-550x550.jpg 550w, https:\/\/beantobliss.com\/wp-content\/uploads\/2025\/01\/Bean_Dic_8-1100x1100.jpg 1100w\" sizes=\"auto, (max-width: 1600px) 100vw, 1600px\" \/>\t\t\t\t\t\t\t\t\t\t\t\t<\/div>\n\t<\/div>\n\t<div class=\"edgtf-iwt-text-holder\">\n\t\t\t\t<h5 class=\"edgtf-iwt-title\" style=\"color: #303030\">ROMPOPINOS<\/h5>\n\t\t\t\t<p class=\"edgtf-iwt-text\" style=\"color: #666666\">Avellanas cubiertas de chocolate blanco, polvo de rompope liofilizado y especias.<\/p>\n\t<\/div>\n<\/div><div class=\"vc_empty_space\"   style=\"height: 6px\"><span class=\"vc_empty_space_inner\"><\/span><\/div><div class=\"edgtf-image-with-text-holder edgtf-image-behavior-\">\n\t<div class=\"edgtf-iwt-image\">\n\t\t<div class=\"edgtf-iwt-image-wrapper\">\n\t\t\t\t\t\t\t\t\t\t\t\t\t\t\t\t\t\t\t\t\t\t\t\t\t\t<\/div>\n\t<\/div>\n\t<div class=\"edgtf-iwt-text-holder\">\n\t\t\t\t\t<p class=\"edgtf-iwt-text\" style=\"color: #666666\">Disponible de Noviembre a Febrero o hasta agotar existencias.<\/p>\n\t<\/div>\n<\/div><div class=\"vc_empty_space\"   style=\"height: 50px\"><span class=\"vc_empty_space_inner\"><\/span><\/div><\/div><\/div><\/div><\/div><\/div><div class=\"edgtf-row-grid-section\"><div class=\"vc_row wpb_row vc_inner vc_row-fluid edgtf-content-aligment-center\"><div class=\"wpb_column vc_column_container vc_col-sm-3 vc_col-lg-3 vc_col-md-6 vc_col-xs-12\"><div class=\"vc_column-inner vc_custom_1489159283161\"><div class=\"wpb_wrapper\"><div class=\"vc_empty_space\"   style=\"height: 50px\"><span class=\"vc_empty_space_inner\"><\/span><\/div><\/div><\/div><\/div><div class=\"wpb_column vc_column_container vc_col-sm-3 vc_col-lg-3 vc_col-md-6 vc_col-xs-12\"><div class=\"vc_column-inner vc_custom_1489159292145\"><div class=\"wpb_wrapper\"><div class=\"vc_empty_space\"   style=\"height: 50px\"><span class=\"vc_empty_space_inner\"><\/span><\/div><\/div><\/div><\/div><div class=\"wpb_column vc_column_container vc_col-sm-3\"><div class=\"vc_column-inner\"><div class=\"wpb_wrapper\"><div class=\"vc_empty_space\"   style=\"height: 50px\"><span class=\"vc_empty_space_inner\"><\/span><\/div><\/div><\/div><\/div><div class=\"wpb_column vc_column_container vc_col-sm-3\"><div class=\"vc_column-inner\"><div class=\"wpb_wrapper\"><\/div><\/div><\/div><\/div><\/div><\/div><\/div><\/div><\/div><div class=\"vc_row wpb_row vc_row-fluid\"><div class=\"wpb_column vc_column_container vc_col-sm-12\"><div class=\"vc_column-inner\"><div class=\"wpb_wrapper\"><div class=\"vc_empty_space\"   style=\"height: 100px\"><span class=\"vc_empty_space_inner\"><\/span><\/div><\/div><\/div><\/div><\/div><div class=\"vc_row wpb_row vc_row-fluid\"><div class=\"wpb_column vc_column_container vc_col-sm-12\"><div class=\"vc_column-inner\"><div class=\"wpb_wrapper\"><\/div><\/div><\/div><\/div>\n<\/div>","protected":false},"excerpt":{"rendered":"\u2022 Bliss Beans \u2022 Nuestros Bliss Beans o Semillitas de la Felicidad son nueces, semillas, cereales o jaleas cubiertos de distintos tipos de chocolate, en Europa se les conoce tambi\u00e9n como grageas. \u263a MARA\u00d1\u00d3N Semillas de Mara\u00f1\u00f3n cubiertas de chocolate [...]","protected":false},"author":1,"featured_media":0,"parent":11428,"menu_order":0,"comment_status":"closed","ping_status":"closed","template":"full-width.php","meta":{"_joinchat":[],"footnotes":""},"class_list":["post-11557","page","type-page","status-publish","hentry"],"_links":{"self":[{"href":"https:\/\/beantobliss.com\/en\/wp-json\/wp\/v2\/pages\/11557","targetHints":{"allow":["GET"]}}],"collection":[{"href":"https:\/\/beantobliss.com\/en\/wp-json\/wp\/v2\/pages"}],"about":[{"href":"https:\/\/beantobliss.com\/en\/wp-json\/wp\/v2\/types\/page"}],"author":[{"embeddable":true,"href":"https:\/\/beantobliss.com\/en\/wp-json\/wp\/v2\/users\/1"}],"replies":[{"embeddable":true,"href":"https:\/\/beantobliss.com\/en\/wp-json\/wp\/v2\/comments?post=11557"}],"version-history":[{"count":0,"href":"https:\/\/beantobliss.com\/en\/wp-json\/wp\/v2\/pages\/11557\/revisions"}],"up":[{"embeddable":true,"href":"https:\/\/beantobliss.com\/en\/wp-json\/wp\/v2\/pages\/11428"}],"wp:attachment":[{"href":"https:\/\/beantobliss.com\/en\/wp-json\/wp\/v2\/media?parent=11557"}],"curies":[{"name":"wp","href":"https:\/\/api.w.org\/{rel}","templated":true}]}}