{"id":11660,"date":"2020-06-14T03:38:46","date_gmt":"2020-06-14T03:38:46","guid":{"rendered":"https:\/\/beantobliss.com\/?page_id=11660"},"modified":"2025-04-28T18:36:38","modified_gmt":"2025-04-28T18:36:38","slug":"enviosycuidados","status":"publish","type":"page","link":"https:\/\/beantobliss.com\/en\/enviosycuidados\/","title":{"rendered":"Shipping and Care"},"content":{"rendered":"<div class=\"wpb-content-wrapper\"><div class=\"edgtf-row-grid-section\"><div class=\"vc_row wpb_row vc_row-fluid vc_custom_1595391038832 vc_row-o-content-middle vc_row-flex\"><div class=\"wpb_column vc_column_container vc_col-sm-6\"><div class=\"vc_column-inner vc_custom_1595390294364\"><div class=\"wpb_wrapper\"><div class=\"edgtf-elements-holder edgtf-one-column edgtf-responsive-mode-768\" ><div class=\"edgtf-eh-item\"  data-item-class=\"edgtf-eh-custom-507319\">\n\t<div class=\"edgtf-eh-item-inner\">\n\t\t<div class=\"edgtf-eh-item-content edgtf-eh-custom-507319\" >\n\t\t\t<div class=\"edgtf-section-title-holder\" >\n\t\t\t\t\t<h2 class=\"edgtf-st-title\" style=\"font-size: 50px;color: #675295;font-weight: 600\">\n\t\t\t<span>How can I make a request?<\/span>\n\t\t<\/h2>\n\t\t<\/div>\t\t<\/div>\n\t<\/div>\n<\/div><\/div><div class=\"vc_empty_space\"   style=\"height: 50px\"><span class=\"vc_empty_space_inner\"><\/span><\/div>\n\t<div class=\"wpb_text_column wpb_content_element\" >\n\t\t<div class=\"wpb_wrapper\">\n\t\t\t<p><span style=\"color: #666666; font-size: 17px; line-height: 36px; font-weight: 300;\"><strong>How can I buy the chocolates or place an order?<\/strong> <\/span><\/p>\n<p>&nbsp;<\/p>\n<p><span style=\"color: #666666; font-size: 17px; line-height: 36px; font-weight: 300;\">Actualmente vendemos nuestros productos exclusivamente por medio de nuestro WhatsApp, as\u00ed que <strong>escr\u00edbenos un mensajito al\u00a0 +506-8446-8333<\/strong> y con gusto te ayudaremos a tramitar tu pedido. \ud83c\udf6b<\/span><\/p>\n<p>&nbsp;<\/p>\n<p><span style=\"color: #666666; font-size: 17px; line-height: 36px; font-weight: 300;\">Remember that <strong>the flavors of our chocolates vary from week to week<\/strong>, so if you are going to place an order, you can check for those that are available at the time of purchase; We will gladly send you the complete list!<\/span><\/p>\n\n\t\t<\/div>\n\t<\/div>\n<div class=\"vc_empty_space\"   style=\"height: 50px\"><span class=\"vc_empty_space_inner\"><\/span><\/div><\/div><\/div><\/div><div class=\"wpb_column vc_column_container vc_col-sm-6\"><div class=\"vc_column-inner\"><div class=\"wpb_wrapper\">\n\t<div  class=\"wpb_single_image wpb_content_element vc_align_left wpb_content_element\">\n\t\t\n\t\t<figure class=\"wpb_wrapper vc_figure\">\n\t\t\t<div class=\"vc_single_image-wrapper   vc_box_border_grey\"><img loading=\"lazy\" decoding=\"async\" width=\"819\" height=\"1024\" src=\"https:\/\/beantobliss.com\/wp-content\/uploads\/2021\/12\/Prod_Bean_to_Bliss_50-819x1024.jpg\" class=\"vc_single_image-img attachment-large\" alt=\"\" title=\"Bean To Bliss\" srcset=\"https:\/\/beantobliss.com\/wp-content\/uploads\/2021\/12\/Prod_Bean_to_Bliss_50-819x1024.jpg 819w, https:\/\/beantobliss.com\/wp-content\/uploads\/2021\/12\/Prod_Bean_to_Bliss_50-240x300.jpg 240w, https:\/\/beantobliss.com\/wp-content\/uploads\/2021\/12\/Prod_Bean_to_Bliss_50-768x960.jpg 768w, https:\/\/beantobliss.com\/wp-content\/uploads\/2021\/12\/Prod_Bean_to_Bliss_50-1229x1536.jpg 1229w, https:\/\/beantobliss.com\/wp-content\/uploads\/2021\/12\/Prod_Bean_to_Bliss_50-600x750.jpg 600w, https:\/\/beantobliss.com\/wp-content\/uploads\/2021\/12\/Prod_Bean_to_Bliss_50.jpg 1280w\" sizes=\"auto, (max-width: 819px) 100vw, 819px\" \/><\/div>\n\t\t<\/figure>\n\t<\/div>\n<\/div><\/div><\/div><\/div><\/div><div class=\"edgtf-row-grid-section\"><div class=\"vc_row wpb_row vc_row-fluid vc_custom_1591987194940\"><div class=\"wpb_column vc_column_container vc_col-sm-6\"><div class=\"vc_column-inner\"><div class=\"wpb_wrapper\">\n\t<div  class=\"wpb_single_image wpb_content_element vc_align_left wpb_content_element\">\n\t\t\n\t\t<figure class=\"wpb_wrapper vc_figure\">\n\t\t\t<div class=\"vc_single_image-wrapper   vc_box_border_grey\"><img loading=\"lazy\" decoding=\"async\" width=\"819\" height=\"1024\" src=\"https:\/\/beantobliss.com\/wp-content\/uploads\/2021\/12\/Bean_to_Bliss_Nov_24-819x1024.jpg\" class=\"vc_single_image-img attachment-large\" alt=\"\" title=\"Bean To Bliss\" srcset=\"https:\/\/beantobliss.com\/wp-content\/uploads\/2021\/12\/Bean_to_Bliss_Nov_24-819x1024.jpg 819w, https:\/\/beantobliss.com\/wp-content\/uploads\/2021\/12\/Bean_to_Bliss_Nov_24-240x300.jpg 240w, https:\/\/beantobliss.com\/wp-content\/uploads\/2021\/12\/Bean_to_Bliss_Nov_24-768x960.jpg 768w, https:\/\/beantobliss.com\/wp-content\/uploads\/2021\/12\/Bean_to_Bliss_Nov_24-1229x1536.jpg 1229w, https:\/\/beantobliss.com\/wp-content\/uploads\/2021\/12\/Bean_to_Bliss_Nov_24-600x750.jpg 600w, https:\/\/beantobliss.com\/wp-content\/uploads\/2021\/12\/Bean_to_Bliss_Nov_24.jpg 1280w\" sizes=\"auto, (max-width: 819px) 100vw, 819px\" \/><\/div>\n\t\t<\/figure>\n\t<\/div>\n<\/div><\/div><\/div><div class=\"wpb_column vc_column_container vc_col-sm-6\"><div class=\"vc_column-inner vc_custom_1595388425632\"><div class=\"wpb_wrapper\"><div class=\"edgtf-elements-holder edgtf-one-column edgtf-responsive-mode-768\" ><div class=\"edgtf-eh-item\"  data-item-class=\"edgtf-eh-custom-488690\">\n\t<div class=\"edgtf-eh-item-inner\">\n\t\t<div class=\"edgtf-eh-item-content edgtf-eh-custom-488690\" >\n\t\t\t<div class=\"edgtf-section-title-holder\" >\n\t\t\t\t\t<h2 class=\"edgtf-st-title\" style=\"font-size: 50px;color: #675295;font-weight: 600\">\n\t\t\t<span>Do you work through delivery platforms?<\/span>\n\t\t<\/h2>\n\t\t<\/div>\t\t<\/div>\n\t<\/div>\n<\/div><\/div><div class=\"vc_empty_space\"   style=\"height: 50px\"><span class=\"vc_empty_space_inner\"><\/span><\/div>\n\t<div class=\"wpb_text_column wpb_content_element\" >\n\t\t<div class=\"wpb_wrapper\">\n\t\t\t<p><span style=\"color: #666666;\"><span style=\"font-size: 17px;\"><b>Platforms like Uber, Pedidos Ya or others.<\/b><\/span><\/span><\/p>\n<p>&nbsp;<\/p>\n<p><span style=\"color: #666666; font-size: 17px; line-height: 36px; font-weight: 300;\">By working exclusively with real chocolate, our chocolates tend to be more susceptible to sudden changes in temperature and humidity; it is because of that <strong>la correcta manipulaci\u00f3n y entrega de nuestros productos es clave para recibirlos en \u00f3ptimas condiciones.\u00a0<\/strong>Actualmente no trabajamos de forma directa con ninguna plataforma de entrega, sin embargo nuestros clientes tienen la opci\u00f3n de, previa coordinaci\u00f3n de su pedido: enviar ellos mismos un Uber Flash o mensajero de confianza, o bien, retirar el producto en nuestra Chocolater\u00eda.<\/span><\/p>\n<p>&nbsp;<\/p>\n<p><span style=\"color: #666666; font-size: 17px; line-height: 36px; font-weight: 300;\">If you want a <strong>same day order<\/strong>, lo ideal es consultar la disponibilidad de los productos que deseas y posteriormente elegir la forma de retiro del producto.<\/span><\/p>\n<p>&nbsp;<\/p>\n<p><span style=\"color: #666666; font-size: 17px; line-height: 36px; font-weight: 300;\">Cabe recalcar que al momento de la entrega de los productos, la garant\u00eda de calidad acaba en el momento en el que los chocolates est\u00e1n en poder de una tercera persona; no obstante a \u00e9sta le daremos todas las pautas para su cuidado \u00f3ptimo. Esto orientado a problemas por mala manipulaci\u00f3n de los chocolates posterior a la entrega.<\/span><\/p>\n\n\t\t<\/div>\n\t<\/div>\n<div class=\"vc_empty_space\"   style=\"height: 50px\"><span class=\"vc_empty_space_inner\"><\/span><\/div><\/div><\/div><\/div><\/div><\/div><div class=\"edgtf-row-grid-section\"><div class=\"vc_row wpb_row vc_row-fluid vc_custom_1591987194940\"><div class=\"wpb_column vc_column_container vc_col-sm-6\"><div class=\"vc_column-inner vc_custom_1595388434121\"><div class=\"wpb_wrapper\"><div class=\"edgtf-elements-holder edgtf-one-column edgtf-responsive-mode-768\" ><div class=\"edgtf-eh-item\"  data-item-class=\"edgtf-eh-custom-660975\">\n\t<div class=\"edgtf-eh-item-inner\">\n\t\t<div class=\"edgtf-eh-item-content edgtf-eh-custom-660975\" >\n\t\t\t<div class=\"edgtf-section-title-holder\" >\n\t\t\t\t\t<h2 class=\"edgtf-st-title\" style=\"font-size: 50px;color: #675295;font-weight: 600\">\n\t\t\t<span>How should I take care of my Bonbons?<\/span>\n\t\t<\/h2>\n\t\t<\/div>\t\t<\/div>\n\t<\/div>\n<\/div><\/div><div class=\"vc_empty_space\"   style=\"height: 50px\"><span class=\"vc_empty_space_inner\"><\/span><\/div>\n\t<div class=\"wpb_text_column wpb_content_element\" >\n\t\t<div class=\"wpb_wrapper\">\n\t\t\t<div class=\"text-align:justify !important;\">\n<p><strong><span style=\"color: #666666; font-size: 17px; line-height: 36px;\">In order for your chocolates to remain perfect, you must\u2026 <\/span><\/strong><\/p>\n<p>&nbsp;<\/p>\n<p><span style=\"color: #666666; font-size: 17px; line-height: 36px; font-weight: 300;\">\u2022 <strong>Avoid tipping the box<\/strong> in which they come so that they do not scratch or hurt.<\/span><\/p>\n<p>&nbsp;<\/p>\n<p><span style=\"color: #666666; font-size: 17px; line-height: 36px; font-weight: 300;\">\u2022 Try to keep them at a <strong>temperature below 25\u00b0C and in a dry place<\/strong>.<\/span><\/p>\n<p>&nbsp;<\/p>\n<p><span style=\"color: #666666; font-size: 17px; line-height: 36px; font-weight: 300;\">\u2022 If you are not going to consume them immediately, <strong>you can put them in the fridge in an airtight container<\/strong> to prevent transfer of odors or excessive moisture.<\/span><\/p>\n<p>&nbsp;<\/p>\n<p><span style=\"color: #666666; font-size: 17px; line-height: 36px; font-weight: 300;\">\u2022 <\/span><span style=\"color: #666666; font-size: 17px; line-height: 36px; font-weight: 300;\">\u00a0If you have refrigerated them, be sure to take them out about 15 minutes before, at room temperature, to prevent them from being very hard from the cold. <\/span><\/p>\n<p>&nbsp;<\/p>\n<p><span style=\"color: #666666; font-size: 17px; line-height: 36px; font-weight: 300;\">\u2022 Our chocolates are made fresh every week, despite their <strong>useful life<\/strong> at room temperature (less than 25\u00b0C) it is 4 to 6 weeks, in the refrigerator it is twice as long.<\/span><\/p>\n<\/div>\n\n\t\t<\/div>\n\t<\/div>\n<div class=\"vc_empty_space\"   style=\"height: 50px\"><span class=\"vc_empty_space_inner\"><\/span><\/div><\/div><\/div><\/div><div class=\"wpb_column vc_column_container vc_col-sm-6\"><div class=\"vc_column-inner\"><div class=\"wpb_wrapper\">\n\t<div  class=\"wpb_single_image wpb_content_element vc_align_left wpb_content_element\">\n\t\t\n\t\t<figure class=\"wpb_wrapper vc_figure\">\n\t\t\t<div class=\"vc_single_image-wrapper   vc_box_border_grey\"><img loading=\"lazy\" decoding=\"async\" width=\"819\" height=\"1024\" src=\"https:\/\/beantobliss.com\/wp-content\/uploads\/2020\/06\/Bean_to_Bliss_Nov_37-819x1024.jpg\" class=\"vc_single_image-img attachment-large\" alt=\"C9\" title=\"Bean To Bliss\" srcset=\"https:\/\/beantobliss.com\/wp-content\/uploads\/2020\/06\/Bean_to_Bliss_Nov_37-819x1024.jpg 819w, https:\/\/beantobliss.com\/wp-content\/uploads\/2020\/06\/Bean_to_Bliss_Nov_37-240x300.jpg 240w, https:\/\/beantobliss.com\/wp-content\/uploads\/2020\/06\/Bean_to_Bliss_Nov_37-768x960.jpg 768w, https:\/\/beantobliss.com\/wp-content\/uploads\/2020\/06\/Bean_to_Bliss_Nov_37-1229x1536.jpg 1229w, https:\/\/beantobliss.com\/wp-content\/uploads\/2020\/06\/Bean_to_Bliss_Nov_37-600x750.jpg 600w, https:\/\/beantobliss.com\/wp-content\/uploads\/2020\/06\/Bean_to_Bliss_Nov_37.jpg 1280w\" sizes=\"auto, (max-width: 819px) 100vw, 819px\" \/><\/div>\n\t\t<\/figure>\n\t<\/div>\n<\/div><\/div><\/div><\/div><\/div><div class=\"vc_row wpb_row vc_row-fluid\"><div class=\"wpb_column vc_column_container vc_col-sm-12\"><div class=\"vc_column-inner\"><div class=\"wpb_wrapper\"><\/div><\/div><\/div><\/div>\n<\/div>","protected":false},"excerpt":{"rendered":"\u00bfC\u00f3mo puedo hacer un pedido? \u00bfC\u00f3mo puedo comprar los chocolates o bien realizar un pedido? &nbsp; Actualmente vendemos nuestros productos exclusivamente por medio de nuestro WhatsApp, as\u00ed que escr\u00edbenos un mensajito al\u00a0 +506-8446-8333 y con gusto te ayudaremos a tramitar [...]","protected":false},"author":1,"featured_media":0,"parent":0,"menu_order":0,"comment_status":"closed","ping_status":"closed","template":"full-width.php","meta":{"_joinchat":[],"footnotes":""},"class_list":["post-11660","page","type-page","status-publish","hentry"],"_links":{"self":[{"href":"https:\/\/beantobliss.com\/en\/wp-json\/wp\/v2\/pages\/11660","targetHints":{"allow":["GET"]}}],"collection":[{"href":"https:\/\/beantobliss.com\/en\/wp-json\/wp\/v2\/pages"}],"about":[{"href":"https:\/\/beantobliss.com\/en\/wp-json\/wp\/v2\/types\/page"}],"author":[{"embeddable":true,"href":"https:\/\/beantobliss.com\/en\/wp-json\/wp\/v2\/users\/1"}],"replies":[{"embeddable":true,"href":"https:\/\/beantobliss.com\/en\/wp-json\/wp\/v2\/comments?post=11660"}],"version-history":[{"count":0,"href":"https:\/\/beantobliss.com\/en\/wp-json\/wp\/v2\/pages\/11660\/revisions"}],"wp:attachment":[{"href":"https:\/\/beantobliss.com\/en\/wp-json\/wp\/v2\/media?parent=11660"}],"curies":[{"name":"wp","href":"https:\/\/api.w.org\/{rel}","templated":true}]}}