{"id":12690,"date":"2023-08-09T01:57:53","date_gmt":"2023-08-09T01:57:53","guid":{"rendered":"https:\/\/beantobliss.com\/?page_id=12690"},"modified":"2024-08-27T23:29:40","modified_gmt":"2024-08-27T23:29:40","slug":"otrosproductos","status":"publish","type":"page","link":"https:\/\/beantobliss.com\/en\/sabores\/otrosproductos\/","title":{"rendered":"Other products"},"content":{"rendered":"<div class=\"wpb-content-wrapper\"><div class=\"vc_row wpb_row vc_row-fluid\"><div class=\"wpb_column vc_column_container vc_col-sm-12\"><div class=\"vc_column-inner\"><div class=\"wpb_wrapper\"><div class=\"vc_empty_space\"   style=\"height: 100px\"><span class=\"vc_empty_space_inner\"><\/span><\/div><h2 class=\"edgtf-custom-font-holder\" style=\"font-family: Century Gothic;font-size: 30px;font-weight: 300;text-align: center;color: #62c1cb\" data-font-size=\"30\">\n\t\u2022 BRICKS \u2022<\/h2><div class=\"vc_empty_space\"   style=\"height: 50px\"><span class=\"vc_empty_space_inner\"><\/span><\/div><h2 class=\"edgtf-custom-font-holder\" style=\"font-family: Century Gothic;font-size: 20px;font-weight: 300;text-align: center;color: #685496\" data-font-size=\"20\">\n\tPiezas s\u00f3lidas de chocolate real con inclusiones varias. Cada paquete contiene 6 unidades.<\/h2><div class=\"vc_empty_space\"   style=\"height: 100px\"><span class=\"vc_empty_space_inner\"><\/span><\/div><div class=\"edgtf-row-grid-section\"><div class=\"vc_row wpb_row vc_inner vc_row-fluid edgtf-content-aligment-center\"><div class=\"wpb_column vc_column_container vc_col-sm-3 vc_col-lg-3 vc_col-md-6 vc_col-xs-12\"><div class=\"vc_column-inner vc_custom_1489159283161\"><div class=\"wpb_wrapper\"><div class=\"edgtf-image-with-text-holder edgtf-image-behavior-\">\n\t<div class=\"edgtf-iwt-image\">\n\t\t<div class=\"edgtf-iwt-image-wrapper\">\n\t\t\t\t\t\t\t\t\t\t\t\t\t\t<img loading=\"lazy\" decoding=\"async\" width=\"1067\" height=\"1600\" src=\"https:\/\/beantobliss.com\/wp-content\/uploads\/2024\/08\/Bean_Agosto_31.jpg\" class=\"attachment-full size-full\" alt=\"\" srcset=\"https:\/\/beantobliss.com\/wp-content\/uploads\/2024\/08\/Bean_Agosto_31.jpg 1067w, https:\/\/beantobliss.com\/wp-content\/uploads\/2024\/08\/Bean_Agosto_31-200x300.jpg 200w, https:\/\/beantobliss.com\/wp-content\/uploads\/2024\/08\/Bean_Agosto_31-683x1024.jpg 683w, https:\/\/beantobliss.com\/wp-content\/uploads\/2024\/08\/Bean_Agosto_31-768x1152.jpg 768w, https:\/\/beantobliss.com\/wp-content\/uploads\/2024\/08\/Bean_Agosto_31-1024x1536.jpg 1024w, https:\/\/beantobliss.com\/wp-content\/uploads\/2024\/08\/Bean_Agosto_31-8x12.jpg 8w\" sizes=\"auto, (max-width: 1067px) 100vw, 1067px\" \/>\t\t\t\t\t\t\t\t\t\t\t\t<\/div>\n\t<\/div>\n\t<div class=\"edgtf-iwt-text-holder\">\n\t\t\t\t<h5 class=\"edgtf-iwt-title\" style=\"color: #303030\">BRICKS 70%<\/h5>\n\t\t\t\t<p class=\"edgtf-iwt-text\" style=\"color: #666666\">Ladrillitos de chocolate oscuro al 70% con inclusiones de copos de cereal, almendra y naranja confitada.<\/p>\n\t<\/div>\n<\/div><div class=\"vc_empty_space\"   style=\"height: 50px\"><span class=\"vc_empty_space_inner\"><\/span><\/div><\/div><\/div><\/div><div class=\"wpb_column vc_column_container vc_col-sm-3 vc_col-lg-3 vc_col-md-6 vc_col-xs-12\"><div class=\"vc_column-inner vc_custom_1489159292145\"><div class=\"wpb_wrapper\"><div class=\"edgtf-image-with-text-holder edgtf-image-behavior-\">\n\t<div class=\"edgtf-iwt-image\">\n\t\t<div class=\"edgtf-iwt-image-wrapper\">\n\t\t\t\t\t\t\t\t\t\t\t\t\t\t<img loading=\"lazy\" decoding=\"async\" width=\"1067\" height=\"1600\" src=\"https:\/\/beantobliss.com\/wp-content\/uploads\/2024\/08\/Bean_Agosto_24.jpg\" class=\"attachment-full size-full\" alt=\"\" srcset=\"https:\/\/beantobliss.com\/wp-content\/uploads\/2024\/08\/Bean_Agosto_24.jpg 1067w, https:\/\/beantobliss.com\/wp-content\/uploads\/2024\/08\/Bean_Agosto_24-200x300.jpg 200w, https:\/\/beantobliss.com\/wp-content\/uploads\/2024\/08\/Bean_Agosto_24-683x1024.jpg 683w, https:\/\/beantobliss.com\/wp-content\/uploads\/2024\/08\/Bean_Agosto_24-768x1152.jpg 768w, https:\/\/beantobliss.com\/wp-content\/uploads\/2024\/08\/Bean_Agosto_24-1024x1536.jpg 1024w, https:\/\/beantobliss.com\/wp-content\/uploads\/2024\/08\/Bean_Agosto_24-8x12.jpg 8w\" sizes=\"auto, (max-width: 1067px) 100vw, 1067px\" \/>\t\t\t\t\t\t\t\t\t\t\t\t<\/div>\n\t<\/div>\n\t<div class=\"edgtf-iwt-text-holder\">\n\t\t\t\t<h5 class=\"edgtf-iwt-title\" style=\"color: #303030\">BRICKS TOFFEE<\/h5>\n\t\t\t\t<p class=\"edgtf-iwt-text\" style=\"color: #666666\">Ladrillitos de chocolate con leche al 35% con inclusiones de copos de cereal y toffee (caramelo crujiente).<\/p>\n\t<\/div>\n<\/div><div class=\"vc_empty_space\"   style=\"height: 50px\"><span class=\"vc_empty_space_inner\"><\/span><\/div><\/div><\/div><\/div><div class=\"wpb_column vc_column_container vc_col-sm-3\"><div class=\"vc_column-inner\"><div class=\"wpb_wrapper\"><div class=\"edgtf-image-with-text-holder edgtf-image-behavior-\">\n\t<div class=\"edgtf-iwt-image\">\n\t\t<div class=\"edgtf-iwt-image-wrapper\">\n\t\t\t\t\t\t\t\t\t\t\t\t\t\t<img loading=\"lazy\" decoding=\"async\" width=\"1067\" height=\"1600\" src=\"https:\/\/beantobliss.com\/wp-content\/uploads\/2024\/08\/Bean_Agosto_22.jpg\" class=\"attachment-full size-full\" alt=\"\" srcset=\"https:\/\/beantobliss.com\/wp-content\/uploads\/2024\/08\/Bean_Agosto_22.jpg 1067w, https:\/\/beantobliss.com\/wp-content\/uploads\/2024\/08\/Bean_Agosto_22-200x300.jpg 200w, https:\/\/beantobliss.com\/wp-content\/uploads\/2024\/08\/Bean_Agosto_22-683x1024.jpg 683w, https:\/\/beantobliss.com\/wp-content\/uploads\/2024\/08\/Bean_Agosto_22-768x1152.jpg 768w, https:\/\/beantobliss.com\/wp-content\/uploads\/2024\/08\/Bean_Agosto_22-1024x1536.jpg 1024w, https:\/\/beantobliss.com\/wp-content\/uploads\/2024\/08\/Bean_Agosto_22-8x12.jpg 8w\" sizes=\"auto, (max-width: 1067px) 100vw, 1067px\" \/>\t\t\t\t\t\t\t\t\t\t\t\t<\/div>\n\t<\/div>\n\t<div class=\"edgtf-iwt-text-holder\">\n\t\t\t\t<h5 class=\"edgtf-iwt-title\" style=\"color: #303030\">BRICKS MAN\u00cd<\/h5>\n\t\t\t\t<p class=\"edgtf-iwt-text\" style=\"color: #666666\">Ladrillitos de chocolate oscuro al 70% con inclusiones de copos de cereal y man\u00ed confitado.<\/p>\n\t<\/div>\n<\/div><div class=\"vc_empty_space\"   style=\"height: 50px\"><span class=\"vc_empty_space_inner\"><\/span><\/div><\/div><\/div><\/div><div class=\"wpb_column vc_column_container vc_col-sm-3\"><div class=\"vc_column-inner\"><div class=\"wpb_wrapper\"><div class=\"edgtf-image-with-text-holder edgtf-image-behavior-\">\n\t<div class=\"edgtf-iwt-image\">\n\t\t<div class=\"edgtf-iwt-image-wrapper\">\n\t\t\t\t\t\t\t\t\t\t\t\t\t\t<img loading=\"lazy\" decoding=\"async\" width=\"1067\" height=\"1600\" src=\"https:\/\/beantobliss.com\/wp-content\/uploads\/2024\/08\/Bean_Agosto_23.jpg\" class=\"attachment-full size-full\" alt=\"\" srcset=\"https:\/\/beantobliss.com\/wp-content\/uploads\/2024\/08\/Bean_Agosto_23.jpg 1067w, https:\/\/beantobliss.com\/wp-content\/uploads\/2024\/08\/Bean_Agosto_23-200x300.jpg 200w, https:\/\/beantobliss.com\/wp-content\/uploads\/2024\/08\/Bean_Agosto_23-683x1024.jpg 683w, https:\/\/beantobliss.com\/wp-content\/uploads\/2024\/08\/Bean_Agosto_23-768x1152.jpg 768w, https:\/\/beantobliss.com\/wp-content\/uploads\/2024\/08\/Bean_Agosto_23-1024x1536.jpg 1024w, https:\/\/beantobliss.com\/wp-content\/uploads\/2024\/08\/Bean_Agosto_23-8x12.jpg 8w\" sizes=\"auto, (max-width: 1067px) 100vw, 1067px\" \/>\t\t\t\t\t\t\t\t\t\t\t\t<\/div>\n\t<\/div>\n\t<div class=\"edgtf-iwt-text-holder\">\n\t\t\t\t<h5 class=\"edgtf-iwt-title\" style=\"color: #303030\">BRICKS AMBER<\/h5>\n\t\t\t\t<p class=\"edgtf-iwt-text\" style=\"color: #666666\">Ladrillitos de chocolate blanco caramelizado con inclusiones de copos de cereal, pretzel y arroz inflado cubierto de chocolate con leche.<\/p>\n\t<\/div>\n<\/div><div class=\"vc_empty_space\"   style=\"height: 50px\"><span class=\"vc_empty_space_inner\"><\/span><\/div><\/div><\/div><\/div><\/div><\/div><div class=\"edgtf-row-grid-section\"><div class=\"vc_row wpb_row vc_inner vc_row-fluid edgtf-content-aligment-center\"><div class=\"wpb_column vc_column_container vc_col-sm-3 vc_col-lg-3 vc_col-md-6 vc_col-xs-12\"><div class=\"vc_column-inner vc_custom_1489159283161\"><div class=\"wpb_wrapper\"><div class=\"edgtf-image-with-text-holder edgtf-image-behavior-\">\n\t<div class=\"edgtf-iwt-image\">\n\t\t<div class=\"edgtf-iwt-image-wrapper\">\n\t\t\t\t\t\t\t\t\t\t\t\t\t\t<img loading=\"lazy\" decoding=\"async\" width=\"1067\" height=\"1600\" src=\"https:\/\/beantobliss.com\/wp-content\/uploads\/2024\/08\/Bean_Agosto_29.jpg\" class=\"attachment-full size-full\" alt=\"\" srcset=\"https:\/\/beantobliss.com\/wp-content\/uploads\/2024\/08\/Bean_Agosto_29.jpg 1067w, https:\/\/beantobliss.com\/wp-content\/uploads\/2024\/08\/Bean_Agosto_29-200x300.jpg 200w, https:\/\/beantobliss.com\/wp-content\/uploads\/2024\/08\/Bean_Agosto_29-683x1024.jpg 683w, https:\/\/beantobliss.com\/wp-content\/uploads\/2024\/08\/Bean_Agosto_29-768x1152.jpg 768w, https:\/\/beantobliss.com\/wp-content\/uploads\/2024\/08\/Bean_Agosto_29-1024x1536.jpg 1024w, https:\/\/beantobliss.com\/wp-content\/uploads\/2024\/08\/Bean_Agosto_29-8x12.jpg 8w\" sizes=\"auto, (max-width: 1067px) 100vw, 1067px\" \/>\t\t\t\t\t\t\t\t\t\t\t\t<\/div>\n\t<\/div>\n\t<div class=\"edgtf-iwt-text-holder\">\n\t\t\t\t<h5 class=\"edgtf-iwt-title\" style=\"color: #303030\">BRICKS YOFRUITY<\/h5>\n\t\t\t\t<p class=\"edgtf-iwt-text\" style=\"color: #666666\">6 piezas s\u00f3lidas de chocolate blanco con inclusiones de copos de cereal, arroz inflado cubierto de chocolate con leche, pistachos y yogurt liofilizado.<\/p>\n\t<\/div>\n<\/div><div class=\"vc_empty_space\"   style=\"height: 50px\"><span class=\"vc_empty_space_inner\"><\/span><\/div><\/div><\/div><\/div><div class=\"wpb_column vc_column_container vc_col-sm-3 vc_col-lg-3 vc_col-md-6 vc_col-xs-12\"><div class=\"vc_column-inner vc_custom_1489159292145\"><div class=\"wpb_wrapper\"><div class=\"vc_empty_space\"   style=\"height: 50px\"><span class=\"vc_empty_space_inner\"><\/span><\/div><\/div><\/div><\/div><div class=\"wpb_column vc_column_container vc_col-sm-3\"><div class=\"vc_column-inner\"><div class=\"wpb_wrapper\"><div class=\"vc_empty_space\"   style=\"height: 50px\"><span class=\"vc_empty_space_inner\"><\/span><\/div><\/div><\/div><\/div><div class=\"wpb_column vc_column_container vc_col-sm-3\"><div class=\"vc_column-inner\"><div class=\"wpb_wrapper\"><div class=\"vc_empty_space\"   style=\"height: 50px\"><span class=\"vc_empty_space_inner\"><\/span><\/div><\/div><\/div><\/div><\/div><\/div><\/div><\/div><\/div><div class=\"wpb_column vc_column_container vc_col-sm-12\"><div class=\"vc_column-inner\"><div class=\"wpb_wrapper\"><\/div><\/div><\/div><\/div><div class=\"vc_row wpb_row vc_row-fluid\"><div class=\"wpb_column vc_column_container vc_col-sm-12\"><div class=\"vc_column-inner\"><div class=\"wpb_wrapper\"><div class=\"vc_empty_space\"   style=\"height: 100px\"><span class=\"vc_empty_space_inner\"><\/span><\/div><h2 class=\"edgtf-custom-font-holder\" style=\"font-family: Century Gothic;font-size: 30px;font-weight: 300;text-align: center;color: #62c1cb\" data-font-size=\"30\">\n\t\u2022 PODS \u2022<\/h2><div class=\"vc_empty_space\"   style=\"height: 50px\"><span class=\"vc_empty_space_inner\"><\/span><\/div><h2 class=\"edgtf-custom-font-holder\" style=\"font-family: Century Gothic;font-size: 20px;font-weight: 300;text-align: center;color: #685496\" data-font-size=\"20\">\n\tPiezas s\u00f3lidas de chocolate real para bebida de chocolate caliente.<\/h2><div class=\"vc_empty_space\"   style=\"height: 50px\"><span class=\"vc_empty_space_inner\"><\/span><\/div><h2 class=\"edgtf-custom-font-holder\" style=\"font-family: Century Gothic;font-size: 20px;font-weight: 300;text-align: center;color: #685496\" data-font-size=\"20\">\n\tINSTRUCCIONES: Por cada pod o disco, agregue 200-250ml de leche en una olla y ll\u00e9velos a hervor. Es indispensable hervir la mezcla para lograr homogeneidad y la textura deseada. Posteriormente estar\u00e1 listo para servir.<\/h2><div class=\"vc_empty_space\"   style=\"height: 100px\"><span class=\"vc_empty_space_inner\"><\/span><\/div><div class=\"edgtf-row-grid-section\"><div class=\"vc_row wpb_row vc_inner vc_row-fluid edgtf-content-aligment-center\"><div class=\"wpb_column vc_column_container vc_col-sm-3 vc_col-lg-3 vc_col-md-6 vc_col-xs-12\"><div class=\"vc_column-inner vc_custom_1489159283161\"><div class=\"wpb_wrapper\"><div class=\"edgtf-image-with-text-holder edgtf-image-behavior-\">\n\t<div class=\"edgtf-iwt-image\">\n\t\t<div class=\"edgtf-iwt-image-wrapper\">\n\t\t\t\t\t\t\t\t\t\t\t\t\t\t<img loading=\"lazy\" decoding=\"async\" width=\"1600\" height=\"1600\" src=\"https:\/\/beantobliss.com\/wp-content\/uploads\/2024\/08\/Bean_Agosto_15.jpg\" class=\"attachment-full size-full\" alt=\"\" srcset=\"https:\/\/beantobliss.com\/wp-content\/uploads\/2024\/08\/Bean_Agosto_15.jpg 1600w, https:\/\/beantobliss.com\/wp-content\/uploads\/2024\/08\/Bean_Agosto_15-300x300.jpg 300w, https:\/\/beantobliss.com\/wp-content\/uploads\/2024\/08\/Bean_Agosto_15-1024x1024.jpg 1024w, https:\/\/beantobliss.com\/wp-content\/uploads\/2024\/08\/Bean_Agosto_15-150x150.jpg 150w, https:\/\/beantobliss.com\/wp-content\/uploads\/2024\/08\/Bean_Agosto_15-768x768.jpg 768w, https:\/\/beantobliss.com\/wp-content\/uploads\/2024\/08\/Bean_Agosto_15-1536x1536.jpg 1536w, https:\/\/beantobliss.com\/wp-content\/uploads\/2024\/08\/Bean_Agosto_15-12x12.jpg 12w, https:\/\/beantobliss.com\/wp-content\/uploads\/2024\/08\/Bean_Agosto_15-550x550.jpg 550w, https:\/\/beantobliss.com\/wp-content\/uploads\/2024\/08\/Bean_Agosto_15-1100x1100.jpg 1100w\" sizes=\"auto, (max-width: 1600px) 100vw, 1600px\" \/>\t\t\t\t\t\t\t\t\t\t\t\t<\/div>\n\t<\/div>\n\t<div class=\"edgtf-iwt-text-holder\">\n\t\t\t\t<h5 class=\"edgtf-iwt-title\" style=\"color: #303030\">PODS CICCAMON<\/h5>\n\t\t\t\t<p class=\"edgtf-iwt-text\" style=\"color: #666666\">4 piezas s\u00f3lidas de chocolate para preparar bebida de chocolate caliente. Cada paquete incluye: 2 pods sabor canela y pimienta cayenne y 2 sabor original (s\u00f3lo chocolate).<\/p>\n\t<\/div>\n<\/div><div class=\"vc_empty_space\"   style=\"height: 50px\"><span class=\"vc_empty_space_inner\"><\/span><\/div><\/div><\/div><\/div><div class=\"wpb_column vc_column_container vc_col-sm-3 vc_col-lg-3 vc_col-md-6 vc_col-xs-12\"><div class=\"vc_column-inner vc_custom_1489159292145\"><div class=\"wpb_wrapper\"><div class=\"edgtf-image-with-text-holder edgtf-image-behavior-\">\n\t<div class=\"edgtf-iwt-image\">\n\t\t<div class=\"edgtf-iwt-image-wrapper\">\n\t\t\t\t\t\t\t\t\t\t\t\t\t\t<img loading=\"lazy\" decoding=\"async\" width=\"1600\" height=\"1600\" src=\"https:\/\/beantobliss.com\/wp-content\/uploads\/2024\/08\/Bean_Agosto_16.jpg\" class=\"attachment-full size-full\" alt=\"\" srcset=\"https:\/\/beantobliss.com\/wp-content\/uploads\/2024\/08\/Bean_Agosto_16.jpg 1600w, https:\/\/beantobliss.com\/wp-content\/uploads\/2024\/08\/Bean_Agosto_16-300x300.jpg 300w, https:\/\/beantobliss.com\/wp-content\/uploads\/2024\/08\/Bean_Agosto_16-1024x1024.jpg 1024w, https:\/\/beantobliss.com\/wp-content\/uploads\/2024\/08\/Bean_Agosto_16-150x150.jpg 150w, https:\/\/beantobliss.com\/wp-content\/uploads\/2024\/08\/Bean_Agosto_16-768x768.jpg 768w, https:\/\/beantobliss.com\/wp-content\/uploads\/2024\/08\/Bean_Agosto_16-1536x1536.jpg 1536w, https:\/\/beantobliss.com\/wp-content\/uploads\/2024\/08\/Bean_Agosto_16-12x12.jpg 12w, https:\/\/beantobliss.com\/wp-content\/uploads\/2024\/08\/Bean_Agosto_16-550x550.jpg 550w, https:\/\/beantobliss.com\/wp-content\/uploads\/2024\/08\/Bean_Agosto_16-1100x1100.jpg 1100w\" sizes=\"auto, (max-width: 1600px) 100vw, 1600px\" \/>\t\t\t\t\t\t\t\t\t\t\t\t<\/div>\n\t<\/div>\n\t<div class=\"edgtf-iwt-text-holder\">\n\t\t\t\t<h5 class=\"edgtf-iwt-title\" style=\"color: #303030\">PODS MENTA<\/h5>\n\t\t\t\t<p class=\"edgtf-iwt-text\" style=\"color: #666666\">4 piezas s\u00f3lidas de chocolate para preparar bebida de chocolate caliente. Cada paquete incluye: 2 pods sabor menta y 2 sabor original (s\u00f3lo chocolate).<\/p>\n\t<\/div>\n<\/div><div class=\"vc_empty_space\"   style=\"height: 50px\"><span class=\"vc_empty_space_inner\"><\/span><\/div><\/div><\/div><\/div><div class=\"wpb_column vc_column_container vc_col-sm-3\"><div class=\"vc_column-inner\"><div class=\"wpb_wrapper\"><div class=\"edgtf-image-with-text-holder edgtf-image-behavior-\">\n\t<div class=\"edgtf-iwt-image\">\n\t\t<div class=\"edgtf-iwt-image-wrapper\">\n\t\t\t\t\t\t\t\t\t\t\t\t\t\t<img loading=\"lazy\" decoding=\"async\" width=\"1600\" height=\"1600\" src=\"https:\/\/beantobliss.com\/wp-content\/uploads\/2024\/08\/Bean_Agosto_14.jpg\" class=\"attachment-full size-full\" alt=\"\" srcset=\"https:\/\/beantobliss.com\/wp-content\/uploads\/2024\/08\/Bean_Agosto_14.jpg 1600w, https:\/\/beantobliss.com\/wp-content\/uploads\/2024\/08\/Bean_Agosto_14-300x300.jpg 300w, https:\/\/beantobliss.com\/wp-content\/uploads\/2024\/08\/Bean_Agosto_14-1024x1024.jpg 1024w, https:\/\/beantobliss.com\/wp-content\/uploads\/2024\/08\/Bean_Agosto_14-150x150.jpg 150w, https:\/\/beantobliss.com\/wp-content\/uploads\/2024\/08\/Bean_Agosto_14-768x768.jpg 768w, https:\/\/beantobliss.com\/wp-content\/uploads\/2024\/08\/Bean_Agosto_14-1536x1536.jpg 1536w, https:\/\/beantobliss.com\/wp-content\/uploads\/2024\/08\/Bean_Agosto_14-12x12.jpg 12w, https:\/\/beantobliss.com\/wp-content\/uploads\/2024\/08\/Bean_Agosto_14-550x550.jpg 550w, https:\/\/beantobliss.com\/wp-content\/uploads\/2024\/08\/Bean_Agosto_14-1100x1100.jpg 1100w\" sizes=\"auto, (max-width: 1600px) 100vw, 1600px\" \/>\t\t\t\t\t\t\t\t\t\t\t\t<\/div>\n\t<\/div>\n\t<div class=\"edgtf-iwt-text-holder\">\n\t\t\t\t<h5 class=\"edgtf-iwt-title\" style=\"color: #303030\">PODS NARANJA<\/h5>\n\t\t\t\t<p class=\"edgtf-iwt-text\" style=\"color: #666666\">4 piezas s\u00f3lidas de chocolate para preparar bebida de chocolate caliente. Cada paquete incluye: 2 pods sabor naranja y 2 sabor original (s\u00f3lo chocolate).<\/p>\n\t<\/div>\n<\/div><div class=\"vc_empty_space\"   style=\"height: 50px\"><span class=\"vc_empty_space_inner\"><\/span><\/div><\/div><\/div><\/div><div class=\"wpb_column vc_column_container vc_col-sm-3\"><div class=\"vc_column-inner\"><div class=\"wpb_wrapper\"><div class=\"vc_empty_space\"   style=\"height: 50px\"><span class=\"vc_empty_space_inner\"><\/span><\/div><\/div><\/div><\/div><\/div><\/div><\/div><\/div><\/div><div class=\"wpb_column vc_column_container vc_col-sm-12\"><div class=\"vc_column-inner\"><div class=\"wpb_wrapper\"><\/div><\/div><\/div><\/div><div class=\"vc_row wpb_row vc_row-fluid\"><div class=\"wpb_column vc_column_container vc_col-sm-12\"><div class=\"vc_column-inner\"><div class=\"wpb_wrapper\"><div class=\"vc_empty_space\"   style=\"height: 100px\"><span class=\"vc_empty_space_inner\"><\/span><\/div><h2 class=\"edgtf-custom-font-holder\" style=\"font-family: Century Gothic;font-size: 30px;font-weight: 300;text-align: center;color: #62c1cb\" data-font-size=\"30\">\n\t\u2022 OTRAS CONFECCIONES \u2022<\/h2><div class=\"vc_empty_space\"   style=\"height: 50px\"><span class=\"vc_empty_space_inner\"><\/span><\/div><h2 class=\"edgtf-custom-font-holder\" style=\"font-family: Century Gothic;font-size: 20px;font-weight: 300;text-align: center;color: #685496\" data-font-size=\"20\">\n\tOtras confecciones de chocolate o az\u00facar en rotaci\u00f3n regular en las Chocolater\u00edas.<\/h2><div class=\"vc_empty_space\"   style=\"height: 100px\"><span class=\"vc_empty_space_inner\"><\/span><\/div><div class=\"edgtf-row-grid-section\"><div class=\"vc_row wpb_row vc_inner vc_row-fluid edgtf-content-aligment-center\"><div class=\"wpb_column vc_column_container vc_col-sm-3 vc_col-lg-3 vc_col-md-6 vc_col-xs-12\"><div class=\"vc_column-inner vc_custom_1489159283161\"><div class=\"wpb_wrapper\"><div class=\"edgtf-image-with-text-holder edgtf-image-behavior-\">\n\t<div class=\"edgtf-iwt-image\">\n\t\t<div class=\"edgtf-iwt-image-wrapper\">\n\t\t\t\t\t\t\t\t\t\t\t\t\t\t<img loading=\"lazy\" decoding=\"async\" width=\"1600\" height=\"1600\" src=\"https:\/\/beantobliss.com\/wp-content\/uploads\/2024\/08\/Bean_Agosto_18.jpg\" class=\"attachment-full size-full\" alt=\"\" srcset=\"https:\/\/beantobliss.com\/wp-content\/uploads\/2024\/08\/Bean_Agosto_18.jpg 1600w, https:\/\/beantobliss.com\/wp-content\/uploads\/2024\/08\/Bean_Agosto_18-300x300.jpg 300w, https:\/\/beantobliss.com\/wp-content\/uploads\/2024\/08\/Bean_Agosto_18-1024x1024.jpg 1024w, https:\/\/beantobliss.com\/wp-content\/uploads\/2024\/08\/Bean_Agosto_18-150x150.jpg 150w, https:\/\/beantobliss.com\/wp-content\/uploads\/2024\/08\/Bean_Agosto_18-768x768.jpg 768w, https:\/\/beantobliss.com\/wp-content\/uploads\/2024\/08\/Bean_Agosto_18-1536x1536.jpg 1536w, https:\/\/beantobliss.com\/wp-content\/uploads\/2024\/08\/Bean_Agosto_18-12x12.jpg 12w, https:\/\/beantobliss.com\/wp-content\/uploads\/2024\/08\/Bean_Agosto_18-550x550.jpg 550w, https:\/\/beantobliss.com\/wp-content\/uploads\/2024\/08\/Bean_Agosto_18-1100x1100.jpg 1100w\" sizes=\"auto, (max-width: 1600px) 100vw, 1600px\" \/>\t\t\t\t\t\t\t\t\t\t\t\t<\/div>\n\t<\/div>\n\t<div class=\"edgtf-iwt-text-holder\">\n\t\t\t\t<h5 class=\"edgtf-iwt-title\" style=\"color: #303030\">COSMIC BARK<\/h5>\n\t\t\t\t<p class=\"edgtf-iwt-text\" style=\"color: #666666\">Tablet\u00f3n s\u00f3lido de chocolate con leche al 35% con inclusiones de: helado de fresa liofilizado, helado mini sandwich liofilizado, marshmallow liofilizado, arroz inflado cubierto de chocolate y almendras.<\/p>\n\t<\/div>\n<\/div><div class=\"vc_empty_space\"   style=\"height: 50px\"><span class=\"vc_empty_space_inner\"><\/span><\/div><\/div><\/div><\/div><div class=\"wpb_column vc_column_container vc_col-sm-3 vc_col-lg-3 vc_col-md-6 vc_col-xs-12\"><div class=\"vc_column-inner vc_custom_1489159292145\"><div class=\"wpb_wrapper\"><div class=\"vc_empty_space\"   style=\"height: 50px\"><span class=\"vc_empty_space_inner\"><\/span><\/div><\/div><\/div><\/div><div class=\"wpb_column vc_column_container vc_col-sm-3\"><div class=\"vc_column-inner\"><div class=\"wpb_wrapper\"><div class=\"vc_empty_space\"   style=\"height: 50px\"><span class=\"vc_empty_space_inner\"><\/span><\/div><\/div><\/div><\/div><div class=\"wpb_column vc_column_container vc_col-sm-3\"><div class=\"vc_column-inner\"><div class=\"wpb_wrapper\"><div class=\"vc_empty_space\"   style=\"height: 50px\"><span class=\"vc_empty_space_inner\"><\/span><\/div><\/div><\/div><\/div><\/div><\/div><\/div><\/div><\/div><div class=\"wpb_column vc_column_container vc_col-sm-12\"><div class=\"vc_column-inner\"><div class=\"wpb_wrapper\"><\/div><\/div><\/div><\/div><div class=\"vc_row wpb_row vc_row-fluid\"><div class=\"wpb_column vc_column_container vc_col-sm-12\"><div class=\"vc_column-inner\"><div class=\"wpb_wrapper\"><div class=\"vc_empty_space\"   style=\"height: 100px\"><span class=\"vc_empty_space_inner\"><\/span><\/div><\/div><\/div><\/div><\/div>\n<\/div>","protected":false},"excerpt":{"rendered":"\u2022 BRICKS \u2022 Piezas s\u00f3lidas de chocolate real con inclusiones varias. Cada paquete contiene 6 unidades. BRICKS 70% Ladrillitos de chocolate oscuro al 70% con inclusiones de copos de cereal, almendra y naranja confitada. BRICKS TOFFEE Ladrillitos de chocolate con [...]","protected":false},"author":1,"featured_media":0,"parent":11428,"menu_order":0,"comment_status":"closed","ping_status":"closed","template":"full-width.php","meta":{"_joinchat":[],"footnotes":""},"class_list":["post-12690","page","type-page","status-publish","hentry"],"_links":{"self":[{"href":"https:\/\/beantobliss.com\/en\/wp-json\/wp\/v2\/pages\/12690","targetHints":{"allow":["GET"]}}],"collection":[{"href":"https:\/\/beantobliss.com\/en\/wp-json\/wp\/v2\/pages"}],"about":[{"href":"https:\/\/beantobliss.com\/en\/wp-json\/wp\/v2\/types\/page"}],"author":[{"embeddable":true,"href":"https:\/\/beantobliss.com\/en\/wp-json\/wp\/v2\/users\/1"}],"replies":[{"embeddable":true,"href":"https:\/\/beantobliss.com\/en\/wp-json\/wp\/v2\/comments?post=12690"}],"version-history":[{"count":0,"href":"https:\/\/beantobliss.com\/en\/wp-json\/wp\/v2\/pages\/12690\/revisions"}],"up":[{"embeddable":true,"href":"https:\/\/beantobliss.com\/en\/wp-json\/wp\/v2\/pages\/11428"}],"wp:attachment":[{"href":"https:\/\/beantobliss.com\/en\/wp-json\/wp\/v2\/media?parent=12690"}],"curies":[{"name":"wp","href":"https:\/\/api.w.org\/{rel}","templated":true}]}}