{"id":12762,"date":"2023-08-10T17:04:33","date_gmt":"2023-08-10T17:04:33","guid":{"rendered":"https:\/\/beantobliss.com\/?page_id=12762"},"modified":"2025-11-13T14:37:39","modified_gmt":"2025-11-13T14:37:39","slug":"especiales-sanvalentin","status":"publish","type":"page","link":"https:\/\/beantobliss.com\/en\/sabores\/especiales-sanvalentin\/","title":{"rendered":"Valentine's Day"},"content":{"rendered":"<div class=\"wpb-content-wrapper\"><div class=\"vc_row wpb_row vc_row-fluid\"><div class=\"wpb_column vc_column_container vc_col-sm-12\"><div class=\"vc_column-inner\"><div class=\"wpb_wrapper\"><div class=\"vc_empty_space\"   style=\"height: 100px\"><span class=\"vc_empty_space_inner\"><\/span><\/div><h2 style=\"font-size: 30px;color: #62c1cb;text-align: center\" class=\"vc_custom_heading vc_do_custom_heading\" >\u2022 Bonbons \u2022<\/h2><div class=\"vc_empty_space\"   style=\"height: 50px\"><span class=\"vc_empty_space_inner\"><\/span><\/div><h2 class=\"edgtf-custom-font-holder\" style=\"font-family: Century Gothic;font-size: 20px;font-weight: 300;text-align: center;color: #685496\" data-font-size=\"20\">\n\tNuestros bombones se venden en las presentaciones cl\u00e1sicas de 1, 2, 4, 6, 9, 12, 16 y 25 unidades.<\/h2><div class=\"vc_empty_space\"   style=\"height: 100px\"><span class=\"vc_empty_space_inner\"><\/span><\/div><div class=\"edgtf-row-grid-section\"><div class=\"vc_row wpb_row vc_inner vc_row-fluid edgtf-content-aligment-center\"><div class=\"wpb_column vc_column_container vc_col-sm-6 vc_col-lg-3 vc_col-md-6 vc_col-xs-12\"><div class=\"vc_column-inner vc_custom_1489159283161\"><div class=\"wpb_wrapper\"><div class=\"edgtf-image-with-text-holder edgtf-image-behavior-\">\n\t<div class=\"edgtf-iwt-image\">\n\t\t<div class=\"edgtf-iwt-image-wrapper\">\n\t\t\t\t\t\t\t\t\t\t\t\t\t\t<img loading=\"lazy\" decoding=\"async\" width=\"1600\" height=\"1600\" src=\"https:\/\/beantobliss.com\/wp-content\/uploads\/2022\/02\/Catalogo_12.jpg\" class=\"attachment-full size-full\" alt=\"\" srcset=\"https:\/\/beantobliss.com\/wp-content\/uploads\/2022\/02\/Catalogo_12.jpg 1600w, https:\/\/beantobliss.com\/wp-content\/uploads\/2022\/02\/Catalogo_12-300x300.jpg 300w, https:\/\/beantobliss.com\/wp-content\/uploads\/2022\/02\/Catalogo_12-1024x1024.jpg 1024w, https:\/\/beantobliss.com\/wp-content\/uploads\/2022\/02\/Catalogo_12-150x150.jpg 150w, https:\/\/beantobliss.com\/wp-content\/uploads\/2022\/02\/Catalogo_12-768x768.jpg 768w, https:\/\/beantobliss.com\/wp-content\/uploads\/2022\/02\/Catalogo_12-1536x1536.jpg 1536w, https:\/\/beantobliss.com\/wp-content\/uploads\/2022\/02\/Catalogo_12-550x550.jpg 550w, https:\/\/beantobliss.com\/wp-content\/uploads\/2022\/02\/Catalogo_12-1100x1100.jpg 1100w, https:\/\/beantobliss.com\/wp-content\/uploads\/2022\/02\/Catalogo_12-600x600.jpg 600w, https:\/\/beantobliss.com\/wp-content\/uploads\/2022\/02\/Catalogo_12-200x200.jpg 200w\" sizes=\"auto, (max-width: 1600px) 100vw, 1600px\" \/>\t\t\t\t\t\t\t\t\t\t\t\t<\/div>\n\t<\/div>\n\t<div class=\"edgtf-iwt-text-holder\">\n\t\t\t\t<h5 class=\"edgtf-iwt-title\" style=\"color: #303030\">CHERRY NILLA<\/h5>\n\t\t\t\t<p class=\"edgtf-iwt-text\" style=\"color: #666666\">Chocolate bonbon filled with cherry syrup and white ganache with natural vanilla.<\/p>\n\t<\/div>\n<\/div><div class=\"vc_empty_space\"   style=\"height: 50px\"><span class=\"vc_empty_space_inner\"><\/span><\/div><\/div><\/div><\/div><div class=\"wpb_column vc_column_container vc_col-sm-6 vc_col-lg-3 vc_col-md-6 vc_col-xs-12\"><div class=\"vc_column-inner vc_custom_1489159292145\"><div class=\"wpb_wrapper\"><div class=\"edgtf-image-with-text-holder edgtf-image-behavior-\">\n\t<div class=\"edgtf-iwt-image\">\n\t\t<div class=\"edgtf-iwt-image-wrapper\">\n\t\t\t\t\t\t\t\t\t\t\t\t\t\t<img loading=\"lazy\" decoding=\"async\" width=\"1600\" height=\"1600\" src=\"https:\/\/beantobliss.com\/wp-content\/uploads\/2022\/02\/Catalogo_20.jpg\" class=\"attachment-full size-full\" alt=\"\" srcset=\"https:\/\/beantobliss.com\/wp-content\/uploads\/2022\/02\/Catalogo_20.jpg 1600w, https:\/\/beantobliss.com\/wp-content\/uploads\/2022\/02\/Catalogo_20-300x300.jpg 300w, https:\/\/beantobliss.com\/wp-content\/uploads\/2022\/02\/Catalogo_20-1024x1024.jpg 1024w, https:\/\/beantobliss.com\/wp-content\/uploads\/2022\/02\/Catalogo_20-150x150.jpg 150w, https:\/\/beantobliss.com\/wp-content\/uploads\/2022\/02\/Catalogo_20-768x768.jpg 768w, https:\/\/beantobliss.com\/wp-content\/uploads\/2022\/02\/Catalogo_20-1536x1536.jpg 1536w, https:\/\/beantobliss.com\/wp-content\/uploads\/2022\/02\/Catalogo_20-550x550.jpg 550w, https:\/\/beantobliss.com\/wp-content\/uploads\/2022\/02\/Catalogo_20-1100x1100.jpg 1100w, https:\/\/beantobliss.com\/wp-content\/uploads\/2022\/02\/Catalogo_20-600x600.jpg 600w, https:\/\/beantobliss.com\/wp-content\/uploads\/2022\/02\/Catalogo_20-200x200.jpg 200w\" sizes=\"auto, (max-width: 1600px) 100vw, 1600px\" \/>\t\t\t\t\t\t\t\t\t\t\t\t<\/div>\n\t<\/div>\n\t<div class=\"edgtf-iwt-text-holder\">\n\t\t\t\t<h5 class=\"edgtf-iwt-title\" style=\"color: #303030\">ROSE N LILA<\/h5>\n\t\t\t\t<p class=\"edgtf-iwt-text\" style=\"color: #666666\">Chocolate bonbon filled with Tequila Rose ganache.<\/p>\n\t<\/div>\n<\/div><div class=\"vc_empty_space\"   style=\"height: 50px\"><span class=\"vc_empty_space_inner\"><\/span><\/div><\/div><\/div><\/div><div class=\"wpb_column vc_column_container vc_col-sm-6 vc_col-lg-3 vc_col-md-6 vc_col-xs-12\"><div class=\"vc_column-inner vc_custom_1489159300323\"><div class=\"wpb_wrapper\"><div class=\"edgtf-image-with-text-holder edgtf-image-behavior-\">\n\t<div class=\"edgtf-iwt-image\">\n\t\t<div class=\"edgtf-iwt-image-wrapper\">\n\t\t\t\t\t\t\t\t\t\t\t\t\t\t<img loading=\"lazy\" decoding=\"async\" width=\"1600\" height=\"1600\" src=\"https:\/\/beantobliss.com\/wp-content\/uploads\/2022\/02\/Catalogo_21.jpg\" class=\"attachment-full size-full\" alt=\"\" srcset=\"https:\/\/beantobliss.com\/wp-content\/uploads\/2022\/02\/Catalogo_21.jpg 1600w, https:\/\/beantobliss.com\/wp-content\/uploads\/2022\/02\/Catalogo_21-300x300.jpg 300w, https:\/\/beantobliss.com\/wp-content\/uploads\/2022\/02\/Catalogo_21-1024x1024.jpg 1024w, https:\/\/beantobliss.com\/wp-content\/uploads\/2022\/02\/Catalogo_21-150x150.jpg 150w, https:\/\/beantobliss.com\/wp-content\/uploads\/2022\/02\/Catalogo_21-768x768.jpg 768w, https:\/\/beantobliss.com\/wp-content\/uploads\/2022\/02\/Catalogo_21-1536x1536.jpg 1536w, https:\/\/beantobliss.com\/wp-content\/uploads\/2022\/02\/Catalogo_21-550x550.jpg 550w, https:\/\/beantobliss.com\/wp-content\/uploads\/2022\/02\/Catalogo_21-1100x1100.jpg 1100w, https:\/\/beantobliss.com\/wp-content\/uploads\/2022\/02\/Catalogo_21-600x600.jpg 600w, https:\/\/beantobliss.com\/wp-content\/uploads\/2022\/02\/Catalogo_21-200x200.jpg 200w\" sizes=\"auto, (max-width: 1600px) 100vw, 1600px\" \/>\t\t\t\t\t\t\t\t\t\t\t\t<\/div>\n\t<\/div>\n\t<div class=\"edgtf-iwt-text-holder\">\n\t\t\t\t<h5 class=\"edgtf-iwt-title\" style=\"color: #303030\">BERRY COLADA<\/h5>\n\t\t\t\t<p class=\"edgtf-iwt-text\" style=\"color: #666666\">Chocolate bonbon filled with red fruit ganache, coconut and aged rum.<\/p>\n\t<\/div>\n<\/div><div class=\"vc_empty_space\"   style=\"height: 50px\"><span class=\"vc_empty_space_inner\"><\/span><\/div><\/div><\/div><\/div><div class=\"wpb_column vc_column_container vc_col-sm-6 vc_col-lg-3 vc_col-md-6 vc_col-xs-12\"><div class=\"vc_column-inner vc_custom_1489159307704\"><div class=\"wpb_wrapper\"><div class=\"edgtf-image-with-text-holder edgtf-image-behavior-\">\n\t<div class=\"edgtf-iwt-image\">\n\t\t<div class=\"edgtf-iwt-image-wrapper\">\n\t\t\t\t\t\t\t\t\t\t\t\t\t\t<img loading=\"lazy\" decoding=\"async\" width=\"1600\" height=\"1600\" src=\"https:\/\/beantobliss.com\/wp-content\/uploads\/2022\/02\/Catalogo_10.jpg\" class=\"attachment-full size-full\" alt=\"\" srcset=\"https:\/\/beantobliss.com\/wp-content\/uploads\/2022\/02\/Catalogo_10.jpg 1600w, https:\/\/beantobliss.com\/wp-content\/uploads\/2022\/02\/Catalogo_10-300x300.jpg 300w, https:\/\/beantobliss.com\/wp-content\/uploads\/2022\/02\/Catalogo_10-1024x1024.jpg 1024w, https:\/\/beantobliss.com\/wp-content\/uploads\/2022\/02\/Catalogo_10-150x150.jpg 150w, https:\/\/beantobliss.com\/wp-content\/uploads\/2022\/02\/Catalogo_10-768x768.jpg 768w, https:\/\/beantobliss.com\/wp-content\/uploads\/2022\/02\/Catalogo_10-1536x1536.jpg 1536w, https:\/\/beantobliss.com\/wp-content\/uploads\/2022\/02\/Catalogo_10-550x550.jpg 550w, https:\/\/beantobliss.com\/wp-content\/uploads\/2022\/02\/Catalogo_10-1100x1100.jpg 1100w, https:\/\/beantobliss.com\/wp-content\/uploads\/2022\/02\/Catalogo_10-600x600.jpg 600w, https:\/\/beantobliss.com\/wp-content\/uploads\/2022\/02\/Catalogo_10-200x200.jpg 200w\" sizes=\"auto, (max-width: 1600px) 100vw, 1600px\" \/>\t\t\t\t\t\t\t\t\t\t\t\t<\/div>\n\t<\/div>\n\t<div class=\"edgtf-iwt-text-holder\">\n\t\t\t\t<h5 class=\"edgtf-iwt-title\" style=\"color: #303030\">RED SUNSET<\/h5>\n\t\t\t\t<p class=\"edgtf-iwt-text\" style=\"color: #666666\">Chocolate bonbon filled with ganache infused with peach liqueur and grenadine.<\/p>\n\t<\/div>\n<\/div><div class=\"vc_empty_space\"   style=\"height: 50px\"><span class=\"vc_empty_space_inner\"><\/span><\/div><\/div><\/div><\/div><\/div><\/div><div class=\"edgtf-row-grid-section\"><div class=\"vc_row wpb_row vc_inner vc_row-fluid edgtf-content-aligment-center\"><div class=\"wpb_column vc_column_container vc_col-sm-6 vc_col-lg-3 vc_col-md-6 vc_col-xs-12\"><div class=\"vc_column-inner vc_custom_1489159283161\"><div class=\"wpb_wrapper\"><div class=\"edgtf-image-with-text-holder edgtf-image-behavior-\">\n\t<div class=\"edgtf-iwt-image\">\n\t\t<div class=\"edgtf-iwt-image-wrapper\">\n\t\t\t\t\t\t\t\t\t\t\t\t\t\t<img loading=\"lazy\" decoding=\"async\" width=\"1600\" height=\"1600\" src=\"https:\/\/beantobliss.com\/wp-content\/uploads\/2024\/01\/Bean_Octubre_4.jpg\" class=\"attachment-full size-full\" alt=\"\" srcset=\"https:\/\/beantobliss.com\/wp-content\/uploads\/2024\/01\/Bean_Octubre_4.jpg 1600w, https:\/\/beantobliss.com\/wp-content\/uploads\/2024\/01\/Bean_Octubre_4-300x300.jpg 300w, https:\/\/beantobliss.com\/wp-content\/uploads\/2024\/01\/Bean_Octubre_4-1024x1024.jpg 1024w, https:\/\/beantobliss.com\/wp-content\/uploads\/2024\/01\/Bean_Octubre_4-150x150.jpg 150w, https:\/\/beantobliss.com\/wp-content\/uploads\/2024\/01\/Bean_Octubre_4-768x768.jpg 768w, https:\/\/beantobliss.com\/wp-content\/uploads\/2024\/01\/Bean_Octubre_4-1536x1536.jpg 1536w, https:\/\/beantobliss.com\/wp-content\/uploads\/2024\/01\/Bean_Octubre_4-12x12.jpg 12w, https:\/\/beantobliss.com\/wp-content\/uploads\/2024\/01\/Bean_Octubre_4-550x550.jpg 550w, https:\/\/beantobliss.com\/wp-content\/uploads\/2024\/01\/Bean_Octubre_4-1100x1100.jpg 1100w\" sizes=\"auto, (max-width: 1600px) 100vw, 1600px\" \/>\t\t\t\t\t\t\t\t\t\t\t\t<\/div>\n\t<\/div>\n\t<div class=\"edgtf-iwt-text-holder\">\n\t\t\t\t<h5 class=\"edgtf-iwt-title\" style=\"color: #303030\">PEACHIE BOOZE \ud83c\udf31<\/h5>\n\t\t\t\t<p class=\"edgtf-iwt-text\" style=\"color: #666666\">Bomb\u00f3n de Chocolate relleno de alm\u00edbar de licor de duraznos. (Bomb\u00f3n vegano\/libre de lactosa) \ud83c\udf31<\/p>\n\t<\/div>\n<\/div><div class=\"vc_empty_space\"   style=\"height: 50px\"><span class=\"vc_empty_space_inner\"><\/span><\/div><\/div><\/div><\/div><div class=\"wpb_column vc_column_container vc_col-sm-6 vc_col-lg-3 vc_col-md-6 vc_col-xs-12\"><div class=\"vc_column-inner vc_custom_1489159292145\"><div class=\"wpb_wrapper\"><div class=\"vc_empty_space\"   style=\"height: 50px\"><span class=\"vc_empty_space_inner\"><\/span><\/div><\/div><\/div><\/div><div class=\"wpb_column vc_column_container vc_col-sm-6 vc_col-lg-3 vc_col-md-6 vc_col-xs-12\"><div class=\"vc_column-inner vc_custom_1489159300323\"><div class=\"wpb_wrapper\"><div class=\"vc_empty_space\"   style=\"height: 50px\"><span class=\"vc_empty_space_inner\"><\/span><\/div><\/div><\/div><\/div><div class=\"wpb_column vc_column_container vc_col-sm-6 vc_col-lg-3 vc_col-md-6 vc_col-xs-12\"><div class=\"vc_column-inner vc_custom_1489159307704\"><div class=\"wpb_wrapper\"><div class=\"vc_empty_space\"   style=\"height: 50px\"><span class=\"vc_empty_space_inner\"><\/span><\/div><\/div><\/div><\/div><\/div><\/div><div class=\"vc_empty_space\"   style=\"height: 100px\"><span class=\"vc_empty_space_inner\"><\/span><\/div><\/div><\/div><\/div><\/div><div class=\"vc_row wpb_row vc_row-fluid\"><div class=\"wpb_column vc_column_container vc_col-sm-12\"><div class=\"vc_column-inner\"><div class=\"wpb_wrapper\"><\/div><\/div><\/div><\/div>\n<\/div>","protected":false},"excerpt":{"rendered":"\u2022 Bombones \u2022 Nuestros bombones se venden en las presentaciones cl\u00e1sicas de 1, 2, 4, 6, 9, 12, 16 y 25 unidades. CHERRY NILLA Bomb\u00f3n de Chocolate relleno de alm\u00edbar de cereza y ganache blanca con vainilla natural. ROSE N [...]","protected":false},"author":1,"featured_media":0,"parent":11428,"menu_order":0,"comment_status":"closed","ping_status":"closed","template":"full-width.php","meta":{"_joinchat":[],"footnotes":""},"class_list":["post-12762","page","type-page","status-publish","hentry"],"_links":{"self":[{"href":"https:\/\/beantobliss.com\/en\/wp-json\/wp\/v2\/pages\/12762","targetHints":{"allow":["GET"]}}],"collection":[{"href":"https:\/\/beantobliss.com\/en\/wp-json\/wp\/v2\/pages"}],"about":[{"href":"https:\/\/beantobliss.com\/en\/wp-json\/wp\/v2\/types\/page"}],"author":[{"embeddable":true,"href":"https:\/\/beantobliss.com\/en\/wp-json\/wp\/v2\/users\/1"}],"replies":[{"embeddable":true,"href":"https:\/\/beantobliss.com\/en\/wp-json\/wp\/v2\/comments?post=12762"}],"version-history":[{"count":0,"href":"https:\/\/beantobliss.com\/en\/wp-json\/wp\/v2\/pages\/12762\/revisions"}],"up":[{"embeddable":true,"href":"https:\/\/beantobliss.com\/en\/wp-json\/wp\/v2\/pages\/11428"}],"wp:attachment":[{"href":"https:\/\/beantobliss.com\/en\/wp-json\/wp\/v2\/media?parent=12762"}],"curies":[{"name":"wp","href":"https:\/\/api.w.org\/{rel}","templated":true}]}}