{"id":12800,"date":"2023-08-10T17:57:12","date_gmt":"2023-08-10T17:57:12","guid":{"rendered":"https:\/\/beantobliss.com\/?page_id=12800"},"modified":"2025-11-13T14:42:27","modified_gmt":"2025-11-13T14:42:27","slug":"especiales-madre","status":"publish","type":"page","link":"https:\/\/beantobliss.com\/en\/sabores\/especiales-madre\/","title":{"rendered":"Mother's day"},"content":{"rendered":"<div class=\"wpb-content-wrapper\"><div class=\"vc_row wpb_row vc_row-fluid\"><div class=\"wpb_column vc_column_container vc_col-sm-12\"><div class=\"vc_column-inner\"><div class=\"wpb_wrapper\"><div class=\"vc_empty_space\"   style=\"height: 100px\"><span class=\"vc_empty_space_inner\"><\/span><\/div><h2 style=\"font-size: 30px;color: #62c1cb;text-align: center\" class=\"vc_custom_heading vc_do_custom_heading\" >\u2022 Bonbons \u2022<\/h2><div class=\"vc_empty_space\"   style=\"height: 50px\"><span class=\"vc_empty_space_inner\"><\/span><\/div><h2 class=\"edgtf-custom-font-holder\" style=\"font-family: Century Gothic;font-size: 20px;font-weight: 300;text-align: center;color: #685496\" data-font-size=\"20\">\n\tNuestros bombones se venden en las presentaciones cl\u00e1sicas de 1, 2, 4, 6, 9, 12, 16 y 25 unidades.<\/h2><div class=\"vc_empty_space\"   style=\"height: 100px\"><span class=\"vc_empty_space_inner\"><\/span><\/div><div class=\"edgtf-row-grid-section\"><div class=\"vc_row wpb_row vc_inner vc_row-fluid edgtf-content-aligment-center\"><div class=\"wpb_column vc_column_container vc_col-sm-6 vc_col-lg-3 vc_col-md-6 vc_col-xs-12\"><div class=\"vc_column-inner vc_custom_1489159283161\"><div class=\"wpb_wrapper\"><div class=\"edgtf-image-with-text-holder edgtf-image-behavior-\">\n\t<div class=\"edgtf-iwt-image\">\n\t\t<div class=\"edgtf-iwt-image-wrapper\">\n\t\t\t\t\t\t\t\t\t\t\t\t\t\t<img loading=\"lazy\" decoding=\"async\" width=\"1600\" height=\"1600\" src=\"https:\/\/beantobliss.com\/wp-content\/uploads\/2024\/09\/Bean_Agosto_6.jpg\" class=\"attachment-full size-full\" alt=\"\" srcset=\"https:\/\/beantobliss.com\/wp-content\/uploads\/2024\/09\/Bean_Agosto_6.jpg 1600w, https:\/\/beantobliss.com\/wp-content\/uploads\/2024\/09\/Bean_Agosto_6-300x300.jpg 300w, https:\/\/beantobliss.com\/wp-content\/uploads\/2024\/09\/Bean_Agosto_6-1024x1024.jpg 1024w, https:\/\/beantobliss.com\/wp-content\/uploads\/2024\/09\/Bean_Agosto_6-150x150.jpg 150w, https:\/\/beantobliss.com\/wp-content\/uploads\/2024\/09\/Bean_Agosto_6-768x768.jpg 768w, https:\/\/beantobliss.com\/wp-content\/uploads\/2024\/09\/Bean_Agosto_6-1536x1536.jpg 1536w, https:\/\/beantobliss.com\/wp-content\/uploads\/2024\/09\/Bean_Agosto_6-12x12.jpg 12w, https:\/\/beantobliss.com\/wp-content\/uploads\/2024\/09\/Bean_Agosto_6-550x550.jpg 550w, https:\/\/beantobliss.com\/wp-content\/uploads\/2024\/09\/Bean_Agosto_6-1100x1100.jpg 1100w\" sizes=\"auto, (max-width: 1600px) 100vw, 1600px\" \/>\t\t\t\t\t\t\t\t\t\t\t\t<\/div>\n\t<\/div>\n\t<div class=\"edgtf-iwt-text-holder\">\n\t\t\t\t<h5 class=\"edgtf-iwt-title\" style=\"color: #303030\">BECCA<\/h5>\n\t\t\t\t<p class=\"edgtf-iwt-text\" style=\"color: #666666\">Bomb\u00f3n de Chocolate relleno de dulce de leche y ganache de cognac Courvoisier.<\/p>\n\t<\/div>\n<\/div><div class=\"vc_empty_space\"   style=\"height: 50px\"><span class=\"vc_empty_space_inner\"><\/span><\/div><\/div><\/div><\/div><div class=\"wpb_column vc_column_container vc_col-sm-6 vc_col-lg-3 vc_col-md-6 vc_col-xs-12\"><div class=\"vc_column-inner vc_custom_1489159292145\"><div class=\"wpb_wrapper\"><div class=\"edgtf-image-with-text-holder edgtf-image-behavior-\">\n\t<div class=\"edgtf-iwt-image\">\n\t\t<div class=\"edgtf-iwt-image-wrapper\">\n\t\t\t\t\t\t\t\t\t\t\t\t\t\t<img loading=\"lazy\" decoding=\"async\" width=\"1065\" height=\"1065\" src=\"https:\/\/beantobliss.com\/wp-content\/uploads\/2023\/07\/RWC09916.jpg\" class=\"attachment-full size-full\" alt=\"\" srcset=\"https:\/\/beantobliss.com\/wp-content\/uploads\/2023\/07\/RWC09916.jpg 1065w, https:\/\/beantobliss.com\/wp-content\/uploads\/2023\/07\/RWC09916-300x300.jpg 300w, https:\/\/beantobliss.com\/wp-content\/uploads\/2023\/07\/RWC09916-1024x1024.jpg 1024w, https:\/\/beantobliss.com\/wp-content\/uploads\/2023\/07\/RWC09916-150x150.jpg 150w, https:\/\/beantobliss.com\/wp-content\/uploads\/2023\/07\/RWC09916-768x768.jpg 768w, https:\/\/beantobliss.com\/wp-content\/uploads\/2023\/07\/RWC09916-550x550.jpg 550w\" sizes=\"auto, (max-width: 1065px) 100vw, 1065px\" \/>\t\t\t\t\t\t\t\t\t\t\t\t<\/div>\n\t<\/div>\n\t<div class=\"edgtf-iwt-text-holder\">\n\t\t\t\t<h5 class=\"edgtf-iwt-title\" style=\"color: #303030\">OUI OUI<\/h5>\n\t\t\t\t<p class=\"edgtf-iwt-text\" style=\"color: #666666\">Chocolate bonbon filled with caramelized white chocolate ganache, beurre noisette and toasted white and black sesame seeds.<\/p>\n\t<\/div>\n<\/div><div class=\"vc_empty_space\"   style=\"height: 50px\"><span class=\"vc_empty_space_inner\"><\/span><\/div><\/div><\/div><\/div><div class=\"wpb_column vc_column_container vc_col-sm-6 vc_col-lg-3 vc_col-md-6 vc_col-xs-12\"><div class=\"vc_column-inner vc_custom_1489159300323\"><div class=\"wpb_wrapper\"><div class=\"edgtf-image-with-text-holder edgtf-image-behavior-\">\n\t<div class=\"edgtf-iwt-image\">\n\t\t<div class=\"edgtf-iwt-image-wrapper\">\n\t\t\t\t\t\t\t\t\t\t\t\t\t\t<img loading=\"lazy\" decoding=\"async\" width=\"1600\" height=\"1600\" src=\"https:\/\/beantobliss.com\/wp-content\/uploads\/2022\/08\/Catalogo_Agosto_32.jpg\" class=\"attachment-full size-full\" alt=\"\" srcset=\"https:\/\/beantobliss.com\/wp-content\/uploads\/2022\/08\/Catalogo_Agosto_32.jpg 1600w, https:\/\/beantobliss.com\/wp-content\/uploads\/2022\/08\/Catalogo_Agosto_32-300x300.jpg 300w, https:\/\/beantobliss.com\/wp-content\/uploads\/2022\/08\/Catalogo_Agosto_32-1024x1024.jpg 1024w, https:\/\/beantobliss.com\/wp-content\/uploads\/2022\/08\/Catalogo_Agosto_32-150x150.jpg 150w, https:\/\/beantobliss.com\/wp-content\/uploads\/2022\/08\/Catalogo_Agosto_32-768x768.jpg 768w, https:\/\/beantobliss.com\/wp-content\/uploads\/2022\/08\/Catalogo_Agosto_32-1536x1536.jpg 1536w, https:\/\/beantobliss.com\/wp-content\/uploads\/2022\/08\/Catalogo_Agosto_32-550x550.jpg 550w, https:\/\/beantobliss.com\/wp-content\/uploads\/2022\/08\/Catalogo_Agosto_32-1100x1100.jpg 1100w\" sizes=\"auto, (max-width: 1600px) 100vw, 1600px\" \/>\t\t\t\t\t\t\t\t\t\t\t\t<\/div>\n\t<\/div>\n\t<div class=\"edgtf-iwt-text-holder\">\n\t\t\t\t<h5 class=\"edgtf-iwt-title\" style=\"color: #303030\">BELLE<\/h5>\n\t\t\t\t<p class=\"edgtf-iwt-text\" style=\"color: #666666\">Bomb\u00f3n de Chocolate relleno de ganache infusionado con miel, lim\u00f3n y lavanda.<\/p>\n\t<\/div>\n<\/div><div class=\"vc_empty_space\"   style=\"height: 50px\"><span class=\"vc_empty_space_inner\"><\/span><\/div><\/div><\/div><\/div><div class=\"wpb_column vc_column_container vc_col-sm-6 vc_col-lg-3 vc_col-md-6 vc_col-xs-12\"><div class=\"vc_column-inner vc_custom_1489159307704\"><div class=\"wpb_wrapper\"><div class=\"edgtf-image-with-text-holder edgtf-image-behavior-\">\n\t<div class=\"edgtf-iwt-image\">\n\t\t<div class=\"edgtf-iwt-image-wrapper\">\n\t\t\t\t\t\t\t\t\t\t\t\t\t\t<img loading=\"lazy\" decoding=\"async\" width=\"1600\" height=\"1600\" src=\"https:\/\/beantobliss.com\/wp-content\/uploads\/2022\/08\/Catalogo_Agosto_10.jpg\" class=\"attachment-full size-full\" alt=\"\" srcset=\"https:\/\/beantobliss.com\/wp-content\/uploads\/2022\/08\/Catalogo_Agosto_10.jpg 1600w, https:\/\/beantobliss.com\/wp-content\/uploads\/2022\/08\/Catalogo_Agosto_10-300x300.jpg 300w, https:\/\/beantobliss.com\/wp-content\/uploads\/2022\/08\/Catalogo_Agosto_10-1024x1024.jpg 1024w, https:\/\/beantobliss.com\/wp-content\/uploads\/2022\/08\/Catalogo_Agosto_10-150x150.jpg 150w, https:\/\/beantobliss.com\/wp-content\/uploads\/2022\/08\/Catalogo_Agosto_10-768x768.jpg 768w, https:\/\/beantobliss.com\/wp-content\/uploads\/2022\/08\/Catalogo_Agosto_10-1536x1536.jpg 1536w, https:\/\/beantobliss.com\/wp-content\/uploads\/2022\/08\/Catalogo_Agosto_10-550x550.jpg 550w, https:\/\/beantobliss.com\/wp-content\/uploads\/2022\/08\/Catalogo_Agosto_10-1100x1100.jpg 1100w\" sizes=\"auto, (max-width: 1600px) 100vw, 1600px\" \/>\t\t\t\t\t\t\t\t\t\t\t\t<\/div>\n\t<\/div>\n\t<div class=\"edgtf-iwt-text-holder\">\n\t\t\t\t<h5 class=\"edgtf-iwt-title\" style=\"color: #303030\">CARMINA<\/h5>\n\t\t\t\t<p class=\"edgtf-iwt-text\" style=\"color: #666666\">Chocolate bonbon filled with peach ganache, macadamia gianduja and meringue.<\/p>\n\t<\/div>\n<\/div><div class=\"vc_empty_space\"   style=\"height: 50px\"><span class=\"vc_empty_space_inner\"><\/span><\/div><\/div><\/div><\/div><\/div><\/div><div class=\"edgtf-row-grid-section\"><div class=\"vc_row wpb_row vc_inner vc_row-fluid edgtf-content-aligment-center\"><div class=\"wpb_column vc_column_container vc_col-sm-6 vc_col-lg-3 vc_col-md-6 vc_col-xs-12\"><div class=\"vc_column-inner vc_custom_1489159283161\"><div class=\"wpb_wrapper\"><div class=\"edgtf-image-with-text-holder edgtf-image-behavior-\">\n\t<div class=\"edgtf-iwt-image\">\n\t\t<div class=\"edgtf-iwt-image-wrapper\">\n\t\t\t\t\t\t\t\t\t\t\t\t\t\t<img loading=\"lazy\" decoding=\"async\" width=\"1600\" height=\"1600\" src=\"https:\/\/beantobliss.com\/wp-content\/uploads\/2022\/08\/Catalogo_Agosto_16.jpg\" class=\"attachment-full size-full\" alt=\"\" srcset=\"https:\/\/beantobliss.com\/wp-content\/uploads\/2022\/08\/Catalogo_Agosto_16.jpg 1600w, https:\/\/beantobliss.com\/wp-content\/uploads\/2022\/08\/Catalogo_Agosto_16-300x300.jpg 300w, https:\/\/beantobliss.com\/wp-content\/uploads\/2022\/08\/Catalogo_Agosto_16-1024x1024.jpg 1024w, https:\/\/beantobliss.com\/wp-content\/uploads\/2022\/08\/Catalogo_Agosto_16-150x150.jpg 150w, https:\/\/beantobliss.com\/wp-content\/uploads\/2022\/08\/Catalogo_Agosto_16-768x768.jpg 768w, https:\/\/beantobliss.com\/wp-content\/uploads\/2022\/08\/Catalogo_Agosto_16-1536x1536.jpg 1536w, https:\/\/beantobliss.com\/wp-content\/uploads\/2022\/08\/Catalogo_Agosto_16-550x550.jpg 550w, https:\/\/beantobliss.com\/wp-content\/uploads\/2022\/08\/Catalogo_Agosto_16-1100x1100.jpg 1100w\" sizes=\"auto, (max-width: 1600px) 100vw, 1600px\" \/>\t\t\t\t\t\t\t\t\t\t\t\t<\/div>\n\t<\/div>\n\t<div class=\"edgtf-iwt-text-holder\">\n\t\t\t\t<h5 class=\"edgtf-iwt-title\" style=\"color: #303030\">LESLIE<\/h5>\n\t\t\t\t<p class=\"edgtf-iwt-text\" style=\"color: #666666\">Chocolate bonbon filled with guava jelly and cream cheese ganache.<\/p>\n\t<\/div>\n<\/div><div class=\"vc_empty_space\"   style=\"height: 50px\"><span class=\"vc_empty_space_inner\"><\/span><\/div><\/div><\/div><\/div><div class=\"wpb_column vc_column_container vc_col-sm-6 vc_col-lg-3 vc_col-md-6 vc_col-xs-12\"><div class=\"vc_column-inner vc_custom_1489159292145\"><div class=\"wpb_wrapper\"><div class=\"edgtf-image-with-text-holder edgtf-image-behavior-\">\n\t<div class=\"edgtf-iwt-image\">\n\t\t<div class=\"edgtf-iwt-image-wrapper\">\n\t\t\t\t\t\t\t\t\t\t\t\t\t\t<img loading=\"lazy\" decoding=\"async\" width=\"1600\" height=\"1600\" src=\"https:\/\/beantobliss.com\/wp-content\/uploads\/2022\/08\/Catalogo_Agosto_30.jpg\" class=\"attachment-full size-full\" alt=\"\" srcset=\"https:\/\/beantobliss.com\/wp-content\/uploads\/2022\/08\/Catalogo_Agosto_30.jpg 1600w, https:\/\/beantobliss.com\/wp-content\/uploads\/2022\/08\/Catalogo_Agosto_30-300x300.jpg 300w, https:\/\/beantobliss.com\/wp-content\/uploads\/2022\/08\/Catalogo_Agosto_30-1024x1024.jpg 1024w, https:\/\/beantobliss.com\/wp-content\/uploads\/2022\/08\/Catalogo_Agosto_30-150x150.jpg 150w, https:\/\/beantobliss.com\/wp-content\/uploads\/2022\/08\/Catalogo_Agosto_30-768x768.jpg 768w, https:\/\/beantobliss.com\/wp-content\/uploads\/2022\/08\/Catalogo_Agosto_30-1536x1536.jpg 1536w, https:\/\/beantobliss.com\/wp-content\/uploads\/2022\/08\/Catalogo_Agosto_30-550x550.jpg 550w, https:\/\/beantobliss.com\/wp-content\/uploads\/2022\/08\/Catalogo_Agosto_30-1100x1100.jpg 1100w\" sizes=\"auto, (max-width: 1600px) 100vw, 1600px\" \/>\t\t\t\t\t\t\t\t\t\t\t\t<\/div>\n\t<\/div>\n\t<div class=\"edgtf-iwt-text-holder\">\n\t\t\t\t<h5 class=\"edgtf-iwt-title\" style=\"color: #303030\">ROSIE<\/h5>\n\t\t\t\t<p class=\"edgtf-iwt-text\" style=\"color: #666666\">Chocolate bonbon filled with ganache with raspberry and rose oil.<\/p>\n\t<\/div>\n<\/div><div class=\"vc_empty_space\"   style=\"height: 50px\"><span class=\"vc_empty_space_inner\"><\/span><\/div><\/div><\/div><\/div><div class=\"wpb_column vc_column_container vc_col-sm-6 vc_col-lg-3 vc_col-md-6 vc_col-xs-12\"><div class=\"vc_column-inner vc_custom_1489159300323\"><div class=\"wpb_wrapper\"><div class=\"edgtf-image-with-text-holder edgtf-image-behavior-\">\n\t<div class=\"edgtf-iwt-image\">\n\t\t<div class=\"edgtf-iwt-image-wrapper\">\n\t\t\t\t\t\t\t\t\t\t\t\t\t\t<img loading=\"lazy\" decoding=\"async\" width=\"1066\" height=\"1066\" src=\"https:\/\/beantobliss.com\/wp-content\/uploads\/2023\/07\/RWC09929.jpg\" class=\"attachment-full size-full\" alt=\"\" srcset=\"https:\/\/beantobliss.com\/wp-content\/uploads\/2023\/07\/RWC09929.jpg 1066w, https:\/\/beantobliss.com\/wp-content\/uploads\/2023\/07\/RWC09929-300x300.jpg 300w, https:\/\/beantobliss.com\/wp-content\/uploads\/2023\/07\/RWC09929-1024x1024.jpg 1024w, https:\/\/beantobliss.com\/wp-content\/uploads\/2023\/07\/RWC09929-150x150.jpg 150w, https:\/\/beantobliss.com\/wp-content\/uploads\/2023\/07\/RWC09929-768x768.jpg 768w, https:\/\/beantobliss.com\/wp-content\/uploads\/2023\/07\/RWC09929-550x550.jpg 550w\" sizes=\"auto, (max-width: 1066px) 100vw, 1066px\" \/>\t\t\t\t\t\t\t\t\t\t\t\t<\/div>\n\t<\/div>\n\t<div class=\"edgtf-iwt-text-holder\">\n\t\t\t\t<h5 class=\"edgtf-iwt-title\" style=\"color: #303030\">AMETHYST<\/h5>\n\t\t\t\t<p class=\"edgtf-iwt-text\" style=\"color: #666666\">Chocolate bonbon filled with ganache infused with essence of violets.<\/p>\n\t<\/div>\n<\/div><div class=\"vc_empty_space\"   style=\"height: 50px\"><span class=\"vc_empty_space_inner\"><\/span><\/div><\/div><\/div><\/div><div class=\"wpb_column vc_column_container vc_col-sm-6 vc_col-lg-3 vc_col-md-6 vc_col-xs-12\"><div class=\"vc_column-inner vc_custom_1489159307704\"><div class=\"wpb_wrapper\"><div class=\"edgtf-image-with-text-holder edgtf-image-behavior-\">\n\t<div class=\"edgtf-iwt-image\">\n\t\t<div class=\"edgtf-iwt-image-wrapper\">\n\t\t\t\t\t\t\t\t\t\t\t\t\t\t<img loading=\"lazy\" decoding=\"async\" width=\"1065\" height=\"1065\" src=\"https:\/\/beantobliss.com\/wp-content\/uploads\/2023\/07\/RWC09923.jpg\" class=\"attachment-full size-full\" alt=\"\" srcset=\"https:\/\/beantobliss.com\/wp-content\/uploads\/2023\/07\/RWC09923.jpg 1065w, https:\/\/beantobliss.com\/wp-content\/uploads\/2023\/07\/RWC09923-300x300.jpg 300w, https:\/\/beantobliss.com\/wp-content\/uploads\/2023\/07\/RWC09923-1024x1024.jpg 1024w, https:\/\/beantobliss.com\/wp-content\/uploads\/2023\/07\/RWC09923-150x150.jpg 150w, https:\/\/beantobliss.com\/wp-content\/uploads\/2023\/07\/RWC09923-768x768.jpg 768w, https:\/\/beantobliss.com\/wp-content\/uploads\/2023\/07\/RWC09923-550x550.jpg 550w\" sizes=\"auto, (max-width: 1065px) 100vw, 1065px\" \/>\t\t\t\t\t\t\t\t\t\t\t\t<\/div>\n\t<\/div>\n\t<div class=\"edgtf-iwt-text-holder\">\n\t\t\t\t<h5 class=\"edgtf-iwt-title\" style=\"color: #303030\">CAMILLE<\/h5>\n\t\t\t\t<p class=\"edgtf-iwt-text\" style=\"color: #666666\">Chocolate bonbon filled with ganache infused with honey, chamomile and natural vanilla.<\/p>\n\t<\/div>\n<\/div><div class=\"vc_empty_space\"   style=\"height: 50px\"><span class=\"vc_empty_space_inner\"><\/span><\/div><\/div><\/div><\/div><\/div><\/div><div class=\"vc_empty_space\"   style=\"height: 100px\"><span class=\"vc_empty_space_inner\"><\/span><\/div><\/div><\/div><\/div><\/div><div class=\"vc_row wpb_row vc_row-fluid\"><div class=\"wpb_column vc_column_container vc_col-sm-12\"><div class=\"vc_column-inner\"><div class=\"wpb_wrapper\"><\/div><\/div><\/div><\/div>\n<\/div>","protected":false},"excerpt":{"rendered":"\u2022 Bombones \u2022 Nuestros bombones se venden en las presentaciones cl\u00e1sicas de 1, 2, 4, 6, 9, 12, 16 y 25 unidades. BECCA Bomb\u00f3n de Chocolate relleno de dulce de leche y ganache de cognac Courvoisier. OUI OUI Bomb\u00f3n de [...]","protected":false},"author":1,"featured_media":0,"parent":11428,"menu_order":0,"comment_status":"closed","ping_status":"closed","template":"full-width.php","meta":{"_joinchat":[],"footnotes":""},"class_list":["post-12800","page","type-page","status-publish","hentry"],"_links":{"self":[{"href":"https:\/\/beantobliss.com\/en\/wp-json\/wp\/v2\/pages\/12800","targetHints":{"allow":["GET"]}}],"collection":[{"href":"https:\/\/beantobliss.com\/en\/wp-json\/wp\/v2\/pages"}],"about":[{"href":"https:\/\/beantobliss.com\/en\/wp-json\/wp\/v2\/types\/page"}],"author":[{"embeddable":true,"href":"https:\/\/beantobliss.com\/en\/wp-json\/wp\/v2\/users\/1"}],"replies":[{"embeddable":true,"href":"https:\/\/beantobliss.com\/en\/wp-json\/wp\/v2\/comments?post=12800"}],"version-history":[{"count":0,"href":"https:\/\/beantobliss.com\/en\/wp-json\/wp\/v2\/pages\/12800\/revisions"}],"up":[{"embeddable":true,"href":"https:\/\/beantobliss.com\/en\/wp-json\/wp\/v2\/pages\/11428"}],"wp:attachment":[{"href":"https:\/\/beantobliss.com\/en\/wp-json\/wp\/v2\/media?parent=12800"}],"curies":[{"name":"wp","href":"https:\/\/api.w.org\/{rel}","templated":true}]}}