{"id":12817,"date":"2023-08-10T18:23:26","date_gmt":"2023-08-10T18:23:26","guid":{"rendered":"https:\/\/beantobliss.com\/?page_id=12817"},"modified":"2025-11-13T14:44:25","modified_gmt":"2025-11-13T14:44:25","slug":"especiales-halloween","status":"publish","type":"page","link":"https:\/\/beantobliss.com\/en\/sabores\/especiales-halloween\/","title":{"rendered":"Halloween"},"content":{"rendered":"<div class=\"wpb-content-wrapper\"><div class=\"vc_row wpb_row vc_row-fluid\"><div class=\"wpb_column vc_column_container vc_col-sm-12\"><div class=\"vc_column-inner\"><div class=\"wpb_wrapper\"><div class=\"vc_empty_space\"   style=\"height: 100px\"><span class=\"vc_empty_space_inner\"><\/span><\/div><h2 style=\"font-size: 30px;color: #62c1cb;text-align: center\" class=\"vc_custom_heading vc_do_custom_heading\" >\u2022 Bonbons \u2022<\/h2><div class=\"vc_empty_space\"   style=\"height: 50px\"><span class=\"vc_empty_space_inner\"><\/span><\/div><h2 class=\"edgtf-custom-font-holder\" style=\"font-family: Century Gothic;font-size: 20px;font-weight: 300;text-align: center;color: #685496\" data-font-size=\"20\">\n\tNuestros bombones se venden en las presentaciones cl\u00e1sicas de 1, 2, 4, 6, 9, 12, 16 y 25 unidades.<\/h2><div class=\"vc_empty_space\"   style=\"height: 100px\"><span class=\"vc_empty_space_inner\"><\/span><\/div><div class=\"edgtf-row-grid-section\"><div class=\"vc_row wpb_row vc_inner vc_row-fluid edgtf-content-aligment-center\"><div class=\"wpb_column vc_column_container vc_col-sm-6 vc_col-lg-3 vc_col-md-6 vc_col-xs-12\"><div class=\"vc_column-inner vc_custom_1489159283161\"><div class=\"wpb_wrapper\"><div class=\"edgtf-image-with-text-holder edgtf-image-behavior-\">\n\t<div class=\"edgtf-iwt-image\">\n\t\t<div class=\"edgtf-iwt-image-wrapper\">\n\t\t\t\t\t\t\t\t\t\t\t\t\t\t<img loading=\"lazy\" decoding=\"async\" width=\"1600\" height=\"1600\" src=\"https:\/\/beantobliss.com\/wp-content\/uploads\/2022\/02\/Catalogo_40-1.jpg\" class=\"attachment-full size-full\" alt=\"\" srcset=\"https:\/\/beantobliss.com\/wp-content\/uploads\/2022\/02\/Catalogo_40-1.jpg 1600w, https:\/\/beantobliss.com\/wp-content\/uploads\/2022\/02\/Catalogo_40-1-300x300.jpg 300w, https:\/\/beantobliss.com\/wp-content\/uploads\/2022\/02\/Catalogo_40-1-1024x1024.jpg 1024w, https:\/\/beantobliss.com\/wp-content\/uploads\/2022\/02\/Catalogo_40-1-150x150.jpg 150w, https:\/\/beantobliss.com\/wp-content\/uploads\/2022\/02\/Catalogo_40-1-768x768.jpg 768w, https:\/\/beantobliss.com\/wp-content\/uploads\/2022\/02\/Catalogo_40-1-1536x1536.jpg 1536w, https:\/\/beantobliss.com\/wp-content\/uploads\/2022\/02\/Catalogo_40-1-550x550.jpg 550w, https:\/\/beantobliss.com\/wp-content\/uploads\/2022\/02\/Catalogo_40-1-1100x1100.jpg 1100w, https:\/\/beantobliss.com\/wp-content\/uploads\/2022\/02\/Catalogo_40-1-600x600.jpg 600w, https:\/\/beantobliss.com\/wp-content\/uploads\/2022\/02\/Catalogo_40-1-200x200.jpg 200w\" sizes=\"auto, (max-width: 1600px) 100vw, 1600px\" \/>\t\t\t\t\t\t\t\t\t\t\t\t<\/div>\n\t<\/div>\n\t<div class=\"edgtf-iwt-text-holder\">\n\t\t\t\t<h5 class=\"edgtf-iwt-title\" style=\"color: #303030\">PUMPKIN SPICE<\/h5>\n\t\t\t\t<p class=\"edgtf-iwt-text\" style=\"color: #666666\">Chocolate bonbon filled with pumpkin ganache, spices and pepitas (pumpkin seeds).<\/p>\n\t<\/div>\n<\/div><div class=\"vc_empty_space\"   style=\"height: 50px\"><span class=\"vc_empty_space_inner\"><\/span><\/div><\/div><\/div><\/div><div class=\"wpb_column vc_column_container vc_col-sm-6 vc_col-lg-3 vc_col-md-6 vc_col-xs-12\"><div class=\"vc_column-inner vc_custom_1489159292145\"><div class=\"wpb_wrapper\"><div class=\"edgtf-image-with-text-holder edgtf-image-behavior-\">\n\t<div class=\"edgtf-iwt-image\">\n\t\t<div class=\"edgtf-iwt-image-wrapper\">\n\t\t\t\t\t\t\t\t\t\t\t\t\t\t<img loading=\"lazy\" decoding=\"async\" width=\"1600\" height=\"1600\" src=\"https:\/\/beantobliss.com\/wp-content\/uploads\/2022\/02\/Catalogo_48-1.jpg\" class=\"attachment-full size-full\" alt=\"\" srcset=\"https:\/\/beantobliss.com\/wp-content\/uploads\/2022\/02\/Catalogo_48-1.jpg 1600w, https:\/\/beantobliss.com\/wp-content\/uploads\/2022\/02\/Catalogo_48-1-300x300.jpg 300w, https:\/\/beantobliss.com\/wp-content\/uploads\/2022\/02\/Catalogo_48-1-1024x1024.jpg 1024w, https:\/\/beantobliss.com\/wp-content\/uploads\/2022\/02\/Catalogo_48-1-150x150.jpg 150w, https:\/\/beantobliss.com\/wp-content\/uploads\/2022\/02\/Catalogo_48-1-768x768.jpg 768w, https:\/\/beantobliss.com\/wp-content\/uploads\/2022\/02\/Catalogo_48-1-1536x1536.jpg 1536w, https:\/\/beantobliss.com\/wp-content\/uploads\/2022\/02\/Catalogo_48-1-550x550.jpg 550w, https:\/\/beantobliss.com\/wp-content\/uploads\/2022\/02\/Catalogo_48-1-1100x1100.jpg 1100w, https:\/\/beantobliss.com\/wp-content\/uploads\/2022\/02\/Catalogo_48-1-600x600.jpg 600w, https:\/\/beantobliss.com\/wp-content\/uploads\/2022\/02\/Catalogo_48-1-200x200.jpg 200w\" sizes=\"auto, (max-width: 1600px) 100vw, 1600px\" \/>\t\t\t\t\t\t\t\t\t\t\t\t<\/div>\n\t<\/div>\n\t<div class=\"edgtf-iwt-text-holder\">\n\t\t\t\t<h5 class=\"edgtf-iwt-title\" style=\"color: #303030\">FRANK N&#039; NUT<\/h5>\n\t\t\t\t<p class=\"edgtf-iwt-text\" style=\"color: #666666\">Chocolate bonbon filled with buttercream with maple and walnuts.<\/p>\n\t<\/div>\n<\/div><div class=\"vc_empty_space\"   style=\"height: 50px\"><span class=\"vc_empty_space_inner\"><\/span><\/div><\/div><\/div><\/div><div class=\"wpb_column vc_column_container vc_col-sm-6 vc_col-lg-3 vc_col-md-6 vc_col-xs-12\"><div class=\"vc_column-inner vc_custom_1489159300323\"><div class=\"wpb_wrapper\"><div class=\"edgtf-image-with-text-holder edgtf-image-behavior-\">\n\t<div class=\"edgtf-iwt-image\">\n\t\t<div class=\"edgtf-iwt-image-wrapper\">\n\t\t\t\t\t\t\t\t\t\t\t\t\t\t<img loading=\"lazy\" decoding=\"async\" width=\"1279\" height=\"1279\" src=\"https:\/\/beantobliss.com\/wp-content\/uploads\/2022\/12\/Catalogo_Dic_5-Corte.jpg\" class=\"attachment-full size-full\" alt=\"\" srcset=\"https:\/\/beantobliss.com\/wp-content\/uploads\/2022\/12\/Catalogo_Dic_5-Corte.jpg 1279w, https:\/\/beantobliss.com\/wp-content\/uploads\/2022\/12\/Catalogo_Dic_5-Corte-300x300.jpg 300w, https:\/\/beantobliss.com\/wp-content\/uploads\/2022\/12\/Catalogo_Dic_5-Corte-1024x1024.jpg 1024w, https:\/\/beantobliss.com\/wp-content\/uploads\/2022\/12\/Catalogo_Dic_5-Corte-150x150.jpg 150w, https:\/\/beantobliss.com\/wp-content\/uploads\/2022\/12\/Catalogo_Dic_5-Corte-768x768.jpg 768w, https:\/\/beantobliss.com\/wp-content\/uploads\/2022\/12\/Catalogo_Dic_5-Corte-550x550.jpg 550w, https:\/\/beantobliss.com\/wp-content\/uploads\/2022\/12\/Catalogo_Dic_5-Corte-1100x1100.jpg 1100w\" sizes=\"auto, (max-width: 1279px) 100vw, 1279px\" \/>\t\t\t\t\t\t\t\t\t\t\t\t<\/div>\n\t<\/div>\n\t<div class=\"edgtf-iwt-text-holder\">\n\t\t\t\t<h5 class=\"edgtf-iwt-title\" style=\"color: #303030\">MEATY BONES<\/h5>\n\t\t\t\t<p class=\"edgtf-iwt-text\" style=\"color: #666666\">Chocolate bonbon filled with dark ganache with maple, pepper and caramelized bacon.<\/p>\n\t<\/div>\n<\/div><div class=\"vc_empty_space\"   style=\"height: 50px\"><span class=\"vc_empty_space_inner\"><\/span><\/div><\/div><\/div><\/div><div class=\"wpb_column vc_column_container vc_col-sm-6 vc_col-lg-3 vc_col-md-6 vc_col-xs-12\"><div class=\"vc_column-inner vc_custom_1489159307704\"><div class=\"wpb_wrapper\"><div class=\"edgtf-image-with-text-holder edgtf-image-behavior-\">\n\t<div class=\"edgtf-iwt-image\">\n\t\t<div class=\"edgtf-iwt-image-wrapper\">\n\t\t\t\t\t\t\t\t\t\t\t\t\t\t<img loading=\"lazy\" decoding=\"async\" width=\"1279\" height=\"1279\" src=\"https:\/\/beantobliss.com\/wp-content\/uploads\/2022\/12\/Catalogo_Dic_11-Corte-1.jpg\" class=\"attachment-full size-full\" alt=\"\" srcset=\"https:\/\/beantobliss.com\/wp-content\/uploads\/2022\/12\/Catalogo_Dic_11-Corte-1.jpg 1279w, https:\/\/beantobliss.com\/wp-content\/uploads\/2022\/12\/Catalogo_Dic_11-Corte-1-300x300.jpg 300w, https:\/\/beantobliss.com\/wp-content\/uploads\/2022\/12\/Catalogo_Dic_11-Corte-1-1024x1024.jpg 1024w, https:\/\/beantobliss.com\/wp-content\/uploads\/2022\/12\/Catalogo_Dic_11-Corte-1-150x150.jpg 150w, https:\/\/beantobliss.com\/wp-content\/uploads\/2022\/12\/Catalogo_Dic_11-Corte-1-768x768.jpg 768w, https:\/\/beantobliss.com\/wp-content\/uploads\/2022\/12\/Catalogo_Dic_11-Corte-1-550x550.jpg 550w, https:\/\/beantobliss.com\/wp-content\/uploads\/2022\/12\/Catalogo_Dic_11-Corte-1-1100x1100.jpg 1100w\" sizes=\"auto, (max-width: 1279px) 100vw, 1279px\" \/>\t\t\t\t\t\t\t\t\t\t\t\t<\/div>\n\t<\/div>\n\t<div class=\"edgtf-iwt-text-holder\">\n\t\t\t\t<h5 class=\"edgtf-iwt-title\" style=\"color: #303030\">MONSTER TRUFF<\/h5>\n\t\t\t\t<p class=\"edgtf-iwt-text\" style=\"color: #666666\">Whiskey-infused chocolate truffle covered in amber chocolate.<\/p>\n\t<\/div>\n<\/div><div class=\"vc_empty_space\"   style=\"height: 50px\"><span class=\"vc_empty_space_inner\"><\/span><\/div><\/div><\/div><\/div><\/div><\/div><div class=\"edgtf-row-grid-section\"><div class=\"vc_row wpb_row vc_inner vc_row-fluid edgtf-content-aligment-center\"><div class=\"wpb_column vc_column_container vc_col-sm-6 vc_col-lg-3 vc_col-md-6 vc_col-xs-12\"><div class=\"vc_column-inner vc_custom_1489159283161\"><div class=\"wpb_wrapper\"><div class=\"edgtf-image-with-text-holder edgtf-image-behavior-\">\n\t<div class=\"edgtf-iwt-image\">\n\t\t<div class=\"edgtf-iwt-image-wrapper\">\n\t\t\t\t\t\t\t\t\t\t\t\t\t\t<img loading=\"lazy\" decoding=\"async\" width=\"1600\" height=\"1600\" src=\"https:\/\/beantobliss.com\/wp-content\/uploads\/2023\/10\/Bean_Octubre_85.jpg\" class=\"attachment-full size-full\" alt=\"\" srcset=\"https:\/\/beantobliss.com\/wp-content\/uploads\/2023\/10\/Bean_Octubre_85.jpg 1600w, https:\/\/beantobliss.com\/wp-content\/uploads\/2023\/10\/Bean_Octubre_85-300x300.jpg 300w, https:\/\/beantobliss.com\/wp-content\/uploads\/2023\/10\/Bean_Octubre_85-1024x1024.jpg 1024w, https:\/\/beantobliss.com\/wp-content\/uploads\/2023\/10\/Bean_Octubre_85-150x150.jpg 150w, https:\/\/beantobliss.com\/wp-content\/uploads\/2023\/10\/Bean_Octubre_85-768x768.jpg 768w, https:\/\/beantobliss.com\/wp-content\/uploads\/2023\/10\/Bean_Octubre_85-1536x1536.jpg 1536w, https:\/\/beantobliss.com\/wp-content\/uploads\/2023\/10\/Bean_Octubre_85-12x12.jpg 12w, https:\/\/beantobliss.com\/wp-content\/uploads\/2023\/10\/Bean_Octubre_85-550x550.jpg 550w, https:\/\/beantobliss.com\/wp-content\/uploads\/2023\/10\/Bean_Octubre_85-1100x1100.jpg 1100w\" sizes=\"auto, (max-width: 1600px) 100vw, 1600px\" \/>\t\t\t\t\t\t\t\t\t\t\t\t<\/div>\n\t<\/div>\n\t<div class=\"edgtf-iwt-text-holder\">\n\t\t\t\t<h5 class=\"edgtf-iwt-title\" style=\"color: #303030\">BERRY DEAD<\/h5>\n\t\t\t\t<p class=\"edgtf-iwt-text\" style=\"color: #666666\">Bomb\u00f3n de Chocolate relleno de ganache de pistacho, jalea de frambuesa, marshmallow de frambuesa y cristales de az\u00facar.<\/p>\n\t<\/div>\n<\/div><div class=\"vc_empty_space\"   style=\"height: 50px\"><span class=\"vc_empty_space_inner\"><\/span><\/div><\/div><\/div><\/div><div class=\"wpb_column vc_column_container vc_col-sm-6 vc_col-lg-3 vc_col-md-6 vc_col-xs-12\"><div class=\"vc_column-inner vc_custom_1489159292145\"><div class=\"wpb_wrapper\"><div class=\"edgtf-image-with-text-holder edgtf-image-behavior-\">\n\t<div class=\"edgtf-iwt-image\">\n\t\t<div class=\"edgtf-iwt-image-wrapper\">\n\t\t\t\t\t\t\t\t\t\t\t\t\t\t<img loading=\"lazy\" decoding=\"async\" width=\"1600\" height=\"1600\" src=\"https:\/\/beantobliss.com\/wp-content\/uploads\/2023\/10\/Bean_Octubre_2.jpg\" class=\"attachment-full size-full\" alt=\"\" srcset=\"https:\/\/beantobliss.com\/wp-content\/uploads\/2023\/10\/Bean_Octubre_2.jpg 1600w, https:\/\/beantobliss.com\/wp-content\/uploads\/2023\/10\/Bean_Octubre_2-300x300.jpg 300w, https:\/\/beantobliss.com\/wp-content\/uploads\/2023\/10\/Bean_Octubre_2-1024x1024.jpg 1024w, https:\/\/beantobliss.com\/wp-content\/uploads\/2023\/10\/Bean_Octubre_2-150x150.jpg 150w, https:\/\/beantobliss.com\/wp-content\/uploads\/2023\/10\/Bean_Octubre_2-768x768.jpg 768w, https:\/\/beantobliss.com\/wp-content\/uploads\/2023\/10\/Bean_Octubre_2-1536x1536.jpg 1536w, https:\/\/beantobliss.com\/wp-content\/uploads\/2023\/10\/Bean_Octubre_2-12x12.jpg 12w, https:\/\/beantobliss.com\/wp-content\/uploads\/2023\/10\/Bean_Octubre_2-550x550.jpg 550w, https:\/\/beantobliss.com\/wp-content\/uploads\/2023\/10\/Bean_Octubre_2-1100x1100.jpg 1100w\" sizes=\"auto, (max-width: 1600px) 100vw, 1600px\" \/>\t\t\t\t\t\t\t\t\t\t\t\t<\/div>\n\t<\/div>\n\t<div class=\"edgtf-iwt-text-holder\">\n\t\t\t\t<h5 class=\"edgtf-iwt-title\" style=\"color: #303030\">WITCHY BOOZE<\/h5>\n\t\t\t\t<p class=\"edgtf-iwt-text\" style=\"color: #666666\">Bomb\u00f3n de Chocolate relleno de alm\u00edbar infusionado de crema de licor con calabaza y especias.<\/p>\n\t<\/div>\n<\/div><div class=\"vc_empty_space\"   style=\"height: 50px\"><span class=\"vc_empty_space_inner\"><\/span><\/div><\/div><\/div><\/div><div class=\"wpb_column vc_column_container vc_col-sm-6 vc_col-lg-3 vc_col-md-6 vc_col-xs-12\"><div class=\"vc_column-inner vc_custom_1489159300323\"><div class=\"wpb_wrapper\"><div class=\"edgtf-image-with-text-holder edgtf-image-behavior-\">\n\t<div class=\"edgtf-iwt-image\">\n\t\t<div class=\"edgtf-iwt-image-wrapper\">\n\t\t\t\t\t\t\t\t\t\t\t\t\t\t<img loading=\"lazy\" decoding=\"async\" width=\"1600\" height=\"1600\" src=\"https:\/\/beantobliss.com\/wp-content\/uploads\/2025\/01\/Bean_Dic_2.jpg\" class=\"attachment-full size-full\" alt=\"\" srcset=\"https:\/\/beantobliss.com\/wp-content\/uploads\/2025\/01\/Bean_Dic_2.jpg 1600w, https:\/\/beantobliss.com\/wp-content\/uploads\/2025\/01\/Bean_Dic_2-300x300.jpg 300w, https:\/\/beantobliss.com\/wp-content\/uploads\/2025\/01\/Bean_Dic_2-1024x1024.jpg 1024w, https:\/\/beantobliss.com\/wp-content\/uploads\/2025\/01\/Bean_Dic_2-150x150.jpg 150w, https:\/\/beantobliss.com\/wp-content\/uploads\/2025\/01\/Bean_Dic_2-768x768.jpg 768w, https:\/\/beantobliss.com\/wp-content\/uploads\/2025\/01\/Bean_Dic_2-1536x1536.jpg 1536w, https:\/\/beantobliss.com\/wp-content\/uploads\/2025\/01\/Bean_Dic_2-12x12.jpg 12w, https:\/\/beantobliss.com\/wp-content\/uploads\/2025\/01\/Bean_Dic_2-550x550.jpg 550w, https:\/\/beantobliss.com\/wp-content\/uploads\/2025\/01\/Bean_Dic_2-1100x1100.jpg 1100w\" sizes=\"auto, (max-width: 1600px) 100vw, 1600px\" \/>\t\t\t\t\t\t\t\t\t\t\t\t<\/div>\n\t<\/div>\n\t<div class=\"edgtf-iwt-text-holder\">\n\t\t\t\t<h5 class=\"edgtf-iwt-title\" style=\"color: #303030\">PHARAOHNION<\/h5>\n\t\t\t\t<p class=\"edgtf-iwt-text\" style=\"color: #666666\">Bomb\u00f3n de Chocolate relleno de ganache blanco con cebolla caramelizada.<\/p>\n\t<\/div>\n<\/div><div class=\"vc_empty_space\"   style=\"height: 50px\"><span class=\"vc_empty_space_inner\"><\/span><\/div><\/div><\/div><\/div><div class=\"wpb_column vc_column_container vc_col-sm-6 vc_col-lg-3 vc_col-md-6 vc_col-xs-12\"><div class=\"vc_column-inner vc_custom_1489159307704\"><div class=\"wpb_wrapper\"><div class=\"vc_empty_space\"   style=\"height: 50px\"><span class=\"vc_empty_space_inner\"><\/span><\/div><\/div><\/div><\/div><\/div><\/div><div class=\"vc_empty_space\"   style=\"height: 50px\"><span class=\"vc_empty_space_inner\"><\/span><\/div><\/div><\/div><\/div><\/div><div class=\"vc_row wpb_row vc_row-fluid\"><div class=\"wpb_column vc_column_container vc_col-sm-12\"><div class=\"vc_column-inner\"><div class=\"wpb_wrapper\"><h2 style=\"font-size: 30px;color: #62c1cb;text-align: center\" class=\"vc_custom_heading vc_do_custom_heading\" >\u2022 Sugar Lollies \u2022<\/h2><div class=\"vc_empty_space\"   style=\"height: 25px\"><span class=\"vc_empty_space_inner\"><\/span><\/div><h2 class=\"edgtf-custom-font-holder\" style=\"font-family: Century Gothic;font-size: 20px;font-weight: 300;text-align: center;color: #685496\" data-font-size=\"20\">\n\tValor \u00a2750<\/h2><div class=\"vc_empty_space\"   style=\"height: 50px\"><span class=\"vc_empty_space_inner\"><\/span><\/div><div class=\"edgtf-row-grid-section\"><div class=\"vc_row wpb_row vc_inner vc_row-fluid edgtf-content-aligment-center\"><div class=\"wpb_column vc_column_container vc_col-sm-6 vc_col-lg-3 vc_col-md-6 vc_col-xs-12\"><div class=\"vc_column-inner vc_custom_1489159283161\"><div class=\"wpb_wrapper\"><div class=\"edgtf-image-with-text-holder edgtf-image-behavior-\">\n\t<div class=\"edgtf-iwt-image\">\n\t\t<div class=\"edgtf-iwt-image-wrapper\">\n\t\t\t\t\t\t\t\t\t\t\t\t\t\t<img loading=\"lazy\" decoding=\"async\" width=\"1067\" height=\"1600\" src=\"https:\/\/beantobliss.com\/wp-content\/uploads\/2023\/10\/Bean_Octubre_80-1.jpg\" class=\"attachment-full size-full\" alt=\"\" srcset=\"https:\/\/beantobliss.com\/wp-content\/uploads\/2023\/10\/Bean_Octubre_80-1.jpg 1067w, https:\/\/beantobliss.com\/wp-content\/uploads\/2023\/10\/Bean_Octubre_80-1-200x300.jpg 200w, https:\/\/beantobliss.com\/wp-content\/uploads\/2023\/10\/Bean_Octubre_80-1-683x1024.jpg 683w, https:\/\/beantobliss.com\/wp-content\/uploads\/2023\/10\/Bean_Octubre_80-1-768x1152.jpg 768w, https:\/\/beantobliss.com\/wp-content\/uploads\/2023\/10\/Bean_Octubre_80-1-1024x1536.jpg 1024w, https:\/\/beantobliss.com\/wp-content\/uploads\/2023\/10\/Bean_Octubre_80-1-8x12.jpg 8w\" sizes=\"auto, (max-width: 1067px) 100vw, 1067px\" \/>\t\t\t\t\t\t\t\t\t\t\t\t<\/div>\n\t<\/div>\n\t<div class=\"edgtf-iwt-text-holder\">\n\t\t\t\t<h5 class=\"edgtf-iwt-title\" style=\"color: #303030\">SUGAR LOLLIES<\/h5>\n\t\t\t\t<p class=\"edgtf-iwt-text\" style=\"color: #666666\">Paleta de az\u00facar con sabor a Tutti Frutti con sprinkles de az\u00facar hechos a mano en la Chocolater\u00eda.<\/p>\n\t<\/div>\n<\/div><div class=\"vc_empty_space\"   style=\"height: 50px\"><span class=\"vc_empty_space_inner\"><\/span><\/div><\/div><\/div><\/div><div class=\"wpb_column vc_column_container vc_col-sm-6 vc_col-lg-3 vc_col-md-6 vc_col-xs-12\"><div class=\"vc_column-inner vc_custom_1489159292145\"><div class=\"wpb_wrapper\"><div class=\"edgtf-image-with-text-holder edgtf-image-behavior-\">\n\t<div class=\"edgtf-iwt-image\">\n\t\t<div class=\"edgtf-iwt-image-wrapper\">\n\t\t\t\t\t\t\t\t\t\t\t\t\t\t<img loading=\"lazy\" decoding=\"async\" width=\"1067\" height=\"1600\" src=\"https:\/\/beantobliss.com\/wp-content\/uploads\/2023\/10\/Bean_Octubre_81.jpg\" class=\"attachment-full size-full\" alt=\"\" srcset=\"https:\/\/beantobliss.com\/wp-content\/uploads\/2023\/10\/Bean_Octubre_81.jpg 1067w, https:\/\/beantobliss.com\/wp-content\/uploads\/2023\/10\/Bean_Octubre_81-200x300.jpg 200w, https:\/\/beantobliss.com\/wp-content\/uploads\/2023\/10\/Bean_Octubre_81-683x1024.jpg 683w, https:\/\/beantobliss.com\/wp-content\/uploads\/2023\/10\/Bean_Octubre_81-768x1152.jpg 768w, https:\/\/beantobliss.com\/wp-content\/uploads\/2023\/10\/Bean_Octubre_81-1024x1536.jpg 1024w, https:\/\/beantobliss.com\/wp-content\/uploads\/2023\/10\/Bean_Octubre_81-8x12.jpg 8w\" sizes=\"auto, (max-width: 1067px) 100vw, 1067px\" \/>\t\t\t\t\t\t\t\t\t\t\t\t<\/div>\n\t<\/div>\n\t<div class=\"edgtf-iwt-text-holder\">\n\t\t\t\t<h5 class=\"edgtf-iwt-title\" style=\"color: #303030\">SUGAR LOLLIES<\/h5>\n\t\t\t\t<p class=\"edgtf-iwt-text\" style=\"color: #666666\">Paleta de az\u00facar con sabor a Tutti Frutti con sprinkles de az\u00facar hechos a mano en la Chocolater\u00eda.<\/p>\n\t<\/div>\n<\/div><div class=\"vc_empty_space\"   style=\"height: 50px\"><span class=\"vc_empty_space_inner\"><\/span><\/div><\/div><\/div><\/div><div class=\"wpb_column vc_column_container vc_col-sm-6 vc_col-lg-3 vc_col-md-6 vc_col-xs-12\"><div class=\"vc_column-inner vc_custom_1489159300323\"><div class=\"wpb_wrapper\"><div class=\"edgtf-image-with-text-holder edgtf-image-behavior-\">\n\t<div class=\"edgtf-iwt-image\">\n\t\t<div class=\"edgtf-iwt-image-wrapper\">\n\t\t\t\t\t\t\t\t\t\t\t\t\t\t<img loading=\"lazy\" decoding=\"async\" width=\"1067\" height=\"1600\" src=\"https:\/\/beantobliss.com\/wp-content\/uploads\/2023\/10\/Bean_Octubre_82.jpg\" class=\"attachment-full size-full\" alt=\"\" srcset=\"https:\/\/beantobliss.com\/wp-content\/uploads\/2023\/10\/Bean_Octubre_82.jpg 1067w, https:\/\/beantobliss.com\/wp-content\/uploads\/2023\/10\/Bean_Octubre_82-200x300.jpg 200w, https:\/\/beantobliss.com\/wp-content\/uploads\/2023\/10\/Bean_Octubre_82-683x1024.jpg 683w, https:\/\/beantobliss.com\/wp-content\/uploads\/2023\/10\/Bean_Octubre_82-768x1152.jpg 768w, https:\/\/beantobliss.com\/wp-content\/uploads\/2023\/10\/Bean_Octubre_82-1024x1536.jpg 1024w, https:\/\/beantobliss.com\/wp-content\/uploads\/2023\/10\/Bean_Octubre_82-8x12.jpg 8w\" sizes=\"auto, (max-width: 1067px) 100vw, 1067px\" \/>\t\t\t\t\t\t\t\t\t\t\t\t<\/div>\n\t<\/div>\n\t<div class=\"edgtf-iwt-text-holder\">\n\t\t\t\t<h5 class=\"edgtf-iwt-title\" style=\"color: #303030\">SUGAR LOLLIES<\/h5>\n\t\t\t\t<p class=\"edgtf-iwt-text\" style=\"color: #666666\">Paleta de az\u00facar con sabor a Tutti Frutti con sprinkles de az\u00facar hechos a mano en la Chocolater\u00eda.<\/p>\n\t<\/div>\n<\/div><div class=\"vc_empty_space\"   style=\"height: 50px\"><span class=\"vc_empty_space_inner\"><\/span><\/div><\/div><\/div><\/div><div class=\"wpb_column vc_column_container vc_col-sm-6 vc_col-lg-3 vc_col-md-6 vc_col-xs-12\"><div class=\"vc_column-inner vc_custom_1489159307704\"><div class=\"wpb_wrapper\"><div class=\"vc_empty_space\"   style=\"height: 50px\"><span class=\"vc_empty_space_inner\"><\/span><\/div><\/div><\/div><\/div><\/div><\/div><div class=\"vc_empty_space\"   style=\"height: 100px\"><span class=\"vc_empty_space_inner\"><\/span><\/div><\/div><\/div><\/div><\/div><div class=\"vc_row wpb_row vc_row-fluid\"><div class=\"wpb_column vc_column_container vc_col-sm-12\"><div class=\"vc_column-inner\"><div class=\"wpb_wrapper\"><\/div><\/div><\/div><\/div>\n<\/div>","protected":false},"excerpt":{"rendered":"\u2022 Bombones \u2022 Nuestros bombones se venden en las presentaciones cl\u00e1sicas de 1, 2, 4, 6, 9, 12, 16 y 25 unidades. PUMPKIN SPICE Bomb\u00f3n de Chocolate relleno de ganache de calabaza, especias y pepitas (semillas de calabaza). FRANK N&#039; [...]","protected":false},"author":1,"featured_media":0,"parent":11428,"menu_order":0,"comment_status":"closed","ping_status":"closed","template":"full-width.php","meta":{"_joinchat":[],"footnotes":""},"class_list":["post-12817","page","type-page","status-publish","hentry"],"_links":{"self":[{"href":"https:\/\/beantobliss.com\/en\/wp-json\/wp\/v2\/pages\/12817","targetHints":{"allow":["GET"]}}],"collection":[{"href":"https:\/\/beantobliss.com\/en\/wp-json\/wp\/v2\/pages"}],"about":[{"href":"https:\/\/beantobliss.com\/en\/wp-json\/wp\/v2\/types\/page"}],"author":[{"embeddable":true,"href":"https:\/\/beantobliss.com\/en\/wp-json\/wp\/v2\/users\/1"}],"replies":[{"embeddable":true,"href":"https:\/\/beantobliss.com\/en\/wp-json\/wp\/v2\/comments?post=12817"}],"version-history":[{"count":0,"href":"https:\/\/beantobliss.com\/en\/wp-json\/wp\/v2\/pages\/12817\/revisions"}],"up":[{"embeddable":true,"href":"https:\/\/beantobliss.com\/en\/wp-json\/wp\/v2\/pages\/11428"}],"wp:attachment":[{"href":"https:\/\/beantobliss.com\/en\/wp-json\/wp\/v2\/media?parent=12817"}],"curies":[{"name":"wp","href":"https:\/\/api.w.org\/{rel}","templated":true}]}}