{"id":12981,"date":"2023-08-30T16:48:45","date_gmt":"2023-08-30T16:48:45","guid":{"rendered":"https:\/\/beantobliss.com\/?page_id=12981"},"modified":"2025-11-13T14:40:57","modified_gmt":"2025-11-13T14:40:57","slug":"especiales-independencia","status":"publish","type":"page","link":"https:\/\/beantobliss.com\/en\/sabores\/especiales-independencia\/","title":{"rendered":"Independence Day"},"content":{"rendered":"<div class=\"wpb-content-wrapper\"><div class=\"vc_row wpb_row vc_row-fluid\"><div class=\"wpb_column vc_column_container vc_col-sm-12\"><div class=\"vc_column-inner\"><div class=\"wpb_wrapper\"><div class=\"vc_empty_space\"   style=\"height: 100px\"><span class=\"vc_empty_space_inner\"><\/span><\/div><h2 style=\"font-size: 30px;color: #62c1cb;text-align: center\" class=\"vc_custom_heading vc_do_custom_heading\" >\u2022 Bonbons \u2022<\/h2><div class=\"vc_empty_space\"   style=\"height: 50px\"><span class=\"vc_empty_space_inner\"><\/span><\/div><h2 class=\"edgtf-custom-font-holder\" style=\"font-family: Century Gothic;font-size: 20px;font-weight: 300;text-align: center;color: #685496\" data-font-size=\"20\">\n\tNuestros bombones se venden en las presentaciones cl\u00e1sicas de 1, 2, 4, 6, 9, 12, 16 y 25 unidades.<\/h2><div class=\"vc_empty_space\"   style=\"height: 100px\"><span class=\"vc_empty_space_inner\"><\/span><\/div><div class=\"edgtf-row-grid-section\"><div class=\"vc_row wpb_row vc_inner vc_row-fluid edgtf-content-aligment-center\"><div class=\"wpb_column vc_column_container vc_col-sm-6 vc_col-lg-3 vc_col-md-6 vc_col-xs-12\"><div class=\"vc_column-inner vc_custom_1489159283161\"><div class=\"wpb_wrapper\"><div class=\"edgtf-image-with-text-holder edgtf-image-behavior-\">\n\t<div class=\"edgtf-iwt-image\">\n\t\t<div class=\"edgtf-iwt-image-wrapper\">\n\t\t\t\t\t\t\t\t\t\t\t\t\t\t<img loading=\"lazy\" decoding=\"async\" width=\"1600\" height=\"1600\" src=\"https:\/\/beantobliss.com\/wp-content\/uploads\/2023\/08\/Bean_Agosto_104.jpg\" class=\"attachment-full size-full\" alt=\"\" srcset=\"https:\/\/beantobliss.com\/wp-content\/uploads\/2023\/08\/Bean_Agosto_104.jpg 1600w, https:\/\/beantobliss.com\/wp-content\/uploads\/2023\/08\/Bean_Agosto_104-300x300.jpg 300w, https:\/\/beantobliss.com\/wp-content\/uploads\/2023\/08\/Bean_Agosto_104-1024x1024.jpg 1024w, https:\/\/beantobliss.com\/wp-content\/uploads\/2023\/08\/Bean_Agosto_104-150x150.jpg 150w, https:\/\/beantobliss.com\/wp-content\/uploads\/2023\/08\/Bean_Agosto_104-768x768.jpg 768w, https:\/\/beantobliss.com\/wp-content\/uploads\/2023\/08\/Bean_Agosto_104-1536x1536.jpg 1536w, https:\/\/beantobliss.com\/wp-content\/uploads\/2023\/08\/Bean_Agosto_104-12x12.jpg 12w, https:\/\/beantobliss.com\/wp-content\/uploads\/2023\/08\/Bean_Agosto_104-550x550.jpg 550w, https:\/\/beantobliss.com\/wp-content\/uploads\/2023\/08\/Bean_Agosto_104-1100x1100.jpg 1100w\" sizes=\"auto, (max-width: 1600px) 100vw, 1600px\" \/>\t\t\t\t\t\t\t\t\t\t\t\t<\/div>\n\t<\/div>\n\t<div class=\"edgtf-iwt-text-holder\">\n\t\t\t\t<h5 class=\"edgtf-iwt-title\" style=\"color: #303030\">RICE PUDDING<\/h5>\n\t\t\t\t<p class=\"edgtf-iwt-text\" style=\"color: #666666\">Chocolate bonbon filled with rice pudding ganache.<\/p>\n\t<\/div>\n<\/div><div class=\"vc_empty_space\"   style=\"height: 50px\"><span class=\"vc_empty_space_inner\"><\/span><\/div><\/div><\/div><\/div><div class=\"wpb_column vc_column_container vc_col-sm-6 vc_col-lg-3 vc_col-md-6 vc_col-xs-12\"><div class=\"vc_column-inner vc_custom_1489159292145\"><div class=\"wpb_wrapper\"><div class=\"edgtf-image-with-text-holder edgtf-image-behavior-\">\n\t<div class=\"edgtf-iwt-image\">\n\t\t<div class=\"edgtf-iwt-image-wrapper\">\n\t\t\t\t\t\t\t\t\t\t\t\t\t\t<img loading=\"lazy\" decoding=\"async\" width=\"1600\" height=\"1600\" src=\"https:\/\/beantobliss.com\/wp-content\/uploads\/2023\/08\/Bean_Agosto_102.jpg\" class=\"attachment-full size-full\" alt=\"\" srcset=\"https:\/\/beantobliss.com\/wp-content\/uploads\/2023\/08\/Bean_Agosto_102.jpg 1600w, https:\/\/beantobliss.com\/wp-content\/uploads\/2023\/08\/Bean_Agosto_102-300x300.jpg 300w, https:\/\/beantobliss.com\/wp-content\/uploads\/2023\/08\/Bean_Agosto_102-1024x1024.jpg 1024w, https:\/\/beantobliss.com\/wp-content\/uploads\/2023\/08\/Bean_Agosto_102-150x150.jpg 150w, https:\/\/beantobliss.com\/wp-content\/uploads\/2023\/08\/Bean_Agosto_102-768x768.jpg 768w, https:\/\/beantobliss.com\/wp-content\/uploads\/2023\/08\/Bean_Agosto_102-1536x1536.jpg 1536w, https:\/\/beantobliss.com\/wp-content\/uploads\/2023\/08\/Bean_Agosto_102-12x12.jpg 12w, https:\/\/beantobliss.com\/wp-content\/uploads\/2023\/08\/Bean_Agosto_102-550x550.jpg 550w, https:\/\/beantobliss.com\/wp-content\/uploads\/2023\/08\/Bean_Agosto_102-1100x1100.jpg 1100w\" sizes=\"auto, (max-width: 1600px) 100vw, 1600px\" \/>\t\t\t\t\t\t\t\t\t\t\t\t<\/div>\n\t<\/div>\n\t<div class=\"edgtf-iwt-text-holder\">\n\t\t\t\t<h5 class=\"edgtf-iwt-title\" style=\"color: #303030\">CAS<\/h5>\n\t\t\t\t<p class=\"edgtf-iwt-text\" style=\"color: #666666\">Chocolate bonbon filled with jelly and cas ganache. Representative design of a pre-Columbian half sphere.<\/p>\n\t<\/div>\n<\/div><div class=\"vc_empty_space\"   style=\"height: 50px\"><span class=\"vc_empty_space_inner\"><\/span><\/div><\/div><\/div><\/div><div class=\"wpb_column vc_column_container vc_col-sm-6 vc_col-lg-3 vc_col-md-6 vc_col-xs-12\"><div class=\"vc_column-inner vc_custom_1489159300323\"><div class=\"wpb_wrapper\"><div class=\"edgtf-image-with-text-holder edgtf-image-behavior-\">\n\t<div class=\"edgtf-iwt-image\">\n\t\t<div class=\"edgtf-iwt-image-wrapper\">\n\t\t\t\t\t\t\t\t\t\t\t\t\t\t<img loading=\"lazy\" decoding=\"async\" width=\"2560\" height=\"2560\" src=\"https:\/\/beantobliss.com\/wp-content\/uploads\/2023\/10\/Bean_Octubre_1-scaled.jpg\" class=\"attachment-full size-full\" alt=\"\" srcset=\"https:\/\/beantobliss.com\/wp-content\/uploads\/2023\/10\/Bean_Octubre_1-scaled.jpg 2560w, https:\/\/beantobliss.com\/wp-content\/uploads\/2023\/10\/Bean_Octubre_1-300x300.jpg 300w, https:\/\/beantobliss.com\/wp-content\/uploads\/2023\/10\/Bean_Octubre_1-1024x1024.jpg 1024w, https:\/\/beantobliss.com\/wp-content\/uploads\/2023\/10\/Bean_Octubre_1-150x150.jpg 150w, https:\/\/beantobliss.com\/wp-content\/uploads\/2023\/10\/Bean_Octubre_1-768x768.jpg 768w, https:\/\/beantobliss.com\/wp-content\/uploads\/2023\/10\/Bean_Octubre_1-1536x1536.jpg 1536w, https:\/\/beantobliss.com\/wp-content\/uploads\/2023\/10\/Bean_Octubre_1-12x12.jpg 12w, https:\/\/beantobliss.com\/wp-content\/uploads\/2023\/10\/Bean_Octubre_1-550x550.jpg 550w, https:\/\/beantobliss.com\/wp-content\/uploads\/2023\/10\/Bean_Octubre_1-1100x1100.jpg 1100w\" sizes=\"auto, (max-width: 2560px) 100vw, 2560px\" \/>\t\t\t\t\t\t\t\t\t\t\t\t<\/div>\n\t<\/div>\n\t<div class=\"edgtf-iwt-text-holder\">\n\t\t\t\t<h5 class=\"edgtf-iwt-title\" style=\"color: #303030\">CHONETE \ud83c\udf31<\/h5>\n\t\t\t\t<p class=\"edgtf-iwt-text\" style=\"color: #666666\">Bomb\u00f3n de Chocolate relleno de alm\u00edbar de Guaro Cacique (licor). (Vegano \/ Libre de Lactosa) \ud83c\udf31<\/p>\n\t<\/div>\n<\/div><div class=\"vc_empty_space\"   style=\"height: 50px\"><span class=\"vc_empty_space_inner\"><\/span><\/div><\/div><\/div><\/div><div class=\"wpb_column vc_column_container vc_col-sm-6 vc_col-lg-3 vc_col-md-6 vc_col-xs-12\"><div class=\"vc_column-inner vc_custom_1489159307704\"><div class=\"wpb_wrapper\"><div class=\"vc_empty_space\"   style=\"height: 50px\"><span class=\"vc_empty_space_inner\"><\/span><\/div><\/div><\/div><\/div><\/div><\/div><div class=\"vc_empty_space\"   style=\"height: 50px\"><span class=\"vc_empty_space_inner\"><\/span><\/div><\/div><\/div><\/div><\/div><div class=\"vc_row wpb_row vc_row-fluid\"><div class=\"wpb_column vc_column_container vc_col-sm-12\"><div class=\"vc_column-inner\"><div class=\"wpb_wrapper\"><h2 style=\"font-size: 30px;color: #62c1cb;text-align: center\" class=\"vc_custom_heading vc_do_custom_heading\" >\u2022 Choco Lollies \u2022<\/h2><div class=\"vc_empty_space\"   style=\"height: 25px\"><span class=\"vc_empty_space_inner\"><\/span><\/div><h2 class=\"edgtf-custom-font-holder\" style=\"font-family: Century Gothic;font-size: 20px;font-weight: 300;text-align: center;color: #685496\" data-font-size=\"20\">\n\tValor \u00a22.000<\/h2><div class=\"vc_empty_space\"   style=\"height: 50px\"><span class=\"vc_empty_space_inner\"><\/span><\/div><div class=\"edgtf-row-grid-section\"><div class=\"vc_row wpb_row vc_inner vc_row-fluid edgtf-content-aligment-center\"><div class=\"wpb_column vc_column_container vc_col-sm-6 vc_col-lg-3 vc_col-md-6 vc_col-xs-12\"><div class=\"vc_column-inner vc_custom_1489159283161\"><div class=\"wpb_wrapper\"><div class=\"edgtf-image-with-text-holder edgtf-image-behavior-\">\n\t<div class=\"edgtf-iwt-image\">\n\t\t<div class=\"edgtf-iwt-image-wrapper\">\n\t\t\t\t\t\t\t\t\t\t\t\t\t\t<img loading=\"lazy\" decoding=\"async\" width=\"1067\" height=\"1600\" src=\"https:\/\/beantobliss.com\/wp-content\/uploads\/2023\/10\/Bean_Octubre_78.jpg\" class=\"attachment-full size-full\" alt=\"\" srcset=\"https:\/\/beantobliss.com\/wp-content\/uploads\/2023\/10\/Bean_Octubre_78.jpg 1067w, https:\/\/beantobliss.com\/wp-content\/uploads\/2023\/10\/Bean_Octubre_78-200x300.jpg 200w, https:\/\/beantobliss.com\/wp-content\/uploads\/2023\/10\/Bean_Octubre_78-683x1024.jpg 683w, https:\/\/beantobliss.com\/wp-content\/uploads\/2023\/10\/Bean_Octubre_78-768x1152.jpg 768w, https:\/\/beantobliss.com\/wp-content\/uploads\/2023\/10\/Bean_Octubre_78-1024x1536.jpg 1024w, https:\/\/beantobliss.com\/wp-content\/uploads\/2023\/10\/Bean_Octubre_78-8x12.jpg 8w\" sizes=\"auto, (max-width: 1067px) 100vw, 1067px\" \/>\t\t\t\t\t\t\t\t\t\t\t\t<\/div>\n\t<\/div>\n\t<div class=\"edgtf-iwt-text-holder\">\n\t\t\t\t<h5 class=\"edgtf-iwt-title\" style=\"color: #303030\">CHOCO LOLLIES INDEPENDENCIA (FRENTE)<\/h5>\n\t\t\t\t<p class=\"edgtf-iwt-text\" style=\"color: #666666\">Paleta de chocolate con leche al 35% rellena de arroz tostado y man\u00ed confitado.<\/p>\n\t<\/div>\n<\/div><div class=\"vc_empty_space\"   style=\"height: 50px\"><span class=\"vc_empty_space_inner\"><\/span><\/div><\/div><\/div><\/div><div class=\"wpb_column vc_column_container vc_col-sm-6 vc_col-lg-3 vc_col-md-6 vc_col-xs-12\"><div class=\"vc_column-inner vc_custom_1489159292145\"><div class=\"wpb_wrapper\"><div class=\"edgtf-image-with-text-holder edgtf-image-behavior-\">\n\t<div class=\"edgtf-iwt-image\">\n\t\t<div class=\"edgtf-iwt-image-wrapper\">\n\t\t\t\t\t\t\t\t\t\t\t\t\t\t<img loading=\"lazy\" decoding=\"async\" width=\"1067\" height=\"1600\" src=\"https:\/\/beantobliss.com\/wp-content\/uploads\/2023\/10\/Bean_Octubre_79.jpg\" class=\"attachment-full size-full\" alt=\"\" srcset=\"https:\/\/beantobliss.com\/wp-content\/uploads\/2023\/10\/Bean_Octubre_79.jpg 1067w, https:\/\/beantobliss.com\/wp-content\/uploads\/2023\/10\/Bean_Octubre_79-200x300.jpg 200w, https:\/\/beantobliss.com\/wp-content\/uploads\/2023\/10\/Bean_Octubre_79-683x1024.jpg 683w, https:\/\/beantobliss.com\/wp-content\/uploads\/2023\/10\/Bean_Octubre_79-768x1152.jpg 768w, https:\/\/beantobliss.com\/wp-content\/uploads\/2023\/10\/Bean_Octubre_79-1024x1536.jpg 1024w, https:\/\/beantobliss.com\/wp-content\/uploads\/2023\/10\/Bean_Octubre_79-8x12.jpg 8w\" sizes=\"auto, (max-width: 1067px) 100vw, 1067px\" \/>\t\t\t\t\t\t\t\t\t\t\t\t<\/div>\n\t<\/div>\n\t<div class=\"edgtf-iwt-text-holder\">\n\t\t\t\t<h5 class=\"edgtf-iwt-title\" style=\"color: #303030\">CHOCO LOLLIES INDEPENDENCIA (ATR\u00c1S)<\/h5>\n\t\t\t\t<p class=\"edgtf-iwt-text\" style=\"color: #666666\">Paleta de chocolate con leche al 35% rellena de arroz tostado y man\u00ed confitado.<\/p>\n\t<\/div>\n<\/div><div class=\"vc_empty_space\"   style=\"height: 50px\"><span class=\"vc_empty_space_inner\"><\/span><\/div><\/div><\/div><\/div><div class=\"wpb_column vc_column_container vc_col-sm-6 vc_col-lg-3 vc_col-md-6 vc_col-xs-12\"><div class=\"vc_column-inner vc_custom_1489159300323\"><div class=\"wpb_wrapper\"><div class=\"vc_empty_space\"   style=\"height: 50px\"><span class=\"vc_empty_space_inner\"><\/span><\/div><\/div><\/div><\/div><div class=\"wpb_column vc_column_container vc_col-sm-6 vc_col-lg-3 vc_col-md-6 vc_col-xs-12\"><div class=\"vc_column-inner vc_custom_1489159307704\"><div class=\"wpb_wrapper\"><div class=\"vc_empty_space\"   style=\"height: 50px\"><span class=\"vc_empty_space_inner\"><\/span><\/div><\/div><\/div><\/div><\/div><\/div><div class=\"vc_empty_space\"   style=\"height: 100px\"><span class=\"vc_empty_space_inner\"><\/span><\/div><\/div><\/div><\/div><\/div><div class=\"vc_row wpb_row vc_row-fluid\"><div class=\"wpb_column vc_column_container vc_col-sm-12\"><div class=\"vc_column-inner\"><div class=\"wpb_wrapper\"><\/div><\/div><\/div><\/div>\n<\/div>","protected":false},"excerpt":{"rendered":"\u2022 Bombones \u2022 Nuestros bombones se venden en las presentaciones cl\u00e1sicas de 1, 2, 4, 6, 9, 12, 16 y 25 unidades. ARROZ CON LECHE Bomb\u00f3n de Chocolate relleno de ganache de arroz con leche. CAS Bomb\u00f3n de Chocolate relleno [...]","protected":false},"author":1,"featured_media":0,"parent":11428,"menu_order":0,"comment_status":"closed","ping_status":"closed","template":"full-width.php","meta":{"_joinchat":[],"footnotes":""},"class_list":["post-12981","page","type-page","status-publish","hentry"],"_links":{"self":[{"href":"https:\/\/beantobliss.com\/en\/wp-json\/wp\/v2\/pages\/12981","targetHints":{"allow":["GET"]}}],"collection":[{"href":"https:\/\/beantobliss.com\/en\/wp-json\/wp\/v2\/pages"}],"about":[{"href":"https:\/\/beantobliss.com\/en\/wp-json\/wp\/v2\/types\/page"}],"author":[{"embeddable":true,"href":"https:\/\/beantobliss.com\/en\/wp-json\/wp\/v2\/users\/1"}],"replies":[{"embeddable":true,"href":"https:\/\/beantobliss.com\/en\/wp-json\/wp\/v2\/comments?post=12981"}],"version-history":[{"count":0,"href":"https:\/\/beantobliss.com\/en\/wp-json\/wp\/v2\/pages\/12981\/revisions"}],"up":[{"embeddable":true,"href":"https:\/\/beantobliss.com\/en\/wp-json\/wp\/v2\/pages\/11428"}],"wp:attachment":[{"href":"https:\/\/beantobliss.com\/en\/wp-json\/wp\/v2\/media?parent=12981"}],"curies":[{"name":"wp","href":"https:\/\/api.w.org\/{rel}","templated":true}]}}