{"id":13227,"date":"2024-08-27T22:52:20","date_gmt":"2024-08-27T22:52:20","guid":{"rendered":"https:\/\/beantobliss.com\/?page_id=13227"},"modified":"2024-08-27T22:52:20","modified_gmt":"2024-08-27T22:52:20","slug":"cafe","status":"publish","type":"page","link":"https:\/\/beantobliss.com\/en\/sabores\/cafe\/","title":{"rendered":"Caf\u00e9"},"content":{"rendered":"<div class=\"wpb-content-wrapper\"><div class=\"vc_row wpb_row vc_row-fluid\"><div class=\"wpb_column vc_column_container vc_col-sm-12\"><div class=\"vc_column-inner\"><div class=\"wpb_wrapper\"><div class=\"vc_empty_space\"   style=\"height: 100px\"><span class=\"vc_empty_space_inner\"><\/span><\/div><h2 style=\"font-size: 36px;color: #685496;text-align: center\" class=\"vc_custom_heading vc_do_custom_heading\" >GROUND COFFEE AND BEANS<\/h2><div class=\"vc_empty_space\"   style=\"height: 100px\"><span class=\"vc_empty_space_inner\"><\/span><\/div><div class=\"edgtf-row-grid-section\"><div class=\"vc_row wpb_row vc_inner vc_row-fluid edgtf-content-aligment-center\"><div class=\"wpb_column vc_column_container vc_col-sm-3 vc_col-lg-3 vc_col-md-6 vc_col-xs-12\"><div class=\"vc_column-inner vc_custom_1489159283161\"><div class=\"wpb_wrapper\"><div class=\"edgtf-image-with-text-holder edgtf-image-behavior-\">\n\t<div class=\"edgtf-iwt-image\">\n\t\t<div class=\"edgtf-iwt-image-wrapper\">\n\t\t\t\t\t\t\t\t\t\t\t\t\t\t<img loading=\"lazy\" decoding=\"async\" width=\"1600\" height=\"1600\" src=\"https:\/\/beantobliss.com\/wp-content\/uploads\/2023\/09\/cafe_5.jpg\" class=\"attachment-full size-full\" alt=\"\" srcset=\"https:\/\/beantobliss.com\/wp-content\/uploads\/2023\/09\/cafe_5.jpg 1600w, https:\/\/beantobliss.com\/wp-content\/uploads\/2023\/09\/cafe_5-300x300.jpg 300w, https:\/\/beantobliss.com\/wp-content\/uploads\/2023\/09\/cafe_5-1024x1024.jpg 1024w, https:\/\/beantobliss.com\/wp-content\/uploads\/2023\/09\/cafe_5-150x150.jpg 150w, https:\/\/beantobliss.com\/wp-content\/uploads\/2023\/09\/cafe_5-768x768.jpg 768w, https:\/\/beantobliss.com\/wp-content\/uploads\/2023\/09\/cafe_5-1536x1536.jpg 1536w, https:\/\/beantobliss.com\/wp-content\/uploads\/2023\/09\/cafe_5-12x12.jpg 12w, https:\/\/beantobliss.com\/wp-content\/uploads\/2023\/09\/cafe_5-550x550.jpg 550w, https:\/\/beantobliss.com\/wp-content\/uploads\/2023\/09\/cafe_5-1100x1100.jpg 1100w\" sizes=\"auto, (max-width: 1600px) 100vw, 1600px\" \/>\t\t\t\t\t\t\t\t\t\t\t\t<\/div>\n\t<\/div>\n\t<div class=\"edgtf-iwt-text-holder\">\n\t\t\t\t<h5 class=\"edgtf-iwt-title\" style=\"color: #303030\">K\u00d6MOREBI ESPECIAL - NATURAL<\/h5>\n\t\t\t\t<p class=\"edgtf-iwt-text\" style=\"color: #666666\">Caf\u00e9 de Tarraz\u00fa. Finca exclusiva. Producci\u00f3n de Microlotes. Proceso Natural: conservaci\u00f3n completa de la pulpa y la c\u00e1scara de los granos de caf\u00e9, mismos que se secan con \u00e9stas para ser posteriormente removidas. Notas de Sabor: Melocot\u00f3n dulce, fresa, cereza, higos. Tueste Medio. 240 gramos.<\/p>\n\t<\/div>\n<\/div><div class=\"vc_empty_space\"   style=\"height: 50px\"><span class=\"vc_empty_space_inner\"><\/span><\/div><\/div><\/div><\/div><div class=\"wpb_column vc_column_container vc_col-sm-3 vc_col-lg-3 vc_col-md-6 vc_col-xs-12\"><div class=\"vc_column-inner vc_custom_1489159292145\"><div class=\"wpb_wrapper\"><div class=\"edgtf-image-with-text-holder edgtf-image-behavior-\">\n\t<div class=\"edgtf-iwt-image\">\n\t\t<div class=\"edgtf-iwt-image-wrapper\">\n\t\t\t\t\t\t\t\t\t\t\t\t\t\t<img loading=\"lazy\" decoding=\"async\" width=\"1600\" height=\"1600\" src=\"https:\/\/beantobliss.com\/wp-content\/uploads\/2023\/09\/cafe_3.jpg\" class=\"attachment-full size-full\" alt=\"\" srcset=\"https:\/\/beantobliss.com\/wp-content\/uploads\/2023\/09\/cafe_3.jpg 1600w, https:\/\/beantobliss.com\/wp-content\/uploads\/2023\/09\/cafe_3-300x300.jpg 300w, https:\/\/beantobliss.com\/wp-content\/uploads\/2023\/09\/cafe_3-1024x1024.jpg 1024w, https:\/\/beantobliss.com\/wp-content\/uploads\/2023\/09\/cafe_3-150x150.jpg 150w, https:\/\/beantobliss.com\/wp-content\/uploads\/2023\/09\/cafe_3-768x768.jpg 768w, https:\/\/beantobliss.com\/wp-content\/uploads\/2023\/09\/cafe_3-1536x1536.jpg 1536w, https:\/\/beantobliss.com\/wp-content\/uploads\/2023\/09\/cafe_3-12x12.jpg 12w, https:\/\/beantobliss.com\/wp-content\/uploads\/2023\/09\/cafe_3-550x550.jpg 550w, https:\/\/beantobliss.com\/wp-content\/uploads\/2023\/09\/cafe_3-1100x1100.jpg 1100w\" sizes=\"auto, (max-width: 1600px) 100vw, 1600px\" \/>\t\t\t\t\t\t\t\t\t\t\t\t<\/div>\n\t<\/div>\n\t<div class=\"edgtf-iwt-text-holder\">\n\t\t\t\t<h5 class=\"edgtf-iwt-title\" style=\"color: #303030\">K\u00d6MOREBI - PROCESO NATURAL<\/h5>\n\t\t\t\t<p class=\"edgtf-iwt-text\" style=\"color: #666666\">Caf\u00e9 de Tarraz\u00fa. Finca exclusiva. Producci\u00f3n de Microlotes. Proceso Natural: conservaci\u00f3n completa de la pulpa y la c\u00e1scara de los granos de caf\u00e9, mismos que se secan con \u00e9stas para ser posteriormente removidas. Notas de Sabor: Melocot\u00f3n dulce, fresa, cereza, higos. Tueste Medio. 240 gramos.<\/p>\n\t<\/div>\n<\/div><div class=\"vc_empty_space\"   style=\"height: 50px\"><span class=\"vc_empty_space_inner\"><\/span><\/div><\/div><\/div><\/div><div class=\"wpb_column vc_column_container vc_col-sm-3\"><div class=\"vc_column-inner\"><div class=\"wpb_wrapper\"><div class=\"edgtf-image-with-text-holder edgtf-image-behavior-\">\n\t<div class=\"edgtf-iwt-image\">\n\t\t<div class=\"edgtf-iwt-image-wrapper\">\n\t\t\t\t\t\t\t\t\t\t\t\t\t\t<img loading=\"lazy\" decoding=\"async\" width=\"1600\" height=\"1600\" src=\"https:\/\/beantobliss.com\/wp-content\/uploads\/2023\/09\/cafe_2.jpg\" class=\"attachment-full size-full\" alt=\"\" srcset=\"https:\/\/beantobliss.com\/wp-content\/uploads\/2023\/09\/cafe_2.jpg 1600w, https:\/\/beantobliss.com\/wp-content\/uploads\/2023\/09\/cafe_2-300x300.jpg 300w, https:\/\/beantobliss.com\/wp-content\/uploads\/2023\/09\/cafe_2-1024x1024.jpg 1024w, https:\/\/beantobliss.com\/wp-content\/uploads\/2023\/09\/cafe_2-150x150.jpg 150w, https:\/\/beantobliss.com\/wp-content\/uploads\/2023\/09\/cafe_2-768x768.jpg 768w, https:\/\/beantobliss.com\/wp-content\/uploads\/2023\/09\/cafe_2-1536x1536.jpg 1536w, https:\/\/beantobliss.com\/wp-content\/uploads\/2023\/09\/cafe_2-12x12.jpg 12w, https:\/\/beantobliss.com\/wp-content\/uploads\/2023\/09\/cafe_2-550x550.jpg 550w, https:\/\/beantobliss.com\/wp-content\/uploads\/2023\/09\/cafe_2-1100x1100.jpg 1100w\" sizes=\"auto, (max-width: 1600px) 100vw, 1600px\" \/>\t\t\t\t\t\t\t\t\t\t\t\t<\/div>\n\t<\/div>\n\t<div class=\"edgtf-iwt-text-holder\">\n\t\t\t\t<h5 class=\"edgtf-iwt-title\" style=\"color: #303030\">K\u00d6MOREBI - PROCESO NATURAL<\/h5>\n\t\t\t\t<p class=\"edgtf-iwt-text\" style=\"color: #666666\">Caf\u00e9 de Tarraz\u00fa. Finca exclusiva. Producci\u00f3n de Microlotes. Proceso Natural: conservaci\u00f3n completa de la pulpa y la c\u00e1scara de los granos de caf\u00e9, mismos que se secan con \u00e9stas para ser posteriormente removidas. Notas de Sabor: Melocot\u00f3n dulce, fresa, cereza, higos. Tueste Medio. 500 gramos.<\/p>\n\t<\/div>\n<\/div><div class=\"vc_empty_space\"   style=\"height: 50px\"><span class=\"vc_empty_space_inner\"><\/span><\/div><\/div><\/div><\/div><div class=\"wpb_column vc_column_container vc_col-sm-3\"><div class=\"vc_column-inner\"><div class=\"wpb_wrapper\"><div class=\"edgtf-image-with-text-holder edgtf-image-behavior-\">\n\t<div class=\"edgtf-iwt-image\">\n\t\t<div class=\"edgtf-iwt-image-wrapper\">\n\t\t\t\t\t\t\t\t\t\t\t\t\t\t<img loading=\"lazy\" decoding=\"async\" width=\"1600\" height=\"1600\" src=\"https:\/\/beantobliss.com\/wp-content\/uploads\/2023\/09\/cafe_4.jpg\" class=\"attachment-full size-full\" alt=\"\" srcset=\"https:\/\/beantobliss.com\/wp-content\/uploads\/2023\/09\/cafe_4.jpg 1600w, https:\/\/beantobliss.com\/wp-content\/uploads\/2023\/09\/cafe_4-300x300.jpg 300w, https:\/\/beantobliss.com\/wp-content\/uploads\/2023\/09\/cafe_4-1024x1024.jpg 1024w, https:\/\/beantobliss.com\/wp-content\/uploads\/2023\/09\/cafe_4-150x150.jpg 150w, https:\/\/beantobliss.com\/wp-content\/uploads\/2023\/09\/cafe_4-768x768.jpg 768w, https:\/\/beantobliss.com\/wp-content\/uploads\/2023\/09\/cafe_4-1536x1536.jpg 1536w, https:\/\/beantobliss.com\/wp-content\/uploads\/2023\/09\/cafe_4-12x12.jpg 12w, https:\/\/beantobliss.com\/wp-content\/uploads\/2023\/09\/cafe_4-550x550.jpg 550w, https:\/\/beantobliss.com\/wp-content\/uploads\/2023\/09\/cafe_4-1100x1100.jpg 1100w\" sizes=\"auto, (max-width: 1600px) 100vw, 1600px\" \/>\t\t\t\t\t\t\t\t\t\t\t\t<\/div>\n\t<\/div>\n\t<div class=\"edgtf-iwt-text-holder\">\n\t\t\t\t<h5 class=\"edgtf-iwt-title\" style=\"color: #303030\">K\u00d6MOREBI - BLACK HONEY<\/h5>\n\t\t\t\t<p class=\"edgtf-iwt-text\" style=\"color: #666666\">Caf\u00e9 de Tarraz\u00fa. Finca exclusiva. Producci\u00f3n de Microlotes. Proceso Black Honey: conservaci\u00f3n completa de la pulpa (muc\u00edlago) de los granos de caf\u00e9, se seca con \u00e9sta, la cual le aporta un sabor m\u00e1s dulce a \u00e9stos. Tueste Medio. Notas de Sabor: Dulce de Ca\u00f1a, Almendras, C\u00edtricas (Ciruela y Mango), cuerpo cremoso. Producido a m\u00e1s de 1500 msnm. Presentaci\u00f3n molido y en grano. 240 gramos.<\/p>\n\t<\/div>\n<\/div><div class=\"vc_empty_space\"   style=\"height: 50px\"><span class=\"vc_empty_space_inner\"><\/span><\/div><\/div><\/div><\/div><\/div><\/div><div class=\"edgtf-row-grid-section\"><div class=\"vc_row wpb_row vc_inner vc_row-fluid edgtf-content-aligment-center\"><div class=\"wpb_column vc_column_container vc_col-sm-3 vc_col-lg-3 vc_col-md-6 vc_col-xs-12\"><div class=\"vc_column-inner vc_custom_1489159283161\"><div class=\"wpb_wrapper\"><div class=\"edgtf-image-with-text-holder edgtf-image-behavior-\">\n\t<div class=\"edgtf-iwt-image\">\n\t\t<div class=\"edgtf-iwt-image-wrapper\">\n\t\t\t\t\t\t\t\t\t\t\t\t\t\t<img loading=\"lazy\" decoding=\"async\" width=\"1600\" height=\"1600\" src=\"https:\/\/beantobliss.com\/wp-content\/uploads\/2023\/09\/cafe_1.jpg\" class=\"attachment-full size-full\" alt=\"\" srcset=\"https:\/\/beantobliss.com\/wp-content\/uploads\/2023\/09\/cafe_1.jpg 1600w, https:\/\/beantobliss.com\/wp-content\/uploads\/2023\/09\/cafe_1-300x300.jpg 300w, https:\/\/beantobliss.com\/wp-content\/uploads\/2023\/09\/cafe_1-1024x1024.jpg 1024w, https:\/\/beantobliss.com\/wp-content\/uploads\/2023\/09\/cafe_1-150x150.jpg 150w, https:\/\/beantobliss.com\/wp-content\/uploads\/2023\/09\/cafe_1-768x768.jpg 768w, https:\/\/beantobliss.com\/wp-content\/uploads\/2023\/09\/cafe_1-1536x1536.jpg 1536w, https:\/\/beantobliss.com\/wp-content\/uploads\/2023\/09\/cafe_1-12x12.jpg 12w, https:\/\/beantobliss.com\/wp-content\/uploads\/2023\/09\/cafe_1-550x550.jpg 550w, https:\/\/beantobliss.com\/wp-content\/uploads\/2023\/09\/cafe_1-1100x1100.jpg 1100w\" sizes=\"auto, (max-width: 1600px) 100vw, 1600px\" \/>\t\t\t\t\t\t\t\t\t\t\t\t<\/div>\n\t<\/div>\n\t<div class=\"edgtf-iwt-text-holder\">\n\t\t\t\t<h5 class=\"edgtf-iwt-title\" style=\"color: #303030\">K\u00d6MOREBI - BLACK HONEY<\/h5>\n\t\t\t\t<p class=\"edgtf-iwt-text\" style=\"color: #666666\">Caf\u00e9 de Tarraz\u00fa. Finca exclusiva. Producci\u00f3n de Microlotes. Proceso Black Honey: conservaci\u00f3n completa de la pulpa (muc\u00edlago) de los granos de caf\u00e9, se seca con \u00e9sta, la cual le aporta un sabor m\u00e1s dulce a \u00e9stos. Tueste Medio. Notas de Sabor: Dulce de Ca\u00f1a, Almendras, C\u00edtricas (Ciruela y Mango), cuerpo cremoso. Producido a m\u00e1s de 1500 msnm. Presentaci\u00f3n molido y en grano. 500 gramos.<\/p>\n\t<\/div>\n<\/div><div class=\"vc_empty_space\"   style=\"height: 50px\"><span class=\"vc_empty_space_inner\"><\/span><\/div><\/div><\/div><\/div><div class=\"wpb_column vc_column_container vc_col-sm-3 vc_col-lg-3 vc_col-md-6 vc_col-xs-12\"><div class=\"vc_column-inner vc_custom_1489159292145\"><div class=\"wpb_wrapper\"><div class=\"vc_empty_space\"   style=\"height: 50px\"><span class=\"vc_empty_space_inner\"><\/span><\/div><\/div><\/div><\/div><div class=\"wpb_column vc_column_container vc_col-sm-3\"><div class=\"vc_column-inner\"><div class=\"wpb_wrapper\"><div class=\"vc_empty_space\"   style=\"height: 50px\"><span class=\"vc_empty_space_inner\"><\/span><\/div><\/div><\/div><\/div><div class=\"wpb_column vc_column_container vc_col-sm-3\"><div class=\"vc_column-inner\"><div class=\"wpb_wrapper\"><div class=\"vc_empty_space\"   style=\"height: 50px\"><span class=\"vc_empty_space_inner\"><\/span><\/div><\/div><\/div><\/div><\/div><\/div><\/div><\/div><\/div><\/div><div class=\"vc_row wpb_row vc_row-fluid\"><div class=\"wpb_column vc_column_container vc_col-sm-12\"><div class=\"vc_column-inner\"><div class=\"wpb_wrapper\"><div class=\"vc_empty_space\"   style=\"height: 100px\"><span class=\"vc_empty_space_inner\"><\/span><\/div><\/div><\/div><\/div><\/div>\n<\/div>","protected":false},"excerpt":{"rendered":"CAF\u00c9 MOLIDO Y EN GRANO K\u00d6MOREBI ESPECIAL - NATURAL Caf\u00e9 de Tarraz\u00fa. Finca exclusiva. Producci\u00f3n de Microlotes. Proceso Natural: conservaci\u00f3n completa de la pulpa y la c\u00e1scara de los granos de caf\u00e9, mismos que se secan con \u00e9stas para ser [...]","protected":false},"author":1,"featured_media":0,"parent":11428,"menu_order":0,"comment_status":"closed","ping_status":"closed","template":"full-width.php","meta":{"_joinchat":[],"footnotes":""},"class_list":["post-13227","page","type-page","status-publish","hentry"],"_links":{"self":[{"href":"https:\/\/beantobliss.com\/en\/wp-json\/wp\/v2\/pages\/13227","targetHints":{"allow":["GET"]}}],"collection":[{"href":"https:\/\/beantobliss.com\/en\/wp-json\/wp\/v2\/pages"}],"about":[{"href":"https:\/\/beantobliss.com\/en\/wp-json\/wp\/v2\/types\/page"}],"author":[{"embeddable":true,"href":"https:\/\/beantobliss.com\/en\/wp-json\/wp\/v2\/users\/1"}],"replies":[{"embeddable":true,"href":"https:\/\/beantobliss.com\/en\/wp-json\/wp\/v2\/comments?post=13227"}],"version-history":[{"count":0,"href":"https:\/\/beantobliss.com\/en\/wp-json\/wp\/v2\/pages\/13227\/revisions"}],"up":[{"embeddable":true,"href":"https:\/\/beantobliss.com\/en\/wp-json\/wp\/v2\/pages\/11428"}],"wp:attachment":[{"href":"https:\/\/beantobliss.com\/en\/wp-json\/wp\/v2\/media?parent=13227"}],"curies":[{"name":"wp","href":"https:\/\/api.w.org\/{rel}","templated":true}]}}